{"id":5389,"date":"2018-08-01T16:33:25","date_gmt":"2018-08-01T16:33:25","guid":{"rendered":"http:\/\/trenaferragens1.hospedagemdesites.ws\/produto\/import-placeholder-for-8395\/"},"modified":"2018-08-01T16:34:36","modified_gmt":"2018-08-01T16:34:36","slug":"carbolastico-laje","status":"publish","type":"product","link":"https:\/\/trenaferragens.com.br\/?product=carbolastico-laje","title":{"rendered":"Carbol\u00e1stico Laje"},"content":{"rendered":"<p>Carbol\u00e1stico Laje<\/p>\n<p><strong>VEDACIT<\/strong><\/p>\n<p>A OTTO BAUMGART, hoje conhecida como VEDACIT \u00e9 personagem importante na constru\u00e7\u00e3o civil brasileira: n\u00e3o s\u00f3 participou de grandes obras, como Usina de Itaipu e Ponte Estaiada Octavio Frias de Oliveira, como tamb\u00e9m \u00e9 respons\u00e1vel pela maior parte de produtos qu\u00edmicos para constru\u00e7\u00e3o no pa\u00eds.<\/p>\n<p>Os produtos Vedacit, como: impermeabilizantes, aditivos para concretos e argamassas, desmoldantes, adesivos, pinturas asf\u00e1lticas, mantas l\u00edquidas, revestimentos, m\u00e1stiques, tintas, imunizantes para madeira, prote\u00e7\u00e3o superficial e argamassas, oferecem seguran\u00e7a \u2013 caracter\u00edstica conquistada pelos testes realizados continuamente em seus modernos laborat\u00f3rios de pesquisa e desenvolvimento, al\u00e9m, claro, da experi\u00eancia acumulada desde 1936.<\/p>\n<p>Atualmente, a Vedacit possui 2 f\u00e1bricas, em S\u00e3o Paulo e Salvador, atendem 30 mil pontos de venda, atendidos por 09 filiais e mais de 100 representantes que atuam em todos os estados brasileiros e conta com distribuidores em pa\u00edses da Am\u00e9rica Latina, como Bol\u00edvia, Chile, Paraguai e Uruguai.<\/p>\n","protected":false},"excerpt":{"rendered":"<p>Carbol\u00e1stico Laje<\/p>\n<p>DISPON\u00cdVEL NAS OP\u00c7\u00d5ES:<\/p>\n<p>Balde 4kg \/ Balde 20kg<\/p>\n<div>\n<div>CARBOL\u00c1STICO LAJE \u00e9 uma massa asf\u00e1ltica que forma uma camada imperme\u00e1vel de grande durabilidade sobre a estrutura; De aplica\u00e7\u00e3o a frio sem emendas, est\u00e1 pronta para uso e \u00e9 moldada no local.<\/div>\n<div>\n<h3>CARACTER\u00cdSTICAS<\/h3>\n<p>Densidade: 1,15 g\/cm\u00b3<br \/>\nApar\u00eancia: Preto(a)<br \/>\nComposi\u00e7\u00e3o b\u00e1sica: Emuls\u00e3o asf\u00e1ltica.<br \/>\nValidade: 24 meses<\/p>\n<\/div>\n<h4 id=\"titulo-aplicacao\">CAMPOS DE APLICA\u00c7\u00c3O<\/h4>\n<ul id=\"lista-aplicacao\">\n<li>-\u00e1reas molhadas e molh\u00e1veis (banheiros, sacadas, varandas, cozinhas e \u00e1reas de servi\u00e7os);<\/li>\n<li>-lajes at\u00e9 30 m\u00b2;<\/li>\n<li>-jardineiras e floreiras;<\/li>\n<li>-calhas de concreto.<\/li>\n<\/ul>\n<\/div>\n","protected":false},"featured_media":5434,"comment_status":"open","ping_status":"closed","template":"","meta":[],"product_cat":[166],"product_tag":[1988],"_links":{"self":[{"href":"https:\/\/trenaferragens.com.br\/index.php?rest_route=\/wp\/v2\/product\/5389"}],"collection":[{"href":"https:\/\/trenaferragens.com.br\/index.php?rest_route=\/wp\/v2\/product"}],"about":[{"href":"https:\/\/trenaferragens.com.br\/index.php?rest_route=\/wp\/v2\/types\/product"}],"replies":[{"embeddable":true,"href":"https:\/\/trenaferragens.com.br\/index.php?rest_route=%2Fwp%2Fv2%2Fcomments&post=5389"}],"wp:featuredmedia":[{"embeddable":true,"href":"https:\/\/trenaferragens.com.br\/index.php?rest_route=\/wp\/v2\/media\/5434"}],"wp:attachment":[{"href":"https:\/\/trenaferragens.com.br\/index.php?rest_route=%2Fwp%2Fv2%2Fmedia&parent=5389"}],"wp:term":[{"taxonomy":"product_cat","embeddable":true,"href":"https:\/\/trenaferragens.com.br\/index.php?rest_route=%2Fwp%2Fv2%2Fproduct_cat&post=5389"},{"taxonomy":"product_tag","embeddable":true,"href":"https:\/\/trenaferragens.com.br\/index.php?rest_route=%2Fwp%2Fv2%2Fproduct_tag&post=5389"}],"curies":[{"name":"wp","href":"https:\/\/api.w.org\/{rel}","templated":true}]}}