{"id":5391,"date":"2018-08-01T16:33:26","date_gmt":"2018-08-01T16:33:26","guid":{"rendered":"http:\/\/trenaferragens1.hospedagemdesites.ws\/produto\/import-placeholder-for-8424\/"},"modified":"2018-08-01T16:34:40","modified_gmt":"2018-08-01T16:34:40","slug":"oleo-anticorrosivo-wd-40-300ml","status":"publish","type":"product","link":"https:\/\/trenaferragens.com.br\/?product=oleo-anticorrosivo-wd-40-300ml","title":{"rendered":"\u00d3leo Anticorrosivo WD-40 300ML"},"content":{"rendered":"<p>\u00d3leo Anticorrosivo WD-40 300ML<\/p>\n<p><span style=\"font-size: 14.4px\">WD-40<\/span><\/p>\n<p><span style=\"font-size: 14.4px\">A latinha azul e amarela de WD-40 Produtos Multiusos tem sido por mais de 60 anos a grande favorita para solucionar os mais diversos tipos de problemas ao redor do mundo. Mas a que se deve todo este sucesso? Hoje n\u00f3s temos WD-40 Produtos Multiusos em casa, na garagem, no trabalho, no lazer&#8230; e onde mais precisarmos, inclusive para usos fora do comum. Olhando para o passado, podemos ver que desde que foi criado, WD-40 Produto Multiusos vem sendo utilizado pelos mais diversos tipos de pessoas, de gera\u00e7\u00e3o para gera\u00e7\u00e3o ao longo do tempo.<\/span><\/p>\n","protected":false},"excerpt":{"rendered":"<p>\u00d3leo Anticorrosivo WD-40 300ML<\/p>\n<p>WD-40\u00ae Produto Multiusos 300ml Aerossol \u00e9 o mais conhecido no Brasil. Ideal para usar em casa, no trabalho, no carro, etc. Possui v\u00e1lvula 180\u00ba exclusiva que permite o uso com a lata de cabe\u00e7a para baixo. Pode ser encontrado em todas as lojas de ferragens, ferramentas, super e hipermercados, homecenters, auto-pe\u00e7as, postos de gasolina e etc. Borrife diretamente as pe\u00e7as e superf\u00edcies para lubrificar, proteger, limpar, eliminar umidade e penetrar. Com a ajuda do canudo extensor, alcance lugares de dif\u00edcil acesso.<\/p>\n","protected":false},"featured_media":5439,"comment_status":"open","ping_status":"closed","template":"","meta":[],"product_cat":[1855],"product_tag":[1990],"_links":{"self":[{"href":"https:\/\/trenaferragens.com.br\/index.php?rest_route=\/wp\/v2\/product\/5391"}],"collection":[{"href":"https:\/\/trenaferragens.com.br\/index.php?rest_route=\/wp\/v2\/product"}],"about":[{"href":"https:\/\/trenaferragens.com.br\/index.php?rest_route=\/wp\/v2\/types\/product"}],"replies":[{"embeddable":true,"href":"https:\/\/trenaferragens.com.br\/index.php?rest_route=%2Fwp%2Fv2%2Fcomments&post=5391"}],"wp:featuredmedia":[{"embeddable":true,"href":"https:\/\/trenaferragens.com.br\/index.php?rest_route=\/wp\/v2\/media\/5439"}],"wp:attachment":[{"href":"https:\/\/trenaferragens.com.br\/index.php?rest_route=%2Fwp%2Fv2%2Fmedia&parent=5391"}],"wp:term":[{"taxonomy":"product_cat","embeddable":true,"href":"https:\/\/trenaferragens.com.br\/index.php?rest_route=%2Fwp%2Fv2%2Fproduct_cat&post=5391"},{"taxonomy":"product_tag","embeddable":true,"href":"https:\/\/trenaferragens.com.br\/index.php?rest_route=%2Fwp%2Fv2%2Fproduct_tag&post=5391"}],"curies":[{"name":"wp","href":"https:\/\/api.w.org\/{rel}","templated":true}]}}