{"id":5392,"date":"2018-08-01T16:33:26","date_gmt":"2018-08-01T16:33:26","guid":{"rendered":"http:\/\/trenaferragens1.hospedagemdesites.ws\/produto\/import-placeholder-for-8426\/"},"modified":"2021-01-13T12:22:18","modified_gmt":"2021-01-13T12:22:18","slug":"cimento-maua-25kg","status":"publish","type":"product","link":"https:\/\/trenaferragens.com.br\/?product=cimento-maua-25kg","title":{"rendered":"Cimento Mau\u00e1 25KG"},"content":{"rendered":"<p><span style=\"font-size: 14.4px\">Cimento Mau\u00e1 25KG<\/span><\/p>\n<p><span style=\"font-size: 14.4px\">CIMENTO MAU\u00c1<\/span><\/p>\n<p><span style=\"font-size: 14.4px\">Qualidade superior, alto desempenho e tradi\u00e7\u00e3o de mais de 85 anos fazem do Cimento Mau\u00e1 a marca de cimento preferida no Rio de Janeiro. Uma qualidade que construiu os principais cart\u00f5es-postais cariocas, como o Cristo Redentor, o Est\u00e1dio do Maracan\u00e3, a ponte Rio-Niter\u00f3i e o cal\u00e7ad\u00e3o de Copacabana. Com uma hist\u00f3ria dessas, voc\u00ea j\u00e1 sabe: pra fazer bonito em grandes ou pequenas obras, escolha Cimento Mau\u00e1. Melhor n\u00e3o h\u00e1.<\/span><\/p>\n","protected":false},"excerpt":{"rendered":"<p><span style=\"font-size: 14.4px\">Cimento Mau\u00e1 25KG<\/span><\/p>\n<p>Com pequena adi\u00e7\u00e3o de filer na sua composi\u00e7\u00e3o, tem colora\u00e7\u00e3o uniforme, maior reatividade e alto desempenho para acabamento em concreto e argamassa. Pode ser utilizado em concretos estruturais e convencionais, argamassas, artefatos de concreto, calda de inje\u00e7\u00e3o e na maioria das aplica\u00e7\u00f5es usuais (vigas, lajes, chapiscos e revestimentos).<\/p>\n","protected":false},"featured_media":5440,"comment_status":"open","ping_status":"closed","template":"","meta":[],"product_cat":[1094,178],"product_tag":[1991],"_links":{"self":[{"href":"https:\/\/trenaferragens.com.br\/index.php?rest_route=\/wp\/v2\/product\/5392"}],"collection":[{"href":"https:\/\/trenaferragens.com.br\/index.php?rest_route=\/wp\/v2\/product"}],"about":[{"href":"https:\/\/trenaferragens.com.br\/index.php?rest_route=\/wp\/v2\/types\/product"}],"replies":[{"embeddable":true,"href":"https:\/\/trenaferragens.com.br\/index.php?rest_route=%2Fwp%2Fv2%2Fcomments&post=5392"}],"wp:featuredmedia":[{"embeddable":true,"href":"https:\/\/trenaferragens.com.br\/index.php?rest_route=\/wp\/v2\/media\/5440"}],"wp:attachment":[{"href":"https:\/\/trenaferragens.com.br\/index.php?rest_route=%2Fwp%2Fv2%2Fmedia&parent=5392"}],"wp:term":[{"taxonomy":"product_cat","embeddable":true,"href":"https:\/\/trenaferragens.com.br\/index.php?rest_route=%2Fwp%2Fv2%2Fproduct_cat&post=5392"},{"taxonomy":"product_tag","embeddable":true,"href":"https:\/\/trenaferragens.com.br\/index.php?rest_route=%2Fwp%2Fv2%2Fproduct_tag&post=5392"}],"curies":[{"name":"wp","href":"https:\/\/api.w.org\/{rel}","templated":true}]}}