{"id":5403,"date":"2018-08-01T16:33:50","date_gmt":"2018-08-01T16:33:50","guid":{"rendered":"http:\/\/trenaferragens1.hospedagemdesites.ws\/produto\/import-placeholder-for-8433\/"},"modified":"2018-08-01T16:34:46","modified_gmt":"2018-08-01T16:34:46","slug":"torneira-cozinha-parede-1171-gourmet-c-100-1-4-volta","status":"publish","type":"product","link":"https:\/\/trenaferragens.com.br\/?product=torneira-cozinha-parede-1171-gourmet-c-100-1-4-volta","title":{"rendered":"Torneira Cozinha Parede 1171 Gourmet C-100 1\/4 Volta"},"content":{"rendered":"<p>Torneira Cozinha Parede 1171 Gourmet C-100 1\/4 Volta<\/p>\n<h2 class=\"titulo_empresa\">Talita Metais<\/h2>\n<p class=\"titulo_empresa\">A marca Talita, sin\u00f4nimo de qualidade e tradi\u00e7\u00e3o,\u00a0conquistou o mercado com qualidade reconhecida atrav\u00e9s do seu admir\u00e1vel desenvolvimento e esfor\u00e7o, traduzido no trabalho de cada dia e pela capacidade profissional e dedica\u00e7\u00e3o de muitos colaboradores.<\/p>\n<div class=\"texto_empresa\">\n<p>Adotando uma pol\u00edtica de expans\u00e3o e em alto grau de confiabilidade, foi fundada em outubro de 1999 pelo propriet\u00e1rio Sr. Jos\u00e9 Bento Sim\u00f5es.<\/p>\n<p>Est\u00e1 instalada em Loanda, no estado do Paran\u00e1, numa \u00e1rea total de\u00a010.000 metros quadrados constru\u00eddos.<\/p>\n<p>A Talita Metais sabe o quanto \u00e9 importante sua qualidade de vida, por isso desenvolveu um dos mais sofisticados processos de industrializa\u00e7\u00e3o para o bem de nossos funcion\u00e1rios e de toda a comunidade.<\/p>\n<\/div>\n<p>&nbsp;<\/p>\n","protected":false},"excerpt":{"rendered":"<div id=\"categoria_selecionada\" class=\"selecionado_box\">\n<div class=\"selecionado_box_descricao\">\n<p>Torneira Cozinha Parede 1171 Gourmet C-100 1\/4 Volta<\/p>\n<p>C\u00f3digo de F\u00e1brica:<\/p>\n<p><span style=\"font-size: 14.4px\">24025091<\/span><\/p>\n<p>&nbsp;<\/p>\n<\/div>\n<\/div>\n","protected":false},"featured_media":5441,"comment_status":"open","ping_status":"closed","template":"","meta":[],"product_cat":[1992],"product_tag":[1993],"_links":{"self":[{"href":"https:\/\/trenaferragens.com.br\/index.php?rest_route=\/wp\/v2\/product\/5403"}],"collection":[{"href":"https:\/\/trenaferragens.com.br\/index.php?rest_route=\/wp\/v2\/product"}],"about":[{"href":"https:\/\/trenaferragens.com.br\/index.php?rest_route=\/wp\/v2\/types\/product"}],"replies":[{"embeddable":true,"href":"https:\/\/trenaferragens.com.br\/index.php?rest_route=%2Fwp%2Fv2%2Fcomments&post=5403"}],"wp:featuredmedia":[{"embeddable":true,"href":"https:\/\/trenaferragens.com.br\/index.php?rest_route=\/wp\/v2\/media\/5441"}],"wp:attachment":[{"href":"https:\/\/trenaferragens.com.br\/index.php?rest_route=%2Fwp%2Fv2%2Fmedia&parent=5403"}],"wp:term":[{"taxonomy":"product_cat","embeddable":true,"href":"https:\/\/trenaferragens.com.br\/index.php?rest_route=%2Fwp%2Fv2%2Fproduct_cat&post=5403"},{"taxonomy":"product_tag","embeddable":true,"href":"https:\/\/trenaferragens.com.br\/index.php?rest_route=%2Fwp%2Fv2%2Fproduct_tag&post=5403"}],"curies":[{"name":"wp","href":"https:\/\/api.w.org\/{rel}","templated":true}]}}