{"id":5409,"date":"2018-08-01T16:33:54","date_gmt":"2018-08-01T16:33:54","guid":{"rendered":"http:\/\/trenaferragens1.hospedagemdesites.ws\/produto\/import-placeholder-for-8447\/"},"modified":"2018-08-01T16:34:53","modified_gmt":"2018-08-01T16:34:53","slug":"acabamento-exacta","status":"publish","type":"product","link":"https:\/\/trenaferragens.com.br\/?product=acabamento-exacta","title":{"rendered":"Acabamento Exacta"},"content":{"rendered":"<p>Acabamento Exacta<\/p>\n<p>FABRIMAR<\/p>\n<p>Sobre a Fabrimar: Fundada em 1962, a Fabrimar, tradicional fabricante de metais para cozinhas e banheiros, chega aos seus 50 anos com uma linha de mais de 4 mil produtos. Com um parque industrial de 50.000m\u00b2 de \u00e1rea total e 33.000m\u00b2 de \u00e1rea constru\u00edda, localizado na zona norte do Rio de Janeiro, a companhia possui cerca de 1.100 funcion\u00e1rios, al\u00e9m de escrit\u00f3rios de venda nas principais capitais, representantes e assist\u00eancia t\u00e9cnica em todo Brasil. \u00c9 pioneira em participar do Programa Brasileiro de Qualidade e Produtividade do Habitat (PBQP-H), avalia\u00e7\u00e3o do governo federal que garante a qualidade dos produtos usados na constru\u00e7\u00e3o civil. Para estar dentro do programa, a Fabrimar \u00e9 auditada por seus t\u00e9cnicos a cada tr\u00eas meses, renovando assim o certificado. Al\u00e9m da preocupa\u00e7\u00e3o em oferecer produtos e solu\u00e7\u00f5es com qualidade e alta durabilidade, todos com dez anos de garantia, a empresa levanta a bandeira do uso racional da \u00e1gua com o desenvolvimento de mais de 150 produtos e acess\u00f3rios economizadores para uso residencial e p\u00fablico.<\/p>\n<p>A Fabrimar\u00a0possu\u00ed\u00a0linhas completas de metais sanit\u00e1rios com design plano, quadrangular e linhas retas para o segmento luxo. Com o intuito de oferecer um desenho minimalista e elegante, as linhas foram desenvolvidas exclusivamente para a marca e composta de misturadores, torneiras de bancadas e parede, al\u00e9m de duchas higi\u00eanicas e acabamentos.<\/p>\n","protected":false},"excerpt":{"rendered":"<p>Acabamento Exacta<\/p>\n<p>DISPON\u00cdVEL NAS OP\u00c7\u00d5ES:<\/p>\n<p>T1 \/ T2 \/ T3<\/p>\n<p class=\"font-light font-gray texto-produto\">Praticidade\u200b, conforto \u200be qualidade em seu banheiro. A linha Exacta Fabrimar apresenta design moderno e combina com diversos estilos. ACABAMENTO EXACTA CR FABRIMAR 1\/2 E 3\/4 Ref. A1-EXA-CR ACABAMENTO EXACTA CR FABRIMAR 1 1\/4 E 1 1\/2 Ref. A3-EXA-CR ACABAMENTO EXACTA CR REGISTRO GAVETA FABRIMAR 1 Ref. A2-EXA-CR ACABAMENTO EXACTA CR BASE DECA 1\/2 , 3\/4 E 1 Ref. A-PQ-DEC-EXA-CR ACABAMENTO EXACTA CR BASE DECA 1 1\/4 E 1 1\/2 Ref. A-GD-DEC-EXA-CR ACABAMENTO EXACTA CR BASE DOCOL 1\/2 , 3\/4 E 1 Ref.. A-PQ-DOC-EXA-CR ACABAMENTO EXACTA CR BASE DOCOL 1 1\/4 E 1 1\/2 Ref. A-GD-DOC-EXA-CR<\/p>\n","protected":false},"featured_media":5447,"comment_status":"open","ping_status":"closed","template":"","meta":[],"product_cat":[212,1188],"product_tag":[1999],"_links":{"self":[{"href":"https:\/\/trenaferragens.com.br\/index.php?rest_route=\/wp\/v2\/product\/5409"}],"collection":[{"href":"https:\/\/trenaferragens.com.br\/index.php?rest_route=\/wp\/v2\/product"}],"about":[{"href":"https:\/\/trenaferragens.com.br\/index.php?rest_route=\/wp\/v2\/types\/product"}],"replies":[{"embeddable":true,"href":"https:\/\/trenaferragens.com.br\/index.php?rest_route=%2Fwp%2Fv2%2Fcomments&post=5409"}],"wp:featuredmedia":[{"embeddable":true,"href":"https:\/\/trenaferragens.com.br\/index.php?rest_route=\/wp\/v2\/media\/5447"}],"wp:attachment":[{"href":"https:\/\/trenaferragens.com.br\/index.php?rest_route=%2Fwp%2Fv2%2Fmedia&parent=5409"}],"wp:term":[{"taxonomy":"product_cat","embeddable":true,"href":"https:\/\/trenaferragens.com.br\/index.php?rest_route=%2Fwp%2Fv2%2Fproduct_cat&post=5409"},{"taxonomy":"product_tag","embeddable":true,"href":"https:\/\/trenaferragens.com.br\/index.php?rest_route=%2Fwp%2Fv2%2Fproduct_tag&post=5409"}],"curies":[{"name":"wp","href":"https:\/\/api.w.org\/{rel}","templated":true}]}}