{"id":5612,"date":"2018-11-29T13:01:53","date_gmt":"2018-11-29T13:01:53","guid":{"rendered":"http:\/\/trenaferragens1.hospedagemdesites.ws\/?post_type=product&#038;p=5612"},"modified":"2018-11-29T13:01:57","modified_gmt":"2018-11-29T13:01:57","slug":"tubo-de-ligacao-ajustavel-pvc","status":"publish","type":"product","link":"https:\/\/trenaferragens.com.br\/?product=tubo-de-ligacao-ajustavel-pvc","title":{"rendered":"Tubo de Liga\u00e7\u00e3o Ajust\u00e1vel PVC"},"content":{"rendered":"<p>Tubo de Liga\u00e7\u00e3o Ajust\u00e1vel PVC<\/p>\n<p>BLUKIT<\/p>\n<p>A Blukit iniciou suas atividades em 1989 na cidade de Blumenau, Santa Catarina, quando lan\u00e7ou no mercado um produto inovador e inusitado para a \u00e9poca batizando-o como Kit Conversor para Registros. Esse produto projetou a empresa por possibilitar o interc\u00e2mbio entre bases de registros e acabamentos das mais variadas marcas dispon\u00edveis no mercado, fato imposs\u00edvel at\u00e9 o seu surgimento.<\/p>\n<p>Com o sucesso do Kit Conversor foi poss\u00edvel o desenvolvimento de uma s\u00e9rie de outros produtos, sempre voltados \u00e0 solu\u00e7\u00e3o dos problemas de instala\u00e7\u00f5es hidr\u00e1ulicas, filosofia esta que a empresa adota at\u00e9 os dias de hoje, tornando-a especialista em Reparos para Registros e Torneiras, Conex\u00f5es, Tubos Extensivos e demais Acess\u00f3rios utilizados no segmento.<\/p>\n","protected":false},"excerpt":{"rendered":"<p>Tubo de Liga\u00e7\u00e3o Ajust\u00e1vel PVC<\/p>\n<p>Refer\u00eancia: 030446<\/p>\n<p>Material: Pl\u00e1sticos de Engenharia\u00a0<\/p>\n<p>Acabamento: Cromado<\/p>\n<p>Comprimento: 240mm<\/p>\n","protected":false},"featured_media":5613,"comment_status":"open","ping_status":"closed","template":"","meta":[],"product_cat":[1191,1105],"product_tag":[2020,2019,2018,2017],"_links":{"self":[{"href":"https:\/\/trenaferragens.com.br\/index.php?rest_route=\/wp\/v2\/product\/5612"}],"collection":[{"href":"https:\/\/trenaferragens.com.br\/index.php?rest_route=\/wp\/v2\/product"}],"about":[{"href":"https:\/\/trenaferragens.com.br\/index.php?rest_route=\/wp\/v2\/types\/product"}],"replies":[{"embeddable":true,"href":"https:\/\/trenaferragens.com.br\/index.php?rest_route=%2Fwp%2Fv2%2Fcomments&post=5612"}],"wp:featuredmedia":[{"embeddable":true,"href":"https:\/\/trenaferragens.com.br\/index.php?rest_route=\/wp\/v2\/media\/5613"}],"wp:attachment":[{"href":"https:\/\/trenaferragens.com.br\/index.php?rest_route=%2Fwp%2Fv2%2Fmedia&parent=5612"}],"wp:term":[{"taxonomy":"product_cat","embeddable":true,"href":"https:\/\/trenaferragens.com.br\/index.php?rest_route=%2Fwp%2Fv2%2Fproduct_cat&post=5612"},{"taxonomy":"product_tag","embeddable":true,"href":"https:\/\/trenaferragens.com.br\/index.php?rest_route=%2Fwp%2Fv2%2Fproduct_tag&post=5612"}],"curies":[{"name":"wp","href":"https:\/\/api.w.org\/{rel}","templated":true}]}}