{"id":5614,"date":"2018-11-29T13:21:20","date_gmt":"2018-11-29T13:21:20","guid":{"rendered":"http:\/\/trenaferragens1.hospedagemdesites.ws\/?post_type=product&#038;p=5614"},"modified":"2018-11-29T15:32:17","modified_gmt":"2018-11-29T15:32:17","slug":"mola-p-porta-aerea-ppz200","status":"publish","type":"product","link":"https:\/\/trenaferragens.com.br\/?product=mola-p-porta-aerea-ppz200","title":{"rendered":"Mola P\/ Porta A\u00e9rea PPZ200"},"content":{"rendered":"<p>Mola P\/ Porta A\u00e9rea PPZ200<\/p>\n<p>De origem italiana, a Papaiz foi fundada no Brasil em 1952, por Luigi Papaiz, que com uma vis\u00e3o empreendedora transformou a marca em refer\u00eancia em cadeados e fechaduras.<\/p>\n<p>Presente em mais de 20 pa\u00edses, o portf\u00f3lio da Papaiz conta com cadeados, fechaduras residenciais e para m\u00f3veis, dobradi\u00e7as e acess\u00f3rios.<\/p>\n<p>Ao inserir o conceito de estilo e design no mundo dos cadeados e fechaduras resid\u00eanciais, a Papaiz \u00e9 reconhecida como empresa que dita tend\u00eanciais. As parcerias com nomes de destaque do design brasileiro fizeram com que os itens de seguran\u00e7a, aos poucos, se transformassem em objetos de desejo, resguardados de modo seguro e harmonioso.<\/p>\n<p>Em 2015, a Papaiz foi adquirida pelo gupo sueco ASSA ABLOY, que compreende mais de 400 empresas subsidi\u00e1rias em 70 pa\u00edses.<\/p>\n<p>No Brasil, desde 2005, a ASSA ABLOY Brasil adquiriu marcas nacionais de grande qualidade e prest\u00edgio entre os brasileiros como La Fonte, Papaiz, Silvana, Udinese, Metalika e Vault. Al\u00e9m das marcas locais, o Grupo possui uma infinidade de solu\u00e7\u00f5es de marcas internacionais como Yale, Securitron, Norton, Medeco, Hes, entre outras.<\/p>\n<p>Tanto no Brasil como no resto do mundo, a for\u00e7a do grupo \u00e9 a variedade de produtos tradicionais e principalmente os que agregam novas tecnologias e que podem ser combinados para criar solu\u00e7\u00f5es completas de seguran\u00e7a e de abertura de portas.<\/p>\n","protected":false},"excerpt":{"rendered":"<p>Mola P\/ Porta A\u00e9rea PPZ200<\/p>\n<p>DISPON\u00cdVEL NAS OP\u00c7\u00d5ES: Mola P\/ Porta A\u00e9rea PPZ200 Prata \/ Mola P\/ Porta A\u00e9rea PPZ200 Branca \/ Mola P\/ Porta A\u00e9rea PPZ200 Preta<\/p>\n<p>A Mola A\u00e9rea PPZ200 \u00e9 ideal para aplica\u00e7\u00f5es residenciais e escrit\u00f3rios em portas de tr\u00e1fego leve, como banheiros, cozinhas, \u00e1reas de servi\u00e7o, salas de reuni\u00f5es, entre outras. Muito utilizada por quem precisa otimizar o tempo de abertura e fechamento das portas.<\/p>\n<p>\u00bb Informa\u00e7\u00f5es T\u00e9cnicas:<\/p>\n<p>Dispon\u00edvel em tr\u00eas cores: Branco, Prata e Preto;<br \/>\nFor\u00e7a de fechamento: 2\/3\/4;<br \/>\nAjuste de for\u00e7a: Ajust\u00e1vel no bra\u00e7o;<br \/>\nLargura m\u00e1xima da porta: 850mm\/950mm\/1.100mm;<br \/>\nPeso m\u00e1ximo da porta: 40kg\/60kg\/80kg;<br \/>\nRevers\u00edvel \u00e0 direita ou \u00e0 esquerda;<br \/>\n\u00c2ngulo m\u00e1ximo de abertura: 160\u00ba\/160\u00ba\/145\u00ba;<br \/>\nResist\u00eancia \u00e0 corros\u00e3o: Alta;<br \/>\nTrafego: Leve;<br \/>\nPeso (l\u00edquido): 1,5kg;<br \/>\nAltura x Largura x Profundidade: 44 x 180 x 65mm;<br \/>\nGarantia: 1 ano.<\/p>\n","protected":false},"featured_media":5615,"comment_status":"open","ping_status":"closed","template":"","meta":[],"product_cat":[198],"product_tag":[2021,345,2022],"_links":{"self":[{"href":"https:\/\/trenaferragens.com.br\/index.php?rest_route=\/wp\/v2\/product\/5614"}],"collection":[{"href":"https:\/\/trenaferragens.com.br\/index.php?rest_route=\/wp\/v2\/product"}],"about":[{"href":"https:\/\/trenaferragens.com.br\/index.php?rest_route=\/wp\/v2\/types\/product"}],"replies":[{"embeddable":true,"href":"https:\/\/trenaferragens.com.br\/index.php?rest_route=%2Fwp%2Fv2%2Fcomments&post=5614"}],"wp:featuredmedia":[{"embeddable":true,"href":"https:\/\/trenaferragens.com.br\/index.php?rest_route=\/wp\/v2\/media\/5615"}],"wp:attachment":[{"href":"https:\/\/trenaferragens.com.br\/index.php?rest_route=%2Fwp%2Fv2%2Fmedia&parent=5614"}],"wp:term":[{"taxonomy":"product_cat","embeddable":true,"href":"https:\/\/trenaferragens.com.br\/index.php?rest_route=%2Fwp%2Fv2%2Fproduct_cat&post=5614"},{"taxonomy":"product_tag","embeddable":true,"href":"https:\/\/trenaferragens.com.br\/index.php?rest_route=%2Fwp%2Fv2%2Fproduct_tag&post=5614"}],"curies":[{"name":"wp","href":"https:\/\/api.w.org\/{rel}","templated":true}]}}