{"id":5618,"date":"2018-11-29T15:41:01","date_gmt":"2018-11-29T15:41:01","guid":{"rendered":"http:\/\/trenaferragens1.hospedagemdesites.ws\/?post_type=product&#038;p=5618"},"modified":"2018-11-29T15:41:04","modified_gmt":"2018-11-29T15:41:04","slug":"argamassa-super-graut-50mpa-sc-25k-quartzolit","status":"publish","type":"product","link":"https:\/\/trenaferragens.com.br\/?product=argamassa-super-graut-50mpa-sc-25k-quartzolit","title":{"rendered":"Argamassa Super Graut (50MPA) SC 25K Quartzolit"},"content":{"rendered":"<p>Argamassa Super Graut (50MPA) SC 25K Quartzolit<\/p>\n<p>QUARTZOLIT<\/p>\n<p>A\u00a0Weber\u00a0iniciou suas atividades na Fran\u00e7a em\u00a01904\u00a0e, atualmente, esta presente por toda a Europa, \u00c1sia e Am\u00e9rica do Sul. Foi incorporada ao\u00a0Grupo Saint-Gobain\u00a0em julho de 1996, emprega 9.500 pessoas e atua em 46\u00a0pa\u00edses.<br \/>\nO\u00a0Grupo Saint-Gobain\u00a0surgiu na Fran\u00e7a em\u00a01665. \u00c9 um dos maiores grupos industriais do mundo no mercado da constru\u00e7\u00e3o. Ele emprega 195.000 pessoas e atua em 64\u00a0pa\u00edses. Seu\u00a0faturamento, em 2013, foi\u00a0de 43,2 bilh\u00f5es de Euros.<\/p>\n","protected":false},"excerpt":{"rendered":"<p>Argamassa Super Graut (50MPA) SC 25K Quartzolit<\/p>\n<p>Graute industrializado, pronto para uso, que requer apenas a adi\u00e7\u00e3o da quantidade correta de \u00e1gua para a obten\u00e7\u00e3o de um material flu\u00eddo destinado ao grauteamento de se\u00e7\u00f5es confinadas. \u00c9 composto por cimento Portland, agregados minerais, aditivos especiais e fluidificantes.<\/p>\n","protected":false},"featured_media":5619,"comment_status":"open","ping_status":"closed","template":"","meta":[],"product_cat":[1116,1120],"product_tag":[2023,2025,2024],"_links":{"self":[{"href":"https:\/\/trenaferragens.com.br\/index.php?rest_route=\/wp\/v2\/product\/5618"}],"collection":[{"href":"https:\/\/trenaferragens.com.br\/index.php?rest_route=\/wp\/v2\/product"}],"about":[{"href":"https:\/\/trenaferragens.com.br\/index.php?rest_route=\/wp\/v2\/types\/product"}],"replies":[{"embeddable":true,"href":"https:\/\/trenaferragens.com.br\/index.php?rest_route=%2Fwp%2Fv2%2Fcomments&post=5618"}],"wp:featuredmedia":[{"embeddable":true,"href":"https:\/\/trenaferragens.com.br\/index.php?rest_route=\/wp\/v2\/media\/5619"}],"wp:attachment":[{"href":"https:\/\/trenaferragens.com.br\/index.php?rest_route=%2Fwp%2Fv2%2Fmedia&parent=5618"}],"wp:term":[{"taxonomy":"product_cat","embeddable":true,"href":"https:\/\/trenaferragens.com.br\/index.php?rest_route=%2Fwp%2Fv2%2Fproduct_cat&post=5618"},{"taxonomy":"product_tag","embeddable":true,"href":"https:\/\/trenaferragens.com.br\/index.php?rest_route=%2Fwp%2Fv2%2Fproduct_tag&post=5618"}],"curies":[{"name":"wp","href":"https:\/\/api.w.org\/{rel}","templated":true}]}}