{"id":5636,"date":"2018-11-29T16:54:42","date_gmt":"2018-11-29T16:54:42","guid":{"rendered":"http:\/\/trenaferragens1.hospedagemdesites.ws\/?post_type=product&#038;p=5636"},"modified":"2018-11-29T16:54:43","modified_gmt":"2018-11-29T16:54:43","slug":"broca-encaixe-videa-sds-plus","status":"publish","type":"product","link":"https:\/\/trenaferragens.com.br\/?product=broca-encaixe-videa-sds-plus","title":{"rendered":"Broca Encaixe V\u00eddea SDS Plus"},"content":{"rendered":"<p>Broca Encaixe V\u00eddea SDS Plus<\/p>\n<p>LOTUS<\/p>\n<p>A Lotus Comercial Ltda \u00e9 uma empresa jovem e din\u00e2mica, que em pouco tempo logrou conquistar posi\u00e7\u00e3o de destaque no mercado de importa\u00e7\u00e3o e\u00a0distribui\u00e7\u00e3o de ferramentas profissionais de qualidade.<br \/>\nA combina\u00e7\u00e3o sin\u00e9rgica e harm\u00f4nica de fabricantes e fornecedores altamente confi\u00e1veis, canais de distribui\u00e7\u00e3o especializados, equipe de vendas motivada e servi\u00e7os de apoio eficientes tem proporcionado \u00e0 Lotus r\u00e1pido desenvolvimento e perspectivas de crescimento ilimitadas.<\/p>\n<p>A Lotus oferece ampla variedade de ferramentas manuais de uso profissional, fabricadas de acordo com rigorosos padr\u00f5es de qualidade, com design, desempenho e acabamento equivalentes \u00e0s melhores marcas internacionais.\u00a0<\/p>\n<p>O permanente foco no mercado, com presen\u00e7a constante nas principais feiras do exterior e nos fornecedores e fabricantes internacionais, proporciona uma posi\u00e7\u00e3o privilegiada, que assegura constante amplia\u00e7\u00e3o da linha, com novos artigos de qualidade e pre\u00e7o altamente competitivos, garantindo presen\u00e7a destacada e duradoura das Ferramentas Profissionais Lotus nas casas especializadas.<\/p>\n","protected":false},"excerpt":{"rendered":"<p>Broca Encaixe V\u00eddea SDS Plus<\/p>\n<p>DISPON\u00cdVEL NAS OP\u00c7\u00d5ES:<\/p>\n<p>Broca Encaixe V\u00eddea SDS Plus 5mmX110mm<br \/>\nBroca Encaixe V\u00eddea SDS Plus 6mmX160mm<br \/>\nBroca Encaixe V\u00eddea SDS Plus 6mmX210mm<br \/>\nBroca Encaixe V\u00eddea SDS Plus 7mmX110mm<br \/>\nBroca Encaixe V\u00eddea SDS Plus 8mmX110mm<br \/>\nBroca Encaixe V\u00eddea SDS Plus 8mmX160mm<br \/>\nBroca Encaixe V\u00eddea SDS Plus 8mmX210mm<br \/>\nBroca Encaixe V\u00eddea SDS Plus 10mmX160mm<br \/>\nBroca Encaixe V\u00eddea SDS Plus 10mmX210mm<br \/>\nBroca Encaixe V\u00eddea SDS Plus 10mmX260mm<br \/>\nBroca Encaixe V\u00eddea SDS Plus 12mmX260mm<br \/>\nBroca Encaixe V\u00eddea SDS Plus 13mmX160mm<br \/>\nBroca Encaixe V\u00eddea SDS Plus 13mmX210mm<br \/>\nBroca Encaixe V\u00eddea SDS Plus 14mmX260mm<br \/>\nC\u00f3digo F\u00e1brica: 8728 \/ 8638 \/ 8730 \/ 3723 \/ 8639 \/ 8640 \/ 8641 \/ 8642 \/ 8643 \/ 8644 \/ 8647 \/ 8648 \/ 8731 \/ 8649<\/p>\n","protected":false},"featured_media":5637,"comment_status":"open","ping_status":"closed","template":"","meta":[],"product_cat":[1090,281],"product_tag":[2047,2046],"_links":{"self":[{"href":"https:\/\/trenaferragens.com.br\/index.php?rest_route=\/wp\/v2\/product\/5636"}],"collection":[{"href":"https:\/\/trenaferragens.com.br\/index.php?rest_route=\/wp\/v2\/product"}],"about":[{"href":"https:\/\/trenaferragens.com.br\/index.php?rest_route=\/wp\/v2\/types\/product"}],"replies":[{"embeddable":true,"href":"https:\/\/trenaferragens.com.br\/index.php?rest_route=%2Fwp%2Fv2%2Fcomments&post=5636"}],"wp:featuredmedia":[{"embeddable":true,"href":"https:\/\/trenaferragens.com.br\/index.php?rest_route=\/wp\/v2\/media\/5637"}],"wp:attachment":[{"href":"https:\/\/trenaferragens.com.br\/index.php?rest_route=%2Fwp%2Fv2%2Fmedia&parent=5636"}],"wp:term":[{"taxonomy":"product_cat","embeddable":true,"href":"https:\/\/trenaferragens.com.br\/index.php?rest_route=%2Fwp%2Fv2%2Fproduct_cat&post=5636"},{"taxonomy":"product_tag","embeddable":true,"href":"https:\/\/trenaferragens.com.br\/index.php?rest_route=%2Fwp%2Fv2%2Fproduct_tag&post=5636"}],"curies":[{"name":"wp","href":"https:\/\/api.w.org\/{rel}","templated":true}]}}