{"id":5664,"date":"2018-11-29T18:14:41","date_gmt":"2018-11-29T18:14:41","guid":{"rendered":"http:\/\/trenaferragens1.hospedagemdesites.ws\/?post_type=product&#038;p=5664"},"modified":"2018-11-29T18:14:42","modified_gmt":"2018-11-29T18:14:42","slug":"luva-malha-pigmentada","status":"publish","type":"product","link":"https:\/\/trenaferragens.com.br\/?product=luva-malha-pigmentada","title":{"rendered":"Luva Malha Pigmentada"},"content":{"rendered":"<p>Luva Malha Pigmentada<\/p>\n<p>KALIPSO<\/p>\n<p>A Kalipso \u00e9 uma empresa especializada na comercializa\u00e7\u00e3o de EPI, e em seus 23 anos de exist\u00eancia acumulou experi\u00eancia e pioneirismo no ramo de Equipamento de Prote\u00e7\u00e3o Individual.<\/p>\n<p>A empresa conquistou ao longo de sua hist\u00f3ria atributos de confian\u00e7a, seguran\u00e7a, modernidade e credibilidade, com s\u00f3lida fun\u00e7\u00e3o social e com compet\u00eancia para lidar, criar e inovar equipamentos de prote\u00e7\u00e3o.<\/p>\n<p>A busca pela constante melhoria de nossos servi\u00e7os nos fez implantar um sistema de gest\u00e3o de qualidade cuja\u00a0pol\u00edtica\u00a0nos permite executar a\u00e7\u00f5es para aprimorar o desempenho da organiza\u00e7\u00e3o.<\/p>\n","protected":false},"excerpt":{"rendered":"<p>Luva Malha Pigmentada<\/p>\n<p>Descri\u00e7\u00e3o:\u00a0<\/p>\n<p>Luva de seguran\u00e7a tricotada em fios brancos de algod\u00e3o e poli\u00e9ster, palma e face palmar dos dedos com pigmentos antiderrapantes de PVC, punho com el\u00e1stico.<\/p>\n<p>C\u00f3digo F\u00e1brica: 02.11.2.1<\/p>\n","protected":false},"featured_media":5665,"comment_status":"open","ping_status":"closed","template":"","meta":[],"product_cat":[1132],"product_tag":[2074,2072,2073],"_links":{"self":[{"href":"https:\/\/trenaferragens.com.br\/index.php?rest_route=\/wp\/v2\/product\/5664"}],"collection":[{"href":"https:\/\/trenaferragens.com.br\/index.php?rest_route=\/wp\/v2\/product"}],"about":[{"href":"https:\/\/trenaferragens.com.br\/index.php?rest_route=\/wp\/v2\/types\/product"}],"replies":[{"embeddable":true,"href":"https:\/\/trenaferragens.com.br\/index.php?rest_route=%2Fwp%2Fv2%2Fcomments&post=5664"}],"wp:featuredmedia":[{"embeddable":true,"href":"https:\/\/trenaferragens.com.br\/index.php?rest_route=\/wp\/v2\/media\/5665"}],"wp:attachment":[{"href":"https:\/\/trenaferragens.com.br\/index.php?rest_route=%2Fwp%2Fv2%2Fmedia&parent=5664"}],"wp:term":[{"taxonomy":"product_cat","embeddable":true,"href":"https:\/\/trenaferragens.com.br\/index.php?rest_route=%2Fwp%2Fv2%2Fproduct_cat&post=5664"},{"taxonomy":"product_tag","embeddable":true,"href":"https:\/\/trenaferragens.com.br\/index.php?rest_route=%2Fwp%2Fv2%2Fproduct_tag&post=5664"}],"curies":[{"name":"wp","href":"https:\/\/api.w.org\/{rel}","templated":true}]}}