{"id":5670,"date":"2018-11-29T18:38:00","date_gmt":"2018-11-29T18:38:00","guid":{"rendered":"http:\/\/trenaferragens1.hospedagemdesites.ws\/?post_type=product&#038;p=5670"},"modified":"2018-11-29T18:38:02","modified_gmt":"2018-11-29T18:38:02","slug":"batedor-de-tinta-argamassa","status":"publish","type":"product","link":"https:\/\/trenaferragens.com.br\/?product=batedor-de-tinta-argamassa","title":{"rendered":"Batedor de Tinta \/ Argamassa"},"content":{"rendered":"<p>Batedor de Tinta \/ Argamassa<\/p>\n<p>LOTUS<\/p>\n<p>A Lotus Comercial Ltda \u00e9 uma empresa jovem e din\u00e2mica, que em pouco tempo logrou conquistar posi\u00e7\u00e3o de destaque no mercado de importa\u00e7\u00e3o e\u00a0distribui\u00e7\u00e3o de ferramentas profissionais de qualidade.<br \/>\nA combina\u00e7\u00e3o sin\u00e9rgica e harm\u00f4nica de fabricantes e fornecedores altamente confi\u00e1veis, canais de distribui\u00e7\u00e3o especializados, equipe de vendas motivada e servi\u00e7os de apoio eficientes tem proporcionado \u00e0 Lotus r\u00e1pido desenvolvimento e perspectivas de crescimento ilimitadas.<\/p>\n<p>A Lotus oferece ampla variedade de ferramentas manuais de uso profissional, fabricadas de acordo com rigorosos padr\u00f5es de qualidade, com design, desempenho e acabamento equivalentes \u00e0s melhores marcas internacionais.\u00a0<\/p>\n<p>O permanente foco no mercado, com presen\u00e7a constante nas principais feiras do exterior e nos fornecedores e fabricantes internacionais, proporciona uma posi\u00e7\u00e3o privilegiada, que assegura constante amplia\u00e7\u00e3o da linha, com novos artigos de qualidade e pre\u00e7o altamente competitivos, garantindo presen\u00e7a destacada e duradoura das Ferramentas Profissionais Lotus nas casas especializadas.<\/p>\n","protected":false},"excerpt":{"rendered":"<p>Batedor de Tinta \/ Argamassa<\/p>\n<p>DISPON\u00cdVEL NAS OP\u00c7\u00d5ES:<\/p>\n<p>Batedor de Tinta \/ Argamassa<\/p>\n<p>C\u00f3digo F\u00e1brica: 4422<\/p>\n","protected":false},"featured_media":5671,"comment_status":"open","ping_status":"closed","template":"","meta":[],"product_cat":[1852,1085,1122],"product_tag":[2023,2078,2077],"_links":{"self":[{"href":"https:\/\/trenaferragens.com.br\/index.php?rest_route=\/wp\/v2\/product\/5670"}],"collection":[{"href":"https:\/\/trenaferragens.com.br\/index.php?rest_route=\/wp\/v2\/product"}],"about":[{"href":"https:\/\/trenaferragens.com.br\/index.php?rest_route=\/wp\/v2\/types\/product"}],"replies":[{"embeddable":true,"href":"https:\/\/trenaferragens.com.br\/index.php?rest_route=%2Fwp%2Fv2%2Fcomments&post=5670"}],"wp:featuredmedia":[{"embeddable":true,"href":"https:\/\/trenaferragens.com.br\/index.php?rest_route=\/wp\/v2\/media\/5671"}],"wp:attachment":[{"href":"https:\/\/trenaferragens.com.br\/index.php?rest_route=%2Fwp%2Fv2%2Fmedia&parent=5670"}],"wp:term":[{"taxonomy":"product_cat","embeddable":true,"href":"https:\/\/trenaferragens.com.br\/index.php?rest_route=%2Fwp%2Fv2%2Fproduct_cat&post=5670"},{"taxonomy":"product_tag","embeddable":true,"href":"https:\/\/trenaferragens.com.br\/index.php?rest_route=%2Fwp%2Fv2%2Fproduct_tag&post=5670"}],"curies":[{"name":"wp","href":"https:\/\/api.w.org\/{rel}","templated":true}]}}