{"id":5736,"date":"2018-12-03T18:17:11","date_gmt":"2018-12-03T18:17:11","guid":{"rendered":"http:\/\/trenaferragens1.hospedagemdesites.ws\/?post_type=product&#038;p=5736"},"modified":"2018-12-03T18:17:12","modified_gmt":"2018-12-03T18:17:12","slug":"bucha-de-reducao-c-anel-06-cobre","status":"publish","type":"product","link":"https:\/\/trenaferragens.com.br\/?product=bucha-de-reducao-c-anel-06-cobre","title":{"rendered":"Bucha de Redu\u00e7\u00e3o C\/Anel 06 Cobre"},"content":{"rendered":"<p>Bucha de Redu\u00e7\u00e3o C\/Anel 06 Cobre<\/p>\n<p>Os tubos de cobre s\u00e3o fabricados por extrus\u00e3o e podem ser fornecidos nos formatos reto, rolo, carretel, panqueca, entre outros, com dimensionais variados dentro de um limite de fabrica\u00e7\u00e3o amplo.<\/p>\n<p>Atualmente a Paranapanema produz os tubos em ligas de cobre, para diversos segmentos de mercado, atendendo assim uma vasta quantidade de aplica\u00e7\u00f5es.<\/p>\n<p>Os tubos de cobre s\u00e3o utilizados na fabrica\u00e7\u00e3o de trocadores de calor, na utiliza\u00e7\u00e3o de gabinetes de refrigera\u00e7\u00e3o, frigor\u00edficos, aquecedores solar, usinas de a\u00e7\u00facar e radiadores automotivos. Al\u00e9m do nosso limite de fabrica\u00e7\u00e3o, que compreende as ligas acima, sempre estamos abertos para novas oportunidades, ligas novas e aplica\u00e7\u00f5es que requeiram grande aporte tecnol\u00f3gico.<\/p>\n","protected":false},"excerpt":{"rendered":"<p>Bucha de Redu\u00e7\u00e3o C\/Anel 06 Cobre<\/p>\n<p>DISPON\u00cdVEL NOS TAMANHOS:<\/p>\n<p>Bucha de Redu\u00e7\u00e3o C\/Anel 06 Cobre 22&#215;15<\/p>\n<p>Bucha de Redu\u00e7\u00e3o C\/Anel 06 Cobre 28&#215;15<\/p>\n<p>Bucha de Redu\u00e7\u00e3o C\/Anel 06 Cobre 28&#215;22<\/p>\n<p>C\u00f3digo de F\u00e1brica: 10000076 \/ 10000077 \/ 10000078<\/p>\n","protected":false},"featured_media":5738,"comment_status":"open","ping_status":"closed","template":"","meta":[],"product_cat":[1844,235,1191],"product_tag":[2152,2153,2154,2155],"_links":{"self":[{"href":"https:\/\/trenaferragens.com.br\/index.php?rest_route=\/wp\/v2\/product\/5736"}],"collection":[{"href":"https:\/\/trenaferragens.com.br\/index.php?rest_route=\/wp\/v2\/product"}],"about":[{"href":"https:\/\/trenaferragens.com.br\/index.php?rest_route=\/wp\/v2\/types\/product"}],"replies":[{"embeddable":true,"href":"https:\/\/trenaferragens.com.br\/index.php?rest_route=%2Fwp%2Fv2%2Fcomments&post=5736"}],"wp:featuredmedia":[{"embeddable":true,"href":"https:\/\/trenaferragens.com.br\/index.php?rest_route=\/wp\/v2\/media\/5738"}],"wp:attachment":[{"href":"https:\/\/trenaferragens.com.br\/index.php?rest_route=%2Fwp%2Fv2%2Fmedia&parent=5736"}],"wp:term":[{"taxonomy":"product_cat","embeddable":true,"href":"https:\/\/trenaferragens.com.br\/index.php?rest_route=%2Fwp%2Fv2%2Fproduct_cat&post=5736"},{"taxonomy":"product_tag","embeddable":true,"href":"https:\/\/trenaferragens.com.br\/index.php?rest_route=%2Fwp%2Fv2%2Fproduct_tag&post=5736"}],"curies":[{"name":"wp","href":"https:\/\/api.w.org\/{rel}","templated":true}]}}