{"id":5743,"date":"2018-12-03T18:31:27","date_gmt":"2018-12-03T18:31:27","guid":{"rendered":"http:\/\/trenaferragens1.hospedagemdesites.ws\/?post_type=product&#038;p=5743"},"modified":"2018-12-03T18:31:50","modified_gmt":"2018-12-03T18:31:50","slug":"luva-solda-c-anel-01-cobre","status":"publish","type":"product","link":"https:\/\/trenaferragens.com.br\/?product=luva-solda-c-anel-01-cobre","title":{"rendered":"Luva Solda C\/Anel 01 Cobre"},"content":{"rendered":"<p>Luva Solda C\/Anel 01 Cobre<\/p>\n<p>Os tubos de cobre s\u00e3o fabricados por extrus\u00e3o e podem ser fornecidos nos formatos reto, rolo, carretel, panqueca, entre outros, com dimensionais variados dentro de um limite de fabrica\u00e7\u00e3o amplo.<\/p>\n<p>Atualmente a Paranapanema produz os tubos em ligas de cobre, para diversos segmentos de mercado, atendendo assim uma vasta quantidade de aplica\u00e7\u00f5es.<\/p>\n<p>Os tubos de cobre s\u00e3o utilizados na fabrica\u00e7\u00e3o de trocadores de calor, na utiliza\u00e7\u00e3o de gabinetes de refrigera\u00e7\u00e3o, frigor\u00edficos, aquecedores solar, usinas de a\u00e7\u00facar e radiadores automotivos. Al\u00e9m do nosso limite de fabrica\u00e7\u00e3o, que compreende as ligas acima, sempre estamos abertos para novas oportunidades, ligas novas e aplica\u00e7\u00f5es que requeiram grande aporte tecnol\u00f3gico.<\/p>\n","protected":false},"excerpt":{"rendered":"<p>Luva Solda C\/Anel 01 Cobre<\/p>\n<p>DISPON\u00cdVEL NOS TAMANHOS:<\/p>\n<p>Luva Solda C\/Anel 01 Cobre 15mm<\/p>\n<p>Luva Solda C\/Anel 01 Cobre 22mm<\/p>\n<p>Luva Solda C\/Anel 01 Cobre 28mm<\/p>\n<p>C\u00f3digo de F\u00e1brica: 10000048 \/ 10000049 \/ 10000050<\/p>\n","protected":false},"featured_media":5744,"comment_status":"open","ping_status":"closed","template":"","meta":[],"product_cat":[1844,1191],"product_tag":[2161,2163,2162],"_links":{"self":[{"href":"https:\/\/trenaferragens.com.br\/index.php?rest_route=\/wp\/v2\/product\/5743"}],"collection":[{"href":"https:\/\/trenaferragens.com.br\/index.php?rest_route=\/wp\/v2\/product"}],"about":[{"href":"https:\/\/trenaferragens.com.br\/index.php?rest_route=\/wp\/v2\/types\/product"}],"replies":[{"embeddable":true,"href":"https:\/\/trenaferragens.com.br\/index.php?rest_route=%2Fwp%2Fv2%2Fcomments&post=5743"}],"wp:featuredmedia":[{"embeddable":true,"href":"https:\/\/trenaferragens.com.br\/index.php?rest_route=\/wp\/v2\/media\/5744"}],"wp:attachment":[{"href":"https:\/\/trenaferragens.com.br\/index.php?rest_route=%2Fwp%2Fv2%2Fmedia&parent=5743"}],"wp:term":[{"taxonomy":"product_cat","embeddable":true,"href":"https:\/\/trenaferragens.com.br\/index.php?rest_route=%2Fwp%2Fv2%2Fproduct_cat&post=5743"},{"taxonomy":"product_tag","embeddable":true,"href":"https:\/\/trenaferragens.com.br\/index.php?rest_route=%2Fwp%2Fv2%2Fproduct_tag&post=5743"}],"curies":[{"name":"wp","href":"https:\/\/api.w.org\/{rel}","templated":true}]}}