{"id":5749,"date":"2018-12-03T19:01:54","date_gmt":"2018-12-03T19:01:54","guid":{"rendered":"http:\/\/trenaferragens1.hospedagemdesites.ws\/?post_type=product&#038;p=5749"},"modified":"2018-12-03T19:02:01","modified_gmt":"2018-12-03T19:02:01","slug":"po-xadrez","status":"publish","type":"product","link":"https:\/\/trenaferragens.com.br\/?product=po-xadrez","title":{"rendered":"P\u00f3 Xadrez"},"content":{"rendered":"<p>P\u00f3 Xadrez<\/p>\n<p>LANXESS<\/p>\n<p>A LANXESS \u00e9 uma empresa l\u00edder em especialidades qu\u00edmicas, com vendas de 9,7 bilh\u00f5es de Euros em 2017 e cerca de 19.200 funcion\u00e1rios em 25 pa\u00edses. Atualmente, a empresa est\u00e1 representada em 74 unidades de produ\u00e7\u00e3o em todo o mundo. O core business da LANXESS \u00e9 o desenvolvimento, fabrica\u00e7\u00e3o e comercializa\u00e7\u00e3o de intermedi\u00e1rios qu\u00edmicos, aditivos, especialidades qu\u00edmicas e pl\u00e1sticos. A LANXESS est\u00e1 presente nos principais \u00edndices de sustentabilidade, Dow Jones Sustainability Index (DJSI World e Europe) e FTSE4Good.<\/p>\n","protected":false},"excerpt":{"rendered":"<p>P\u00f3 Xadrez<\/p>\n<p>DISPON\u00cdVEL NAS OP\u00c7\u00d5ES<\/p>\n<p>AMARELO \/ AZUL \/ MARROM \/ PRETO \/ VERDE \/ VERMELHO<\/p>\n","protected":false},"featured_media":5750,"comment_status":"open","ping_status":"closed","template":"","meta":[],"product_cat":[1118,178],"product_tag":[2169],"_links":{"self":[{"href":"https:\/\/trenaferragens.com.br\/index.php?rest_route=\/wp\/v2\/product\/5749"}],"collection":[{"href":"https:\/\/trenaferragens.com.br\/index.php?rest_route=\/wp\/v2\/product"}],"about":[{"href":"https:\/\/trenaferragens.com.br\/index.php?rest_route=\/wp\/v2\/types\/product"}],"replies":[{"embeddable":true,"href":"https:\/\/trenaferragens.com.br\/index.php?rest_route=%2Fwp%2Fv2%2Fcomments&post=5749"}],"wp:featuredmedia":[{"embeddable":true,"href":"https:\/\/trenaferragens.com.br\/index.php?rest_route=\/wp\/v2\/media\/5750"}],"wp:attachment":[{"href":"https:\/\/trenaferragens.com.br\/index.php?rest_route=%2Fwp%2Fv2%2Fmedia&parent=5749"}],"wp:term":[{"taxonomy":"product_cat","embeddable":true,"href":"https:\/\/trenaferragens.com.br\/index.php?rest_route=%2Fwp%2Fv2%2Fproduct_cat&post=5749"},{"taxonomy":"product_tag","embeddable":true,"href":"https:\/\/trenaferragens.com.br\/index.php?rest_route=%2Fwp%2Fv2%2Fproduct_tag&post=5749"}],"curies":[{"name":"wp","href":"https:\/\/api.w.org\/{rel}","templated":true}]}}