{"id":5751,"date":"2018-12-03T19:09:58","date_gmt":"2018-12-03T19:09:58","guid":{"rendered":"http:\/\/trenaferragens1.hospedagemdesites.ws\/?post_type=product&#038;p=5751"},"modified":"2018-12-03T19:10:00","modified_gmt":"2018-12-03T19:10:00","slug":"corda-poliester-colorida-metro","status":"publish","type":"product","link":"https:\/\/trenaferragens.com.br\/?product=corda-poliester-colorida-metro","title":{"rendered":"Corda Poli\u00e9ster Colorida (Metro)"},"content":{"rendered":"<p>Corda Poli\u00e9ster Colorida (Metro)<\/p>\n<p>REGRA CORDAS<\/p>\n<p>A REGRA FIBRAS E CORDAS foi projetada e concebida nos moldes do que h\u00e1 de mais moderno na fabrica\u00e7\u00e3o de fios de poli\u00e9ster (Multifilamento) e tecelagem de cordas no mundo.<\/p>\n<p>Atualmente retiramos das ruas cerca de 150 toneladas de PET m\u00eas. Nossa meta \u00e9 atingir em cinco anos a produ\u00e7\u00e3o de 500 toneladas de fios e cordas retirando consequentemente das ruas<br \/>\naproximadamente 700 toneladas de PET por m\u00eas.<\/p>\n<p>A Regra Cordas tem como um de seus principais objetivos incentivar e promover a preserva\u00e7\u00e3o do meio ambiente para um mundo mais limpo e melhor para se viver.<\/p>\n","protected":false},"excerpt":{"rendered":"<p>Corda Poli\u00e9ster Colorida (Metro)<\/p>\n<p>DISPON\u00cdVEL NAS OP\u00c7\u00d5ES:<\/p>\n<p>03MM \/ 04MM \/ 06MM \/ 08MM \/ 10MM \/ 12MM<\/p>\n<p>C\u00f3digos F\u00e1brica:<\/p>\n<p>C1C0103 |\u00a0C1C0104 |\u00a0C1C0106 |\u00a0C1C0108 |\u00a0C1C0110 |\u00a0C1C0112<\/p>\n","protected":false},"featured_media":5752,"comment_status":"open","ping_status":"closed","template":"","meta":[],"product_cat":[1085],"product_tag":[],"_links":{"self":[{"href":"https:\/\/trenaferragens.com.br\/index.php?rest_route=\/wp\/v2\/product\/5751"}],"collection":[{"href":"https:\/\/trenaferragens.com.br\/index.php?rest_route=\/wp\/v2\/product"}],"about":[{"href":"https:\/\/trenaferragens.com.br\/index.php?rest_route=\/wp\/v2\/types\/product"}],"replies":[{"embeddable":true,"href":"https:\/\/trenaferragens.com.br\/index.php?rest_route=%2Fwp%2Fv2%2Fcomments&post=5751"}],"wp:featuredmedia":[{"embeddable":true,"href":"https:\/\/trenaferragens.com.br\/index.php?rest_route=\/wp\/v2\/media\/5752"}],"wp:attachment":[{"href":"https:\/\/trenaferragens.com.br\/index.php?rest_route=%2Fwp%2Fv2%2Fmedia&parent=5751"}],"wp:term":[{"taxonomy":"product_cat","embeddable":true,"href":"https:\/\/trenaferragens.com.br\/index.php?rest_route=%2Fwp%2Fv2%2Fproduct_cat&post=5751"},{"taxonomy":"product_tag","embeddable":true,"href":"https:\/\/trenaferragens.com.br\/index.php?rest_route=%2Fwp%2Fv2%2Fproduct_tag&post=5751"}],"curies":[{"name":"wp","href":"https:\/\/api.w.org\/{rel}","templated":true}]}}