{"id":5753,"date":"2018-12-03T19:22:27","date_gmt":"2018-12-03T19:22:27","guid":{"rendered":"http:\/\/trenaferragens1.hospedagemdesites.ws\/?post_type=product&#038;p=5753"},"modified":"2018-12-03T19:22:29","modified_gmt":"2018-12-03T19:22:29","slug":"carbolastico-no1","status":"publish","type":"product","link":"https:\/\/trenaferragens.com.br\/?product=carbolastico-no1","title":{"rendered":"Carbol\u00e1stico N\u00ba1"},"content":{"rendered":"<p>Carbol\u00e1stico N\u00ba1<\/p>\n<p>VEDACIT<\/p>\n<p>A OTTO BAUMGART, hoje conhecida como VEDACIT \u00e9 personagem importante na constru\u00e7\u00e3o civil brasileira: n\u00e3o s\u00f3 participou de grandes obras, como Usina de Itaipu e Ponte Estaiada Octavio Frias de Oliveira, como tamb\u00e9m \u00e9 respons\u00e1vel pela maior parte de produtos qu\u00edmicos para constru\u00e7\u00e3o no pa\u00eds.<\/p>\n<p>Os produtos Vedacit, como: impermeabilizantes, aditivos para concretos e argamassas, desmoldantes, adesivos, pinturas asf\u00e1lticas, mantas l\u00edquidas, revestimentos, m\u00e1stiques, tintas, imunizantes para madeira, prote\u00e7\u00e3o superficial e argamassas, oferecem seguran\u00e7a \u2013 caracter\u00edstica conquistada pelos testes realizados continuamente em seus modernos laborat\u00f3rios de pesquisa e desenvolvimento, al\u00e9m, claro, da experi\u00eancia acumulada desde 1936.<\/p>\n<p>Atualmente, a Vedacit possui 2 f\u00e1bricas, em S\u00e3o Paulo e Salvador, atendem 30 mil pontos de venda, atendidos por 09 filiais e mais de 100 representantes que atuam em todos os estados brasileiros e conta com distribuidores em pa\u00edses da Am\u00e9rica Latina, como Bol\u00edvia, Chile, Paraguai e Uruguai.<\/p>\n","protected":false},"excerpt":{"rendered":"<p>Carbol\u00e1stico N\u00ba1<\/p>\n<p>DISPON\u00cdVEL NAS OP\u00c7\u00d5ES:<\/p>\n<p>Balde 4kg \/ Balde 20kg<\/p>\n<p>CARBOL\u00c1STICO 1 \u00e9 uma pintura asf\u00e1ltica de grande durabilidade, de aplica\u00e7\u00e3o a frio sem emendas, pronta para uso e moldada no local, que forma uma camada imperme\u00e1vel sobre a estrutura.<br \/>\nCARACTER\u00cdSTICAS<br \/>\nDensidade: 1,15 g\/cm\u00b3<br \/>\nApar\u00eancia: Preto(a), Inflam\u00e1vel<br \/>\nComposi\u00e7\u00e3o b\u00e1sica: Aguarr\u00e1s, Aslfato.<br \/>\nValidade: 24 meses<\/p>\n<p>CAMPOS DE APLICA\u00c7\u00c3O<br \/>\n-\u00e1reas molhadas e molh\u00e1veis (banheiros, sacadas, varandas, cozinhas e \u00e1reas de servi\u00e7os);<br \/>\n-lajes at\u00e9 50 m\u00b2;<br \/>\n-jardineiras e floreiras;<br \/>\n-calhas de concreto.<\/p>\n","protected":false},"featured_media":5754,"comment_status":"open","ping_status":"closed","template":"","meta":[],"product_cat":[1116,166],"product_tag":[2170,2172,2171],"_links":{"self":[{"href":"https:\/\/trenaferragens.com.br\/index.php?rest_route=\/wp\/v2\/product\/5753"}],"collection":[{"href":"https:\/\/trenaferragens.com.br\/index.php?rest_route=\/wp\/v2\/product"}],"about":[{"href":"https:\/\/trenaferragens.com.br\/index.php?rest_route=\/wp\/v2\/types\/product"}],"replies":[{"embeddable":true,"href":"https:\/\/trenaferragens.com.br\/index.php?rest_route=%2Fwp%2Fv2%2Fcomments&post=5753"}],"wp:featuredmedia":[{"embeddable":true,"href":"https:\/\/trenaferragens.com.br\/index.php?rest_route=\/wp\/v2\/media\/5754"}],"wp:attachment":[{"href":"https:\/\/trenaferragens.com.br\/index.php?rest_route=%2Fwp%2Fv2%2Fmedia&parent=5753"}],"wp:term":[{"taxonomy":"product_cat","embeddable":true,"href":"https:\/\/trenaferragens.com.br\/index.php?rest_route=%2Fwp%2Fv2%2Fproduct_cat&post=5753"},{"taxonomy":"product_tag","embeddable":true,"href":"https:\/\/trenaferragens.com.br\/index.php?rest_route=%2Fwp%2Fv2%2Fproduct_tag&post=5753"}],"curies":[{"name":"wp","href":"https:\/\/api.w.org\/{rel}","templated":true}]}}