{"id":5756,"date":"2018-12-03T19:33:59","date_gmt":"2018-12-03T19:33:59","guid":{"rendered":"http:\/\/trenaferragens1.hospedagemdesites.ws\/?post_type=product&#038;p=5756"},"modified":"2018-12-03T19:34:01","modified_gmt":"2018-12-03T19:34:01","slug":"refil-p-filtro-original-ativi-filtro","status":"publish","type":"product","link":"https:\/\/trenaferragens.com.br\/?product=refil-p-filtro-original-ativi-filtro","title":{"rendered":"Refil P\/Filtro Original &#8211; Ativi Filtro"},"content":{"rendered":"<p>Refil P\/Filtro Original &#8211; Ativi Filtro<\/p>\n<p>ATIVI FILTROS<\/p>\n<p>A\u00a0Ativi Filtros\u00a0vem construindo uma hist\u00f3ria de tradi\u00e7\u00e3o no desenvolvimento e fabrica\u00e7\u00e3o de filtros e torneiras. Investindo constantemente no aperfei\u00e7oamento de processos e inova\u00e7\u00e3o em produtos oferecendo ao mercado solu\u00e7\u00f5es que primam pela qualidade, bom gosto e inova\u00e7\u00e3o, nossos produtos possuem selos de Qualidade e Garantia dos \u00f3rg\u00e3os fiscalizadores.<\/p>\n<p>Nossa f\u00e1brica est\u00e1 localizada em S\u00e3o Paulo, possu\u00edmos escrit\u00f3rios comerciais em SP e RJ\u00a0 para atendimento personalizado aos nossos clientes e uma ampla parceria de redes autorizada de revendas. Os produtos\u00a0Ativi\u00a0podem ser encontrados em grandes home centers, lojas de materiais para constru\u00e7\u00e3o.<\/p>\n","protected":false},"excerpt":{"rendered":"<p>Refil P\/Filtro Original &#8211; Ativi Filtro<\/p>\n<p>C\u00f3digo de F\u00e1brica:<\/p>\n<p>17| 31425<\/p>\n<p>4 CAMADAS<\/p>\n<p>FELTRO DE POLI\u00c9STER: a primeira camada \u00e9 composta por fibras n\u00e3o sint\u00e9ticas compactadas que proporcionam uma filtragem relevante e o material n\u00e3o apodrece com o passar do tempo (ocorr\u00eancia recorrente em filtros que possuem essa camada formada por celulose);<\/p>\n<p>CARV\u00c3O ATIVADO: produzido atrav\u00e9s da casca de coco, o carv\u00e3o ativado compactado est\u00e1 presente em 70% do processo de filtragem e purifica\u00e7\u00e3o da \u00e1gua, garantindo assim aspecto cristalino, pureza e principalmente a qualidade;<\/p>\n<p>FELTRO DE POLI\u00c9STER: e para eliminar de vez qualquer material que tenha superado o processo de filtragem e purifica\u00e7\u00e3o, h\u00e1 ainda camadas de feltro de poli\u00e9ster compactadas, certificando assim que os produtos Ativi s\u00e3o essenciais para sua vida!<\/p>\n<p>PEDRA DOLOMITA: 18% do processo de filtragem \u00e9 composto por um min\u00e9rio encontrado principalmente na bacia amaz\u00f4nica, com princ\u00edpios salutares importantes ao corpo humano, a Dolomita, elimina as impurezas e purifica a \u00e1gua que voc\u00ea consome.<\/p>\n<p>Ref. 17- Elemento Filtrante (Refil)<\/p>\n","protected":false},"featured_media":5757,"comment_status":"open","ping_status":"closed","template":"","meta":[],"product_cat":[1192,169],"product_tag":[2174,2173],"_links":{"self":[{"href":"https:\/\/trenaferragens.com.br\/index.php?rest_route=\/wp\/v2\/product\/5756"}],"collection":[{"href":"https:\/\/trenaferragens.com.br\/index.php?rest_route=\/wp\/v2\/product"}],"about":[{"href":"https:\/\/trenaferragens.com.br\/index.php?rest_route=\/wp\/v2\/types\/product"}],"replies":[{"embeddable":true,"href":"https:\/\/trenaferragens.com.br\/index.php?rest_route=%2Fwp%2Fv2%2Fcomments&post=5756"}],"wp:featuredmedia":[{"embeddable":true,"href":"https:\/\/trenaferragens.com.br\/index.php?rest_route=\/wp\/v2\/media\/5757"}],"wp:attachment":[{"href":"https:\/\/trenaferragens.com.br\/index.php?rest_route=%2Fwp%2Fv2%2Fmedia&parent=5756"}],"wp:term":[{"taxonomy":"product_cat","embeddable":true,"href":"https:\/\/trenaferragens.com.br\/index.php?rest_route=%2Fwp%2Fv2%2Fproduct_cat&post=5756"},{"taxonomy":"product_tag","embeddable":true,"href":"https:\/\/trenaferragens.com.br\/index.php?rest_route=%2Fwp%2Fv2%2Fproduct_tag&post=5756"}],"curies":[{"name":"wp","href":"https:\/\/api.w.org\/{rel}","templated":true}]}}