{"id":5769,"date":"2019-01-10T19:58:09","date_gmt":"2019-01-10T19:58:09","guid":{"rendered":"http:\/\/trenaferragens1.hospedagemdesites.ws\/?post_type=product&#038;p=5769"},"modified":"2019-01-10T20:04:22","modified_gmt":"2019-01-10T20:04:22","slug":"ventilador-spirit-teto-202-127v","status":"publish","type":"product","link":"https:\/\/trenaferragens.com.br\/?product=ventilador-spirit-teto-202-127v","title":{"rendered":"Ventilador Spirit Teto 202 127V"},"content":{"rendered":"<p>Ventilador Spirit Teto 202 127V<\/p>\n<p>SPIRIT<\/p>\n<p>Somos especialistas em ventiladores de teto, nossa marca surgiu com o prop\u00f3sito de criar um produto diferenciado e inovador, e assim nasceu o SPIRIT. Criamos o primeiro ventilador de teto do mercado com 2 p\u00e1s, que por ser mais leve, seu desempenho \u00e9 mais eficiente que o de 3 p\u00e1s. A marca registrada dos nossos produtos \u00e9 o design e para honrar o compromisso de levar ao consumidor produtos arrojados o SPIRIT tem parceiros conceituados, como o renomado designer Guto Indio da Costa e o Est\u00fadio Lattoog. Em nosso DNA est\u00e1 a paix\u00e3o pela inova\u00e7\u00e3o e pelo design, e \u00e9 isso que torna cada produto especial. Continuamos evolu\u00eddo e ampliando nosso cat\u00e1logo de produtos para oferecer aos nossos clientes as melhores solu\u00e7\u00f5es de utilidade e decora\u00e7\u00e3o para sua casa. Hoje os produtos SPIRIT est\u00e3o presentes em mais de 50 revendedores em todo o Brasil, na internet em sua loja virtual pr\u00f3pria e nos principais marketplaces do pa\u00eds. Al\u00e9m disso, voc\u00ea ainda pode comprar nossos produtos atrav\u00e9s do televendas SPIRIT. Navegue pelo nosso site e conhe\u00e7a nossos departamentos e categorias que oferecem op\u00e7\u00f5es de Ventiladores de Teto, Ventilador de Mesa, Ventilador de Parede, Lumin\u00e1ria Pendente, linha Praia e Pe\u00e7as e Acess\u00f3rios &#8211; como kits de p\u00e1s, l\u00e2mpadas, dimmers em muito mais. Aproveite nossas ofertas, condi\u00e7\u00f5es de parcelamento e receba seu produto em casa. Seja muito bem-vindo ao SPIRIT! <\/p>\n","protected":false},"excerpt":{"rendered":"<p>Ventilador Spirit Teto 202 127V<\/p>\n<p>C\u00f3digo de F\u00e1brica: VTSPT202000BR \/ VTSPT202000CR<\/p>\n<p>Sobre o Produto: O Ventilador de Teto SPIRIT foi projetado pelo renomado designer Guto \u00cdndio da Costa e \u00e9 o ventilador mais premiado do Brasil. O produto \u00e9 100% nacional e est\u00e1 presente h\u00e1 mais de 15 anos no mercado  e continua sendo uma refer\u00eancia em inova\u00e7\u00e3o, design e qualidade. Desde sua cria\u00e7\u00e3o,  \u00e9 moderno, arrojado e diferente de tudo que existe na categoria de ventila\u00e7\u00e3o.<\/p>\n<p>O ventilador de teto SPIRIT 202 com lustre globo,  \u00e9 um dos modelos de maior sucesso, pois consegue aliar o design din\u00e2mico \u00e0 maior capacidade de ilumina\u00e7\u00e3o da linha, com lustre para duas l\u00e2mpadas eletr\u00f4nicas de at\u00e9 20W (cada) ou LED de at\u00e9 10W (cada).<\/p>\n<p>Produzido em policarbonato injetado, o mesmo material utilizado em janelas de avi\u00e3o,  o ventilador de teto SPIRIT \u00e9 super resistente e  justamente por sua durabilidade superior, que o SPIRIT torna-se um dos ventiladores de teto mais baratos do mercado! Voc\u00ea investe um pouquinho  mais agora, para ficar um bom tempo sem esquentar a cabe\u00e7a!<\/p>\n<p>Al\u00e9m  disso o ventilador de teto SPIRIT  \u00e9 econ\u00f4mico, fato comprovado pelo selo A de efici\u00eancia energ\u00e9tica do Procel e aprova\u00e7\u00e3o no INMETRO, garantindo um melhor aproveitamento do consumo de energia, proporcionando uma maior ventila\u00e7\u00e3o e circula\u00e7\u00e3o de ar, com uma grande economia na sua conta de luz.<\/p>\n<p>O branco representa o ar, a paz, a pureza, a purifica\u00e7\u00e3o, a espiritualidade, a limpeza e \u00e9 muito bom para a criatividade, al\u00e9m de combinar com tudo.<\/p>\n<p>E a inova\u00e7\u00e3o do ventilador SPIRIT n\u00e3o p\u00e1ra por a\u00ed: Voc\u00ea ainda tem a op\u00e7\u00e3o de mudar completamente o design do seu ventilador de teto, trocando as p\u00e1s e criando um visual s\u00f3 seu. S\u00e3o mais de 1.000 possibilidades de cores e estampas pra voc\u00ea personalizar.<\/p>\n<p>Veja aqui todas op\u00e7\u00f5es de kit  para seu ventilador de teto de 2 p\u00e1s ou de 3 p\u00e1s.<\/p>\n<p>IMPORTANTE! O ventilador de teto SPIRIT n\u00e3o \u00e9 indicado para ambientes com forte emiss\u00e3o de vapor de \u00f3leo, como cozinhas, churrasqueiras, forno a lenha ou ambientes comerciais com emiss\u00e3o de \u00f3leo ou gordura, pois a intera\u00e7\u00e3o do \u00f3leo com o policarbonato pode fragilizar as partes pl\u00e1sticas e danificar o produto. Para sua limpeza, basta utilizar um pano umedecido. Nunca utilize produtos de limpeza ou abrasivos.<\/p>\n<p>Precisa de ajuda na Instala\u00e7\u00e3o? Confira nossa lista de Instaladores credenciados em todo o Brasil.<\/p>\n<p>Ou veja dicas de como instalar um ventilador de teto.<\/p>\n","protected":false},"featured_media":5770,"comment_status":"open","ping_status":"closed","template":"","meta":[],"product_cat":[194,1065,1115],"product_tag":[2177,2179,2178],"_links":{"self":[{"href":"https:\/\/trenaferragens.com.br\/index.php?rest_route=\/wp\/v2\/product\/5769"}],"collection":[{"href":"https:\/\/trenaferragens.com.br\/index.php?rest_route=\/wp\/v2\/product"}],"about":[{"href":"https:\/\/trenaferragens.com.br\/index.php?rest_route=\/wp\/v2\/types\/product"}],"replies":[{"embeddable":true,"href":"https:\/\/trenaferragens.com.br\/index.php?rest_route=%2Fwp%2Fv2%2Fcomments&post=5769"}],"wp:featuredmedia":[{"embeddable":true,"href":"https:\/\/trenaferragens.com.br\/index.php?rest_route=\/wp\/v2\/media\/5770"}],"wp:attachment":[{"href":"https:\/\/trenaferragens.com.br\/index.php?rest_route=%2Fwp%2Fv2%2Fmedia&parent=5769"}],"wp:term":[{"taxonomy":"product_cat","embeddable":true,"href":"https:\/\/trenaferragens.com.br\/index.php?rest_route=%2Fwp%2Fv2%2Fproduct_cat&post=5769"},{"taxonomy":"product_tag","embeddable":true,"href":"https:\/\/trenaferragens.com.br\/index.php?rest_route=%2Fwp%2Fv2%2Fproduct_tag&post=5769"}],"curies":[{"name":"wp","href":"https:\/\/api.w.org\/{rel}","templated":true}]}}