{"id":5792,"date":"2019-01-18T16:40:12","date_gmt":"2019-01-18T16:40:12","guid":{"rendered":"http:\/\/trenaferragens1.hospedagemdesites.ws\/?post_type=product&#038;p=5792"},"modified":"2019-01-18T16:42:59","modified_gmt":"2019-01-18T16:42:59","slug":"aquecedor-de-agua-gas-gn-20-litros-lz-2000","status":"publish","type":"product","link":"https:\/\/trenaferragens.com.br\/?product=aquecedor-de-agua-gas-gn-20-litros-lz-2000","title":{"rendered":"Aquecedor de \u00c1gua G\u00e1s GN 20 Litros LZ-2000"},"content":{"rendered":"<p>Aquecedor de \u00c1gua G\u00e1s GN 20 Litros LZ-2000<\/p>\n<p>LORENZETTI<\/p>\n<p>Com 95 anos e trajet\u00f3ria marcada pela constante inova\u00e7\u00e3o, \u00e9tica e pioneirismo, a Lorenzetti \u00e9 l\u00edder no segmento de duchas, chuveiros, torneiras el\u00e9tricas e aquecedores de \u00e1gua a g\u00e1s. A empresa se destaca por colocar \u00e0 disposi\u00e7\u00e3o dos consumidores o que h\u00e1 de melhor em lou\u00e7as, assentos, metais e pl\u00e1sticos sanit\u00e1rios, purificadores de \u00e1gua e l\u00e2mpadas, refletores, pain\u00e9is e spots LED, fluorescentes compactas e de alta pot\u00eancia. Com quatro f\u00e1bricas no Brasil, sendo tr\u00eas unidades no Estado de S\u00e3o Paulo e uma em Minas Gerais, a Lorenzetti possui distribui\u00e7\u00e3o nacional e internacional. O objetivo \u00e9 oferecer produtos de qualidade e com design inovador, desenvolvidos com a mais alta tecnologia e consci\u00eancia ambiental.<\/p>\n","protected":false},"excerpt":{"rendered":"<p>Aquecedor de \u00c1gua G\u00e1s GN 20 Litros LZ-2000<\/p>\n<p>Caracter\u00edsticas<\/p>\n<p>Vaz\u00e3o 19,5 l\/min. GLP<br \/>\nVaz\u00e3o\u00a020,0\u00a0l\/min. GN<\/p>\n<p>Exaust\u00e3o Natural<br \/>\nVisor Digital de Temperatura<br \/>\nChave Ver\u00e3o\/Inverno<br \/>\nBot\u00e3o Liga\/Desliga<br \/>\nChamin\u00e9 135 mm<\/p>\n<p>Visor Digital\u00a0<br \/>\nExibe a temperatura da \u00e1gua no momento de sua utiliza\u00e7\u00e3o.<\/p>\n<p>Chave Ver\u00e3o\/Inverno\u00a0<br \/>\nPromove economia de g\u00e1s.<\/p>\n<p>Bot\u00e3o Liga\/Desliga\u00a0<br \/>\nEm caso de longa aus\u00eancia da resid\u00eancia.<\/p>\n<p>Controle de Vaz\u00e3o de \u00c1gua e G\u00e1s<br \/>\nControla a vaz\u00e3o de consumo de \u00e1gua e g\u00e1s.<\/p>\n<p>Dupla Regulagem de Temperatura\u00a0<br \/>\nControle independente da vaz\u00e3o de \u00e1gua e consumo do g\u00e1s.<\/p>\n<p>Acendimento Autom\u00e1tico<br \/>\nO aquecedor liga ao se abrir o registro de \u00e1gua.<\/p>\n<p>Sistemas de Seguran\u00e7a<br \/>\n&#8211; Sem Chama Piloto<br \/>\nSeguro e econ\u00f4mico, a chama fica acesa somente no momento de sua utiliza\u00e7\u00e3o.<br \/>\n&#8211; Sensor de Chama<br \/>\nCorta o g\u00e1s em caso de aus\u00eancia de chama &#8211; evita vazamentos.<br \/>\n&#8211; Termostato de Seguran\u00e7a<br \/>\nEm caso de superaquecimento, o Aquecedor \u00e9 desligado automaticamente.<\/p>\n","protected":false},"featured_media":5793,"comment_status":"open","ping_status":"closed","template":"","meta":[],"product_cat":[1098,168],"product_tag":[2183,2186,2185,2184],"_links":{"self":[{"href":"https:\/\/trenaferragens.com.br\/index.php?rest_route=\/wp\/v2\/product\/5792"}],"collection":[{"href":"https:\/\/trenaferragens.com.br\/index.php?rest_route=\/wp\/v2\/product"}],"about":[{"href":"https:\/\/trenaferragens.com.br\/index.php?rest_route=\/wp\/v2\/types\/product"}],"replies":[{"embeddable":true,"href":"https:\/\/trenaferragens.com.br\/index.php?rest_route=%2Fwp%2Fv2%2Fcomments&post=5792"}],"wp:featuredmedia":[{"embeddable":true,"href":"https:\/\/trenaferragens.com.br\/index.php?rest_route=\/wp\/v2\/media\/5793"}],"wp:attachment":[{"href":"https:\/\/trenaferragens.com.br\/index.php?rest_route=%2Fwp%2Fv2%2Fmedia&parent=5792"}],"wp:term":[{"taxonomy":"product_cat","embeddable":true,"href":"https:\/\/trenaferragens.com.br\/index.php?rest_route=%2Fwp%2Fv2%2Fproduct_cat&post=5792"},{"taxonomy":"product_tag","embeddable":true,"href":"https:\/\/trenaferragens.com.br\/index.php?rest_route=%2Fwp%2Fv2%2Fproduct_tag&post=5792"}],"curies":[{"name":"wp","href":"https:\/\/api.w.org\/{rel}","templated":true}]}}