{"id":5794,"date":"2019-01-18T16:51:48","date_gmt":"2019-01-18T16:51:48","guid":{"rendered":"http:\/\/trenaferragens1.hospedagemdesites.ws\/?post_type=product&#038;p=5794"},"modified":"2019-01-18T16:55:54","modified_gmt":"2019-01-18T16:55:54","slug":"aquecedor-de-agua-gas-gn-23-litros-lz-2300de","status":"publish","type":"product","link":"https:\/\/trenaferragens.com.br\/?product=aquecedor-de-agua-gas-gn-23-litros-lz-2300de","title":{"rendered":"Aquecedor de \u00c1gua G\u00e1s GN 23 Litros LZ-2300DE"},"content":{"rendered":"<p>Aquecedor de \u00c1gua G\u00e1s GN 23 Litros LZ-2300DE<\/p>\n<p>LORENZETTI<\/p>\n<p>Com 95 anos e trajet\u00f3ria marcada pela constante inova\u00e7\u00e3o, \u00e9tica e pioneirismo, a Lorenzetti \u00e9 l\u00edder no segmento de duchas, chuveiros, torneiras el\u00e9tricas e aquecedores de \u00e1gua a g\u00e1s. A empresa se destaca por colocar \u00e0 disposi\u00e7\u00e3o dos consumidores o que h\u00e1 de melhor em lou\u00e7as, assentos, metais e pl\u00e1sticos sanit\u00e1rios, purificadores de \u00e1gua e l\u00e2mpadas, refletores, pain\u00e9is e spots LED, fluorescentes compactas e de alta pot\u00eancia. Com quatro f\u00e1bricas no Brasil, sendo tr\u00eas unidades no Estado de S\u00e3o Paulo e uma em Minas Gerais, a Lorenzetti possui distribui\u00e7\u00e3o nacional e internacional. O objetivo \u00e9 oferecer produtos de qualidade e com design inovador, desenvolvidos com a mais alta tecnologia e consci\u00eancia ambiental.<\/p>\n","protected":false},"excerpt":{"rendered":"<p>Aquecedor de \u00c1gua G\u00e1s GN 23 Litros LZ-2300DE<\/p>\n<p>Caracter\u00edsticas<\/p>\n<p>Vaz\u00e3o 23,5 l\/min. GLP<br \/>\nVaz\u00e3o 23,0 l\/min. GN<\/p>\n<p>Exaust\u00e3o For\u00e7ada<br \/>\nModula\u00e7\u00e3o Autom\u00e1tica da Chama<br \/>\nPrograma\u00e7\u00e3o de Temperatura<br \/>\nChamin\u00e9 60 mm<\/p>\n<p>Display Touch<br \/>\nCom um simples toque no display voc\u00ea controla todas as fun\u00e7\u00f5es do seu aquecedor.<\/p>\n<p>Sistema de Exaust\u00e3o Inteligente<br \/>\nMaior efici\u00eancia na exaust\u00e3o dos gases, principalmente quando instalado em edif\u00edcios mais altos onde h\u00e1 maior incid\u00eancia de ventos.<\/p>\n<p>Controle Eletr\u00f4nico Digital\u00a0<br \/>\nAtrav\u00e9s de sensores de temperatura e fluxo de \u00e1gua, a unidade de comando eletr\u00f4nico gerencia e monitora as informa\u00e7\u00f5es garantindo sempre a temperatura selecionada.<\/p>\n<p>Modula\u00e7\u00e3o Autom\u00e1tica da Chama\u00a0<br \/>\nA temperatura da \u00e1gua se mant\u00e9m est\u00e1vel mesmo havendo abertura de mais um ponto de consumo durante o funcionamento do seu aquecedor.<\/p>\n<p>Acendimento Autom\u00e1tico<br \/>\nO aquecedor liga ao se abrir o registro de \u00e1gua.<\/p>\n<p>Sistemas de Seguran\u00e7a<br \/>\n&#8211; Sem Chama Piloto<br \/>\nSeguro e econ\u00f4mico, a chama fica acesa somente no momento de sua utiliza\u00e7\u00e3o.<br \/>\n&#8211; Sensor de Chama<br \/>\nCorta o g\u00e1s em caso de aus\u00eancia de chama &#8211; evita vazamentos.<br \/>\n&#8211; Termostato de Seguran\u00e7a<br \/>\nEm caso de superaquecimento, o Aquecedor \u00e9 desligado automaticamente.<\/p>\n<p>Compat\u00edvel com Sistema de Aquecimento Solar e Boiler<\/p>\n","protected":false},"featured_media":5795,"comment_status":"open","ping_status":"closed","template":"","meta":[],"product_cat":[1098,168],"product_tag":[2183,2186,2185,2184],"_links":{"self":[{"href":"https:\/\/trenaferragens.com.br\/index.php?rest_route=\/wp\/v2\/product\/5794"}],"collection":[{"href":"https:\/\/trenaferragens.com.br\/index.php?rest_route=\/wp\/v2\/product"}],"about":[{"href":"https:\/\/trenaferragens.com.br\/index.php?rest_route=\/wp\/v2\/types\/product"}],"replies":[{"embeddable":true,"href":"https:\/\/trenaferragens.com.br\/index.php?rest_route=%2Fwp%2Fv2%2Fcomments&post=5794"}],"wp:featuredmedia":[{"embeddable":true,"href":"https:\/\/trenaferragens.com.br\/index.php?rest_route=\/wp\/v2\/media\/5795"}],"wp:attachment":[{"href":"https:\/\/trenaferragens.com.br\/index.php?rest_route=%2Fwp%2Fv2%2Fmedia&parent=5794"}],"wp:term":[{"taxonomy":"product_cat","embeddable":true,"href":"https:\/\/trenaferragens.com.br\/index.php?rest_route=%2Fwp%2Fv2%2Fproduct_cat&post=5794"},{"taxonomy":"product_tag","embeddable":true,"href":"https:\/\/trenaferragens.com.br\/index.php?rest_route=%2Fwp%2Fv2%2Fproduct_tag&post=5794"}],"curies":[{"name":"wp","href":"https:\/\/api.w.org\/{rel}","templated":true}]}}