{"id":5807,"date":"2019-01-18T17:15:25","date_gmt":"2019-01-18T17:15:25","guid":{"rendered":"http:\/\/trenaferragens1.hospedagemdesites.ws\/?post_type=product&#038;p=5807"},"modified":"2019-01-18T17:32:12","modified_gmt":"2019-01-18T17:32:12","slug":"chuveiro-eletrico-lorenzetti-acqua-duo","status":"publish","type":"product","link":"https:\/\/trenaferragens.com.br\/?product=chuveiro-eletrico-lorenzetti-acqua-duo","title":{"rendered":"Chuveiro El\u00e9trico Lorenzetti Acqua Duo"},"content":{"rendered":"<p>Chuveiro El\u00e9trico Lorenzetti Acqua Duo<\/p>\n<p>LORENZETTI<\/p>\n<p>Com 95 anos e trajet\u00f3ria marcada pela constante inova\u00e7\u00e3o, \u00e9tica e pioneirismo, a Lorenzetti \u00e9 l\u00edder no segmento de duchas, chuveiros, torneiras el\u00e9tricas e aquecedores de \u00e1gua a g\u00e1s. A empresa se destaca por colocar \u00e0 disposi\u00e7\u00e3o dos consumidores o que h\u00e1 de melhor em lou\u00e7as, assentos, metais e pl\u00e1sticos sanit\u00e1rios, purificadores de \u00e1gua e l\u00e2mpadas, refletores, pain\u00e9is e spots LED, fluorescentes compactas e de alta pot\u00eancia. Com quatro f\u00e1bricas no Brasil, sendo tr\u00eas unidades no Estado de S\u00e3o Paulo e uma em Minas Gerais, a Lorenzetti possui distribui\u00e7\u00e3o nacional e internacional. O objetivo \u00e9 oferecer produtos de qualidade e com design inovador, desenvolvidos com a mais alta tecnologia e consci\u00eancia ambiental.<\/p>\n","protected":false},"excerpt":{"rendered":"<p>Chuveiro El\u00e9trico Lorenzetti Acqua Duo<\/p>\n<p>DISPON\u00cdVEL NAS OP\u00c7\u00d5ES: Branco 127\/5500W, Black\/Cromado 127\/5500W.<\/p>\n<p>Acqua Duo<\/p>\n<p>E para dar continuidade ao grande sucesso da Linha Acqua Ultra, a Lorenzetti surpreende mais uma vez com um produto sofisticado que possui acabamento moderno com linhas quadradas, design compacto, \u201cSimilar ao design de duchas Frias\u201d e que integra\u00a0ducha e chuveiro em um \u00fanico produto.\u00a0<\/p>\n<p>Na op\u00e7\u00e3o de banho com ducha, o jato \u00e9 direcion\u00e1vel e concentrado, inclinando-se na dire\u00e7\u00e3o desejada, enquanto o chuveiro proporciona um jato mais espa\u00e7ado, por meio de um espalhador de grande propor\u00e7\u00e3o.<\/p>\n<p>A Linha Acqua Ultra conta com a exclusiva Resist\u00eancia Loren Ultra, a primeira resist\u00eancia plana do mercado. Trata-se de um desenvolvimento com mais de cinco anos de estudos, que garante alta performance e longa dura\u00e7\u00e3o.<br \/>\nDucha e Chuveiro em um s\u00f3 produto\u00a0&#8211; Escolha a op\u00e7\u00e3o do seu banho.<\/p>\n<p>Tecnologia Press Plus\u00a0&#8211; Jatos de alta performance mesmo com baixa press\u00e3o.<\/p>\n<p>Exclusiva resist\u00eancia Loren Ultra\u00a0&#8211; Longa dura\u00e7\u00e3o em compara\u00e7\u00e3o as resist\u00eancias comuns.<\/p>\n<p>Resist\u00eancia de troca r\u00e1pida Loren Ultra &#8211;\u00a0Exclusivo cartucho que garante uma troca r\u00e1pida e segura.<\/p>\n<p>Comando eletr\u00f4nico &#8211;\u00a0Permite a escolha gradual e precisa da temperatura.<\/p>\n<p>&#8211; Haste de comando &#8211;\u00a0Controle de temperaturas e sele\u00e7\u00e3o do tipo de jato ao alcance das m\u00e3os (uso opcional).<\/p>\n<p>F\u00e1cil instala\u00e7\u00e3o &#8211;\u00a0Em poucos passos a ducha \u00e9 instalada ou removida.<\/p>\n<p>D.R.I.\u00a0&#8211; Dispositivo de Regulagem de Inclina\u00e7\u00e3o.<\/p>\n<p>Ducha manual com design exclusivo.<\/p>\n<p>Compat\u00edvel com\u00a0aquecimento solar e outros sistemas de aquecimento.<\/p>\n","protected":false},"featured_media":5808,"comment_status":"open","ping_status":"closed","template":"","meta":[],"product_cat":[1023,1028,168],"product_tag":[2188,2189,2187],"_links":{"self":[{"href":"https:\/\/trenaferragens.com.br\/index.php?rest_route=\/wp\/v2\/product\/5807"}],"collection":[{"href":"https:\/\/trenaferragens.com.br\/index.php?rest_route=\/wp\/v2\/product"}],"about":[{"href":"https:\/\/trenaferragens.com.br\/index.php?rest_route=\/wp\/v2\/types\/product"}],"replies":[{"embeddable":true,"href":"https:\/\/trenaferragens.com.br\/index.php?rest_route=%2Fwp%2Fv2%2Fcomments&post=5807"}],"wp:featuredmedia":[{"embeddable":true,"href":"https:\/\/trenaferragens.com.br\/index.php?rest_route=\/wp\/v2\/media\/5808"}],"wp:attachment":[{"href":"https:\/\/trenaferragens.com.br\/index.php?rest_route=%2Fwp%2Fv2%2Fmedia&parent=5807"}],"wp:term":[{"taxonomy":"product_cat","embeddable":true,"href":"https:\/\/trenaferragens.com.br\/index.php?rest_route=%2Fwp%2Fv2%2Fproduct_cat&post=5807"},{"taxonomy":"product_tag","embeddable":true,"href":"https:\/\/trenaferragens.com.br\/index.php?rest_route=%2Fwp%2Fv2%2Fproduct_tag&post=5807"}],"curies":[{"name":"wp","href":"https:\/\/api.w.org\/{rel}","templated":true}]}}