{"id":5810,"date":"2019-01-18T17:19:36","date_gmt":"2019-01-18T17:19:36","guid":{"rendered":"http:\/\/trenaferragens1.hospedagemdesites.ws\/?post_type=product&#038;p=5810"},"modified":"2019-01-18T17:28:56","modified_gmt":"2019-01-18T17:28:56","slug":"chuveiro-eletrico-lorenzetti-advanced-turbo-multi","status":"publish","type":"product","link":"https:\/\/trenaferragens.com.br\/?product=chuveiro-eletrico-lorenzetti-advanced-turbo-multi","title":{"rendered":"Chuveiro El\u00e9trico Lorenzetti Advanced Turbo Multi"},"content":{"rendered":"<p>Chuveiro El\u00e9trico Lorenzetti Advanced Turbo Multi<\/p>\n<p>LORENZETTI<\/p>\n<p>Com 95 anos e trajet\u00f3ria marcada pela constante inova\u00e7\u00e3o, \u00e9tica e pioneirismo, a Lorenzetti \u00e9 l\u00edder no segmento de duchas, chuveiros, torneiras el\u00e9tricas e aquecedores de \u00e1gua a g\u00e1s. A empresa se destaca por colocar \u00e0 disposi\u00e7\u00e3o dos consumidores o que h\u00e1 de melhor em lou\u00e7as, assentos, metais e pl\u00e1sticos sanit\u00e1rios, purificadores de \u00e1gua e l\u00e2mpadas, refletores, pain\u00e9is e spots LED, fluorescentes compactas e de alta pot\u00eancia. Com quatro f\u00e1bricas no Brasil, sendo tr\u00eas unidades no Estado de S\u00e3o Paulo e uma em Minas Gerais, a Lorenzetti possui distribui\u00e7\u00e3o nacional e internacional. O objetivo \u00e9 oferecer produtos de qualidade e com design inovador, desenvolvidos com a mais alta tecnologia e consci\u00eancia ambiental.<\/p>\n","protected":false},"excerpt":{"rendered":"<p>Chuveiro El\u00e9trico Lorenzetti Advanced Turbo Multi<\/p>\n<p>DISPON\u00cdVEL NAS OP\u00c7\u00d5ES:\u00a0Chuveiro El\u00e9trico Lorenzetti Advanced Turbo 127V\/5500,\u00a0Chuveiro El\u00e9trico Lorenzetti Advanced Turbo 220V\/6400W<\/p>\n<p>Advanced Turbo Eletr\u00f4nica<\/p>\n<p>A Ducha Advanced Turbo Eletr\u00f4nica \u00e9 ideal para todos os dias do ano, atrav\u00e9s de seu controle eletr\u00f4nico de temperaturas permite a sele\u00e7\u00e3o gradual e precisa, simples como ajustar o volume do seu r\u00e1dio.<\/p>\n<p>O controle eletr\u00f4nico proporciona mais economia de energia em dias mais quentes, evitando que se utilize uma temperatura e quantidade de \u00e1gua maior para ter um banho confort\u00e1vel, pois n\u00e3o h\u00e1 a necessidade de aumentar o volume de \u00e1gua para ajustar a temperatura.<\/p>\n<p>Ideal para resid\u00eancias com pouca press\u00e3o de \u00e1gua, conta com uma verdadeira tecnologia de pressuriza\u00e7\u00e3o de \u00e1gua que aumenta o volume e a press\u00e3o tornando o banho mais gostoso e relaxante.<\/p>\n<p>Comando Eletr\u00f4nico<br \/>\nPermite a escolha gradual da temperatura<\/p>\n<p>Pressurizador embutido<br \/>\nAumenta o volume e a press\u00e3o da \u00e1gua.<\/p>\n<p>Resist\u00eancia de Troca R\u00e1pida<br \/>\nTipo refil, de f\u00e1cil acesso<\/p>\n<p>Grande Espalhador<br \/>\nMais satisfa\u00e7\u00e3o em seu banho<\/p>\n<p>Haste de comando (uso opcional)<br \/>\nTroca de temperatura ao alcance das m\u00e3os.<\/p>\n","protected":false},"featured_media":5811,"comment_status":"open","ping_status":"closed","template":"","meta":[],"product_cat":[1023,1026,1028,168],"product_tag":[2192,2193,2194,2187],"_links":{"self":[{"href":"https:\/\/trenaferragens.com.br\/index.php?rest_route=\/wp\/v2\/product\/5810"}],"collection":[{"href":"https:\/\/trenaferragens.com.br\/index.php?rest_route=\/wp\/v2\/product"}],"about":[{"href":"https:\/\/trenaferragens.com.br\/index.php?rest_route=\/wp\/v2\/types\/product"}],"replies":[{"embeddable":true,"href":"https:\/\/trenaferragens.com.br\/index.php?rest_route=%2Fwp%2Fv2%2Fcomments&post=5810"}],"wp:featuredmedia":[{"embeddable":true,"href":"https:\/\/trenaferragens.com.br\/index.php?rest_route=\/wp\/v2\/media\/5811"}],"wp:attachment":[{"href":"https:\/\/trenaferragens.com.br\/index.php?rest_route=%2Fwp%2Fv2%2Fmedia&parent=5810"}],"wp:term":[{"taxonomy":"product_cat","embeddable":true,"href":"https:\/\/trenaferragens.com.br\/index.php?rest_route=%2Fwp%2Fv2%2Fproduct_cat&post=5810"},{"taxonomy":"product_tag","embeddable":true,"href":"https:\/\/trenaferragens.com.br\/index.php?rest_route=%2Fwp%2Fv2%2Fproduct_tag&post=5810"}],"curies":[{"name":"wp","href":"https:\/\/api.w.org\/{rel}","templated":true}]}}