{"id":5816,"date":"2019-01-18T17:50:08","date_gmt":"2019-01-18T17:50:08","guid":{"rendered":"http:\/\/trenaferragens1.hospedagemdesites.ws\/?post_type=product&#038;p=5816"},"modified":"2019-01-18T17:53:15","modified_gmt":"2019-01-18T17:53:15","slug":"chuveiro-eletrico-lorenzetti-bella-ducha-turbo","status":"publish","type":"product","link":"https:\/\/trenaferragens.com.br\/?product=chuveiro-eletrico-lorenzetti-bella-ducha-turbo","title":{"rendered":"Chuveiro El\u00e9trico Lorenzetti Bella Ducha Turbo"},"content":{"rendered":"<p>Chuveiro El\u00e9trico Lorenzetti Bella Ducha Turbo<\/p>\n<p>LORENZETTI<\/p>\n<p>Com 95 anos e trajet\u00f3ria marcada pela constante inova\u00e7\u00e3o, \u00e9tica e pioneirismo, a Lorenzetti \u00e9 l\u00edder no segmento de duchas, chuveiros, torneiras el\u00e9tricas e aquecedores de \u00e1gua a g\u00e1s. A empresa se destaca por colocar \u00e0 disposi\u00e7\u00e3o dos consumidores o que h\u00e1 de melhor em lou\u00e7as, assentos, metais e pl\u00e1sticos sanit\u00e1rios, purificadores de \u00e1gua e l\u00e2mpadas, refletores, pain\u00e9is e spots LED, fluorescentes compactas e de alta pot\u00eancia. Com quatro f\u00e1bricas no Brasil, sendo tr\u00eas unidades no Estado de S\u00e3o Paulo e uma em Minas Gerais, a Lorenzetti possui distribui\u00e7\u00e3o nacional e internacional. O objetivo \u00e9 oferecer produtos de qualidade e com design inovador, desenvolvidos com a mais alta tecnologia e consci\u00eancia ambiental.<\/p>\n","protected":false},"excerpt":{"rendered":"<p>Chuveiro El\u00e9trico Lorenzetti Bella Ducha Turbo<\/p>\n<p>DISPON\u00cdVEL NAS OP\u00c7\u00d5ES:<\/p>\n<p>Chuveiro El\u00e9trico Lorenzetti Bella Ducha Turbo 127V \/ 5500W<\/p>\n<p>Chuveiro El\u00e9trico Lorenzetti Bella Ducha Turbo 220V \/ 6800W<\/p>\n<p>Bella Ducha Turbo<\/p>\n<p>A Bella Ducha Turbo possui o que h\u00e1 de melhor em tecnologia de pressuriza\u00e7\u00e3o de \u00e1gua. Indicada para casas t\u00e9rreas, sobrados e apartamentos de cobertura, onde a press\u00e3o da \u00e1gua \u00e9 normalmente baixa, \u00e9 a solu\u00e7\u00e3o mais pr\u00e1tica e econ\u00f4mica para um banho gostoso e relaxante todo dia!<\/p>\n<p>Conta com um espalhador de grandes dimens\u00f5es e 4 op\u00e7\u00f5es de temperaturas, ideal para todas as esta\u00e7\u00f5es do ano.<\/p>\n<p>A ducha \u00e9 compat\u00edvel com aquecedores solares, ampliando assim a sua utiliza\u00e7\u00e3o.<\/p>\n<p>Comando Multitemperaturas<br \/>\nMais conforto e economia<\/p>\n<p>Resist\u00eancia de Troca R\u00e1pida<br \/>\nTipo refil, de f\u00e1cil acesso<\/p>\n<p>Grande Espalhador<br \/>\nMais conforto no seu banho.<\/p>\n<p>Pressurizador embutido<br \/>\nAumenta o volume e a press\u00e3o da \u00e1gua<\/p>\n","protected":false},"featured_media":5817,"comment_status":"open","ping_status":"closed","template":"","meta":[],"product_cat":[1023,1026,1028,168],"product_tag":[2192,2193,2195,2187],"_links":{"self":[{"href":"https:\/\/trenaferragens.com.br\/index.php?rest_route=\/wp\/v2\/product\/5816"}],"collection":[{"href":"https:\/\/trenaferragens.com.br\/index.php?rest_route=\/wp\/v2\/product"}],"about":[{"href":"https:\/\/trenaferragens.com.br\/index.php?rest_route=\/wp\/v2\/types\/product"}],"replies":[{"embeddable":true,"href":"https:\/\/trenaferragens.com.br\/index.php?rest_route=%2Fwp%2Fv2%2Fcomments&post=5816"}],"wp:featuredmedia":[{"embeddable":true,"href":"https:\/\/trenaferragens.com.br\/index.php?rest_route=\/wp\/v2\/media\/5817"}],"wp:attachment":[{"href":"https:\/\/trenaferragens.com.br\/index.php?rest_route=%2Fwp%2Fv2%2Fmedia&parent=5816"}],"wp:term":[{"taxonomy":"product_cat","embeddable":true,"href":"https:\/\/trenaferragens.com.br\/index.php?rest_route=%2Fwp%2Fv2%2Fproduct_cat&post=5816"},{"taxonomy":"product_tag","embeddable":true,"href":"https:\/\/trenaferragens.com.br\/index.php?rest_route=%2Fwp%2Fv2%2Fproduct_tag&post=5816"}],"curies":[{"name":"wp","href":"https:\/\/api.w.org\/{rel}","templated":true}]}}