{"id":5838,"date":"2019-01-18T19:47:26","date_gmt":"2019-01-18T19:47:26","guid":{"rendered":"http:\/\/trenaferragens1.hospedagemdesites.ws\/?post_type=product&#038;p=5838"},"modified":"2024-02-07T04:18:09","modified_gmt":"2024-02-07T04:18:09","slug":"chuveiro-eletrico-lorenzetti-futura-master","status":"publish","type":"product","link":"https:\/\/trenaferragens.com.br\/?product=chuveiro-eletrico-lorenzetti-futura-master","title":{"rendered":"Chuveiro El\u00e9trico Lorenzetti Futura Master"},"content":{"rendered":"<p>Chuveiro El\u00e9trico Lorenzetti Futura Master<\/p>\n<p>LORENZETTI<\/p>\n<p>Com 95 anos e trajet\u00f3ria marcada pela constante inova\u00e7\u00e3o, \u00e9tica e pioneirismo, a Lorenzetti \u00e9 l\u00edder no segmento de duchas, chuveiros, torneiras el\u00e9tricas e aquecedores de \u00e1gua a g\u00e1s. A empresa se destaca por colocar \u00e0 disposi\u00e7\u00e3o dos consumidores o que h\u00e1 de melhor em lou\u00e7as, assentos, metais e pl\u00e1sticos sanit\u00e1rios, purificadores de \u00e1gua e l\u00e2mpadas, refletores, pain\u00e9is e spots LED, fluorescentes compactas e de alta pot\u00eancia. Com quatro f\u00e1bricas no Brasil, sendo tr\u00eas unidades no Estado de S\u00e3o Paulo e uma em Minas Gerais, a Lorenzetti possui distribui\u00e7\u00e3o nacional e internacional. O objetivo \u00e9 oferecer produtos de qualidade e com design inovador, desenvolvidos com a mais alta tecnologia e consci\u00eancia ambiental.<\/p>\n","protected":false},"excerpt":{"rendered":"<p>Chuveiro El\u00e9trico Lorenzetti Futura Master<\/p>\n<p>DISPON\u00cdVEL NAS OP\u00c7\u00d5ES:<\/p>\n<p>Chuveiro El\u00e9trico Lorenzetti Futura Master 127V<\/p>\n<p>Futura Eletr\u00f4nica<\/p>\n<p>As duchas\u00a0Futura\u00a0possuem design moderno e oferecem uma experi\u00eancia \u00fanica de relaxamento durante o banho, al\u00e9m de dispensar o cano para instala\u00e7\u00e3o, deixando o ambiente mais harmonioso. A Ducha Futura Eletr\u00f4nica, possui controle de temperatura gradual proporcionando maior comodidade e economia na hora do banho. A escolha da temperatura \u00e9 realizada por meio de bot\u00e3o ou de haste prolongadora de 20 cm, que facilita ainda mais o acesso.<br \/>\nDesign Moderno<br \/>\nDucha de Parede (sem a necessidade de cano para instala\u00e7\u00e3o) com design inovador, seguindo a tend\u00eancia de linhas quadradas.Comando Eletr\u00f4nico<br \/>\nPermite a escolha gradual e precisa da temperatura.<br \/>\nHaste de Comando com 20cm<br \/>\nTroca de temperaturas ao alcance das m\u00e3os (uso opcional).*<\/p>\n<p>Compat\u00edvel com dispositivo de prote\u00e7\u00e3o DR*<br \/>\n*Dispositivo Diferencial Residual.<\/p>\n<p>Compat\u00edvel com aquecimento solar e outros sistemas de aquecimento.<\/p>\n","protected":false},"featured_media":5839,"comment_status":"open","ping_status":"closed","template":"","meta":[],"product_cat":[1023,1026,1028,168],"product_tag":[2192,2193,2202,2187],"_links":{"self":[{"href":"https:\/\/trenaferragens.com.br\/index.php?rest_route=\/wp\/v2\/product\/5838"}],"collection":[{"href":"https:\/\/trenaferragens.com.br\/index.php?rest_route=\/wp\/v2\/product"}],"about":[{"href":"https:\/\/trenaferragens.com.br\/index.php?rest_route=\/wp\/v2\/types\/product"}],"replies":[{"embeddable":true,"href":"https:\/\/trenaferragens.com.br\/index.php?rest_route=%2Fwp%2Fv2%2Fcomments&post=5838"}],"wp:featuredmedia":[{"embeddable":true,"href":"https:\/\/trenaferragens.com.br\/index.php?rest_route=\/wp\/v2\/media\/5839"}],"wp:attachment":[{"href":"https:\/\/trenaferragens.com.br\/index.php?rest_route=%2Fwp%2Fv2%2Fmedia&parent=5838"}],"wp:term":[{"taxonomy":"product_cat","embeddable":true,"href":"https:\/\/trenaferragens.com.br\/index.php?rest_route=%2Fwp%2Fv2%2Fproduct_cat&post=5838"},{"taxonomy":"product_tag","embeddable":true,"href":"https:\/\/trenaferragens.com.br\/index.php?rest_route=%2Fwp%2Fv2%2Fproduct_tag&post=5838"}],"curies":[{"name":"wp","href":"https:\/\/api.w.org\/{rel}","templated":true}]}}