{"id":5847,"date":"2019-01-24T15:40:32","date_gmt":"2019-01-24T15:40:32","guid":{"rendered":"http:\/\/trenaferragens1.hospedagemdesites.ws\/?post_type=product&#038;p=5847"},"modified":"2019-01-24T15:42:39","modified_gmt":"2019-01-24T15:42:39","slug":"fechadura-papaiz-tetra-142-cr-r68-4-voltas","status":"publish","type":"product","link":"https:\/\/trenaferragens.com.br\/?product=fechadura-papaiz-tetra-142-cr-r68-4-voltas","title":{"rendered":"Fechadura Papaiz Tetra 142 CR R68 4 Voltas"},"content":{"rendered":"<p>Fechadura Papaiz Tetra 142 CR R68 4 Voltas<\/p>\n<p>De origem italiana, a Papaiz foi fundada no Brasil em 1952, por Luigi Papaiz, que com uma vis\u00e3o empreendedora transformou a marca em refer\u00eancia em cadeados e fechaduras.<\/p>\n<p>Presente em mais de 20 pa\u00edses, o portf\u00f3lio da Papaiz conta com cadeados, fechaduras residenciais e para m\u00f3veis, dobradi\u00e7as e acess\u00f3rios.<\/p>\n<p>Ao inserir o conceito de estilo e design no mundo dos cadeados e fechaduras resid\u00eanciais, a Papaiz \u00e9 reconhecida como empresa que dita tend\u00eanciais. As parcerias com nomes de destaque do design brasileiro fizeram com que os itens de seguran\u00e7a, aos poucos, se transformassem em objetos de desejo, resguardados de modo seguro e harmonioso.<\/p>\n<p>Em 2015, a Papaiz foi adquirida pelo gupo sueco ASSA ABLOY, que compreende mais de 400 empresas subsidi\u00e1rias em 70 pa\u00edses.<\/p>\n<p>No Brasil, desde 2005, a ASSA ABLOY Brasil adquiriu marcas nacionais de grande qualidade e prest\u00edgio entre os brasileiros como La Fonte, Papaiz, Silvana, Udinese, Metalika e Vault. Al\u00e9m das marcas locais, o Grupo possui uma infinidade de solu\u00e7\u00f5es de marcas internacionais como Yale, Securitron, Norton, Medeco, Hes, entre outras.<\/p>\n<p>Tanto no Brasil como no resto do mundo, a for\u00e7a do grupo \u00e9 a variedade de produtos tradicionais e principalmente os que agregam novas tecnologias e que podem ser combinados para criar solu\u00e7\u00f5es completas de seguran\u00e7a e de abertura de portas.<\/p>\n","protected":false},"excerpt":{"rendered":"<p>Fechadura Papaiz Tetra 142 CR R68 4 Voltas<\/p>\n<p>Nome do Produto: Fechadura auxiliar<\/p>\n<p>Modelo: 142<\/p>\n<p>Cilindro: 140\/3 (incluso)<\/p>\n<p>Material da caixa e tampa: a\u00e7o (esp. 1,25mm)<\/p>\n<p>Material da lingueta: zamac<\/p>\n<p>Material da testa e contra testa: lat\u00e3o<\/p>\n<p>Material do cilindro: lat\u00e3o<\/p>\n<p>Chave com haste em lat\u00e3o<\/p>\n","protected":false},"featured_media":5848,"comment_status":"open","ping_status":"closed","template":"","meta":[],"product_cat":[198,1078],"product_tag":[2205,2206,2204],"_links":{"self":[{"href":"https:\/\/trenaferragens.com.br\/index.php?rest_route=\/wp\/v2\/product\/5847"}],"collection":[{"href":"https:\/\/trenaferragens.com.br\/index.php?rest_route=\/wp\/v2\/product"}],"about":[{"href":"https:\/\/trenaferragens.com.br\/index.php?rest_route=\/wp\/v2\/types\/product"}],"replies":[{"embeddable":true,"href":"https:\/\/trenaferragens.com.br\/index.php?rest_route=%2Fwp%2Fv2%2Fcomments&post=5847"}],"wp:featuredmedia":[{"embeddable":true,"href":"https:\/\/trenaferragens.com.br\/index.php?rest_route=\/wp\/v2\/media\/5848"}],"wp:attachment":[{"href":"https:\/\/trenaferragens.com.br\/index.php?rest_route=%2Fwp%2Fv2%2Fmedia&parent=5847"}],"wp:term":[{"taxonomy":"product_cat","embeddable":true,"href":"https:\/\/trenaferragens.com.br\/index.php?rest_route=%2Fwp%2Fv2%2Fproduct_cat&post=5847"},{"taxonomy":"product_tag","embeddable":true,"href":"https:\/\/trenaferragens.com.br\/index.php?rest_route=%2Fwp%2Fv2%2Fproduct_tag&post=5847"}],"curies":[{"name":"wp","href":"https:\/\/api.w.org\/{rel}","templated":true}]}}