{"id":5851,"date":"2019-01-24T16:07:22","date_gmt":"2019-01-24T16:07:22","guid":{"rendered":"http:\/\/trenaferragens1.hospedagemdesites.ws\/?post_type=product&#038;p=5851"},"modified":"2019-01-24T16:19:04","modified_gmt":"2019-01-24T16:19:04","slug":"chuveiro-eletrico-lorenzetti-maxi-banho-ducha-ultra","status":"publish","type":"product","link":"https:\/\/trenaferragens.com.br\/?product=chuveiro-eletrico-lorenzetti-maxi-banho-ducha-ultra","title":{"rendered":"Chuveiro El\u00e9trico Lorenzetti Maxi Banho Ducha Ultra"},"content":{"rendered":"<p>Chuveiro El\u00e9trico Lorenzetti Maxi Banho Ducha Ultra<\/p>\n<p>LORENZETTI<\/p>\n<p>Com 95 anos e trajet\u00f3ria marcada pela constante inova\u00e7\u00e3o, \u00e9tica e pioneirismo, a Lorenzetti \u00e9 l\u00edder no segmento de duchas, chuveiros, torneiras el\u00e9tricas e aquecedores de \u00e1gua a g\u00e1s. A empresa se destaca por colocar \u00e0 disposi\u00e7\u00e3o dos consumidores o que h\u00e1 de melhor em lou\u00e7as, assentos, metais e pl\u00e1sticos sanit\u00e1rios, purificadores de \u00e1gua e l\u00e2mpadas, refletores, pain\u00e9is e spots LED, fluorescentes compactas e de alta pot\u00eancia. Com quatro f\u00e1bricas no Brasil, sendo tr\u00eas unidades no Estado de S\u00e3o Paulo e uma em Minas Gerais, a Lorenzetti possui distribui\u00e7\u00e3o nacional e internacional. O objetivo \u00e9 oferecer produtos de qualidade e com design inovador, desenvolvidos com a mais alta tecnologia e consci\u00eancia ambiental.<\/p>\n","protected":false},"excerpt":{"rendered":"<p>Chuveiro El\u00e9trico Lorenzetti Maxi Banho Ducha Ultra<\/p>\n<p>DISPON\u00cdVEL NAS OP\u00c7\u00d5ES:<\/p>\n<p>Chuveiro El\u00e9trico Lorenzetti Maxi Banho C\/Cano 127V \/ 4600W<\/p>\n<p>Chuveiro El\u00e9trico Lorenzetti Maxi Banho C\/Cano 127V \/ 5500W<\/p>\n<p>Chuveiro El\u00e9trico Lorenzetti Maxi Banho C\/Cano 220V \/ 4600W<\/p>\n<p>Maxi Banho<br \/>\nO Maxi Banho agora vem com a nova resist\u00eancia Loren Ultra. A tecnologia Loren Ultra revoluciona o conceito de durabilidade e desempenho em compara\u00e7\u00e3o as resist\u00eancias comuns.<br \/>\nEconomia no pre\u00e7o e modernidade do design acompanham a Maxi Banho. Com espalhador de grandes dimens\u00f5es, a Maxi Banho proporciona um banho relaxante, pois oferece uma vaz\u00e3o uniforme de \u00e1gua.3 Temperaturas\u00a0<br \/>\nAquecimento e economia na medida certa.<br \/>\nGrande Espalhador<br \/>\nMais conforto no seu banho.<\/p>\n<p>Acompanha exclusivo cano Lorenzetti<\/p>\n","protected":false},"featured_media":5852,"comment_status":"open","ping_status":"closed","template":"","meta":[],"product_cat":[1023,1026,1028,168],"product_tag":[2192,2193,2207,2187],"_links":{"self":[{"href":"https:\/\/trenaferragens.com.br\/index.php?rest_route=\/wp\/v2\/product\/5851"}],"collection":[{"href":"https:\/\/trenaferragens.com.br\/index.php?rest_route=\/wp\/v2\/product"}],"about":[{"href":"https:\/\/trenaferragens.com.br\/index.php?rest_route=\/wp\/v2\/types\/product"}],"replies":[{"embeddable":true,"href":"https:\/\/trenaferragens.com.br\/index.php?rest_route=%2Fwp%2Fv2%2Fcomments&post=5851"}],"wp:featuredmedia":[{"embeddable":true,"href":"https:\/\/trenaferragens.com.br\/index.php?rest_route=\/wp\/v2\/media\/5852"}],"wp:attachment":[{"href":"https:\/\/trenaferragens.com.br\/index.php?rest_route=%2Fwp%2Fv2%2Fmedia&parent=5851"}],"wp:term":[{"taxonomy":"product_cat","embeddable":true,"href":"https:\/\/trenaferragens.com.br\/index.php?rest_route=%2Fwp%2Fv2%2Fproduct_cat&post=5851"},{"taxonomy":"product_tag","embeddable":true,"href":"https:\/\/trenaferragens.com.br\/index.php?rest_route=%2Fwp%2Fv2%2Fproduct_tag&post=5851"}],"curies":[{"name":"wp","href":"https:\/\/api.w.org\/{rel}","templated":true}]}}