{"id":5855,"date":"2019-01-24T16:30:26","date_gmt":"2019-01-24T16:30:26","guid":{"rendered":"http:\/\/trenaferragens1.hospedagemdesites.ws\/?post_type=product&#038;p=5855"},"modified":"2019-01-24T16:33:39","modified_gmt":"2019-01-24T16:33:39","slug":"chuveiro-eletrico-lorenzetti-top-jet-multi","status":"publish","type":"product","link":"https:\/\/trenaferragens.com.br\/?product=chuveiro-eletrico-lorenzetti-top-jet-multi","title":{"rendered":"Chuveiro El\u00e9trico Lorenzetti Top Jet Multi"},"content":{"rendered":"<p>Chuveiro El\u00e9trico Lorenzetti Top Jet Multi<\/p>\n<p>LORENZETTI<\/p>\n<p>Com 95 anos e trajet\u00f3ria marcada pela constante inova\u00e7\u00e3o, \u00e9tica e pioneirismo, a Lorenzetti \u00e9 l\u00edder no segmento de duchas, chuveiros, torneiras el\u00e9tricas e aquecedores de \u00e1gua a g\u00e1s. A empresa se destaca por colocar \u00e0 disposi\u00e7\u00e3o dos consumidores o que h\u00e1 de melhor em lou\u00e7as, assentos, metais e pl\u00e1sticos sanit\u00e1rios, purificadores de \u00e1gua e l\u00e2mpadas, refletores, pain\u00e9is e spots LED, fluorescentes compactas e de alta pot\u00eancia. Com quatro f\u00e1bricas no Brasil, sendo tr\u00eas unidades no Estado de S\u00e3o Paulo e uma em Minas Gerais, a Lorenzetti possui distribui\u00e7\u00e3o nacional e internacional. O objetivo \u00e9 oferecer produtos de qualidade e com design inovador, desenvolvidos com a mais alta tecnologia e consci\u00eancia ambiental.<\/p>\n","protected":false},"excerpt":{"rendered":"<p>Chuveiro El\u00e9trico Lorenzetti Top Jet Multi<\/p>\n<p>DISPON\u00cdVEL NAS OP\u00c7\u00d5ES:<\/p>\n<p>Chuveiro El\u00e9trico Lorenzetti Top Jet Multi 127V \/ 5500W<\/p>\n<p>Chuveiro El\u00e9trico Lorenzetti Top Jet Multi 220V \/ 6400W<\/p>\n<p>Ducha Top Jet Multitemperaturas<\/p>\n<p>M\u00e1ximo conforto e o prazer de um banho das famosas e conhecidas duchas de parede, conta com um grande espalhador e maior \u00e1rea de banho para um jato incr\u00edvel. Com 4 temperaturas pr\u00e9-definidas proporciona mais conforto e economia em todas as esta\u00e7\u00f5es do ano. Acionamento super pr\u00e1tico atrav\u00e9s de bot\u00e3o ou exclusiva haste prolongadora de 30 cent\u00edmetros que facilita o acesso.<\/p>\n<p>Uma ducha que mistura linhas curvas e arrojadas, \u00e9 assinada pela equipe Lorenzetti de design premiada pelo Museu da Casa Brasileira em 2011.<\/p>\n<p>A Ducha Top Jet \u00e9 compat\u00edvel com aquecedores solares, aumentando sua abrang\u00eancia de utiliza\u00e7\u00e3o.<\/p>\n","protected":false},"featured_media":5856,"comment_status":"open","ping_status":"closed","template":"","meta":[],"product_cat":[1023,1026,1028,168],"product_tag":[2192,2193,2209,2187],"_links":{"self":[{"href":"https:\/\/trenaferragens.com.br\/index.php?rest_route=\/wp\/v2\/product\/5855"}],"collection":[{"href":"https:\/\/trenaferragens.com.br\/index.php?rest_route=\/wp\/v2\/product"}],"about":[{"href":"https:\/\/trenaferragens.com.br\/index.php?rest_route=\/wp\/v2\/types\/product"}],"replies":[{"embeddable":true,"href":"https:\/\/trenaferragens.com.br\/index.php?rest_route=%2Fwp%2Fv2%2Fcomments&post=5855"}],"wp:featuredmedia":[{"embeddable":true,"href":"https:\/\/trenaferragens.com.br\/index.php?rest_route=\/wp\/v2\/media\/5856"}],"wp:attachment":[{"href":"https:\/\/trenaferragens.com.br\/index.php?rest_route=%2Fwp%2Fv2%2Fmedia&parent=5855"}],"wp:term":[{"taxonomy":"product_cat","embeddable":true,"href":"https:\/\/trenaferragens.com.br\/index.php?rest_route=%2Fwp%2Fv2%2Fproduct_cat&post=5855"},{"taxonomy":"product_tag","embeddable":true,"href":"https:\/\/trenaferragens.com.br\/index.php?rest_route=%2Fwp%2Fv2%2Fproduct_tag&post=5855"}],"curies":[{"name":"wp","href":"https:\/\/api.w.org\/{rel}","templated":true}]}}