{"id":5857,"date":"2019-01-24T16:33:53","date_gmt":"2019-01-24T16:33:53","guid":{"rendered":"http:\/\/trenaferragens1.hospedagemdesites.ws\/?post_type=product&#038;p=5857"},"modified":"2019-01-24T16:36:04","modified_gmt":"2019-01-24T16:36:04","slug":"chuveiro-eletrico-lorenzetti-tradicao-cr","status":"publish","type":"product","link":"https:\/\/trenaferragens.com.br\/?product=chuveiro-eletrico-lorenzetti-tradicao-cr","title":{"rendered":"Chuveiro El\u00e9trico Lorenzetti Tradi\u00e7\u00e3o CR"},"content":{"rendered":"<p>Chuveiro El\u00e9trico Lorenzetti Tradi\u00e7\u00e3o CR<\/p>\n<p>LORENZETTI<\/p>\n<p>Com 95 anos e trajet\u00f3ria marcada pela constante inova\u00e7\u00e3o, \u00e9tica e pioneirismo, a Lorenzetti \u00e9 l\u00edder no segmento de duchas, chuveiros, torneiras el\u00e9tricas e aquecedores de \u00e1gua a g\u00e1s. A empresa se destaca por colocar \u00e0 disposi\u00e7\u00e3o dos consumidores o que h\u00e1 de melhor em lou\u00e7as, assentos, metais e pl\u00e1sticos sanit\u00e1rios, purificadores de \u00e1gua e l\u00e2mpadas, refletores, pain\u00e9is e spots LED, fluorescentes compactas e de alta pot\u00eancia. Com quatro f\u00e1bricas no Brasil, sendo tr\u00eas unidades no Estado de S\u00e3o Paulo e uma em Minas Gerais, a Lorenzetti possui distribui\u00e7\u00e3o nacional e internacional. O objetivo \u00e9 oferecer produtos de qualidade e com design inovador, desenvolvidos com a mais alta tecnologia e consci\u00eancia ambiental.<\/p>\n","protected":false},"excerpt":{"rendered":"<p>Chuveiro El\u00e9trico Lorenzetti Tradi\u00e7\u00e3o CR<\/p>\n<p>DISPON\u00cdVEL NAS OP\u00c7\u00d5ES:<\/p>\n<p>Chuveiro El\u00e9trico Lorenzetti Tradi\u00e7\u00e3o CR 127V \/ 5500W<\/p>\n<p>Chuveiro El\u00e9trico Lorenzetti Tradi\u00e7\u00e3o CR 220V \/ 6800W<\/p>\n<p>Chuveiro Tradi\u00e7\u00e3o<\/p>\n<p>O Chuveiro Tradi\u00e7\u00e3o \u00e9 um \u00edcone da categoria de chuveiros. \u00c9 sin\u00f4nimo de banho.<\/p>\n<p>Dispon\u00edvel no acabamento cromado, ele \u00e9 perfeito para combinar com os metais de seu banheiro. Seu espalhador moderno valoriza o design do chuveiro, proporcionando um banho vigoroso aliado a bom gosto e funcionalidade.<\/p>\n<p>Durabilidade e Seguran\u00e7a<br \/>\nQualidade aprimorada ao longo dos anos.<\/p>\n<p>Comando Multitemperaturas<br \/>\nMais conforto e economia<\/p>\n<p>Espalhador Diferenciado<br \/>\nMais prazer no seu banho.<\/p>\n","protected":false},"featured_media":5858,"comment_status":"open","ping_status":"closed","template":"","meta":[],"product_cat":[1023,1026,1028,168],"product_tag":[2192,2193,2210,2187],"_links":{"self":[{"href":"https:\/\/trenaferragens.com.br\/index.php?rest_route=\/wp\/v2\/product\/5857"}],"collection":[{"href":"https:\/\/trenaferragens.com.br\/index.php?rest_route=\/wp\/v2\/product"}],"about":[{"href":"https:\/\/trenaferragens.com.br\/index.php?rest_route=\/wp\/v2\/types\/product"}],"replies":[{"embeddable":true,"href":"https:\/\/trenaferragens.com.br\/index.php?rest_route=%2Fwp%2Fv2%2Fcomments&post=5857"}],"wp:featuredmedia":[{"embeddable":true,"href":"https:\/\/trenaferragens.com.br\/index.php?rest_route=\/wp\/v2\/media\/5858"}],"wp:attachment":[{"href":"https:\/\/trenaferragens.com.br\/index.php?rest_route=%2Fwp%2Fv2%2Fmedia&parent=5857"}],"wp:term":[{"taxonomy":"product_cat","embeddable":true,"href":"https:\/\/trenaferragens.com.br\/index.php?rest_route=%2Fwp%2Fv2%2Fproduct_cat&post=5857"},{"taxonomy":"product_tag","embeddable":true,"href":"https:\/\/trenaferragens.com.br\/index.php?rest_route=%2Fwp%2Fv2%2Fproduct_tag&post=5857"}],"curies":[{"name":"wp","href":"https:\/\/api.w.org\/{rel}","templated":true}]}}