{"id":5881,"date":"2019-01-24T17:22:14","date_gmt":"2019-01-24T17:22:14","guid":{"rendered":"http:\/\/trenaferragens1.hospedagemdesites.ws\/?post_type=product&#038;p=5881"},"modified":"2019-01-24T17:32:24","modified_gmt":"2019-01-24T17:32:24","slug":"chuveiro-lorenzetti-flatt-cr-7001-f16","status":"publish","type":"product","link":"https:\/\/trenaferragens.com.br\/?product=chuveiro-lorenzetti-flatt-cr-7001-f16","title":{"rendered":"Chuveiro Lorenzetti Flatt CR 7001 F16"},"content":{"rendered":"<p>Chuveiro Lorenzetti Flatt CR 7001 F16<\/p>\n<p>LORENZETTI<\/p>\n<p>Com 95 anos e trajet\u00f3ria marcada pela constante inova\u00e7\u00e3o, \u00e9tica e pioneirismo, a Lorenzetti \u00e9 l\u00edder no segmento de duchas, chuveiros, torneiras el\u00e9tricas e aquecedores de \u00e1gua a g\u00e1s. A empresa se destaca por colocar \u00e0 disposi\u00e7\u00e3o dos consumidores o que h\u00e1 de melhor em lou\u00e7as, assentos, metais e pl\u00e1sticos sanit\u00e1rios, purificadores de \u00e1gua e l\u00e2mpadas, refletores, pain\u00e9is e spots LED, fluorescentes compactas e de alta pot\u00eancia. Com quatro f\u00e1bricas no Brasil, sendo tr\u00eas unidades no Estado de S\u00e3o Paulo e uma em Minas Gerais, a Lorenzetti possui distribui\u00e7\u00e3o nacional e internacional. O objetivo \u00e9 oferecer produtos de qualidade e com design inovador, desenvolvidos com a mais alta tecnologia e consci\u00eancia ambiental.<\/p>\n","protected":false},"excerpt":{"rendered":"<p>Chuveiro Lorenzetti Flatt CR 7001 F16<\/p>\n<p>Ideal para utiliza\u00e7\u00e3o com aquecedores de \u00e1gua a g\u00e1s, a ducha se diferencia pelo redutor de vaz\u00e3o de \u00e1gua integrado, que economiza at\u00e9 70% de \u00e1gua sem perder o conforto no banho.<\/p>\n<p>A ducha Flatt conta com espalhador articulado, que possibilita o direcionamento do jato, garantindo o bem-estar na hora do banho. O espalhador apresenta tamb\u00e9m uma rede de conten\u00e7\u00e3o de res\u00edduos, que evita a obstru\u00e7\u00e3o das sa\u00eddas de \u00e1gua se houver sujeira na tubula\u00e7\u00e3o.<\/p>\n","protected":false},"featured_media":5882,"comment_status":"open","ping_status":"closed","template":"","meta":[],"product_cat":[1023,1028,168,1188],"product_tag":[2192,2220,2187],"_links":{"self":[{"href":"https:\/\/trenaferragens.com.br\/index.php?rest_route=\/wp\/v2\/product\/5881"}],"collection":[{"href":"https:\/\/trenaferragens.com.br\/index.php?rest_route=\/wp\/v2\/product"}],"about":[{"href":"https:\/\/trenaferragens.com.br\/index.php?rest_route=\/wp\/v2\/types\/product"}],"replies":[{"embeddable":true,"href":"https:\/\/trenaferragens.com.br\/index.php?rest_route=%2Fwp%2Fv2%2Fcomments&post=5881"}],"wp:featuredmedia":[{"embeddable":true,"href":"https:\/\/trenaferragens.com.br\/index.php?rest_route=\/wp\/v2\/media\/5882"}],"wp:attachment":[{"href":"https:\/\/trenaferragens.com.br\/index.php?rest_route=%2Fwp%2Fv2%2Fmedia&parent=5881"}],"wp:term":[{"taxonomy":"product_cat","embeddable":true,"href":"https:\/\/trenaferragens.com.br\/index.php?rest_route=%2Fwp%2Fv2%2Fproduct_cat&post=5881"},{"taxonomy":"product_tag","embeddable":true,"href":"https:\/\/trenaferragens.com.br\/index.php?rest_route=%2Fwp%2Fv2%2Fproduct_tag&post=5881"}],"curies":[{"name":"wp","href":"https:\/\/api.w.org\/{rel}","templated":true}]}}