{"id":5889,"date":"2019-01-24T17:47:26","date_gmt":"2019-01-24T17:47:26","guid":{"rendered":"http:\/\/trenaferragens1.hospedagemdesites.ws\/?post_type=product&#038;p=5889"},"modified":"2019-01-24T18:16:48","modified_gmt":"2019-01-24T18:16:48","slug":"ducha-higienica-eletrica-3t-4000w-127v","status":"publish","type":"product","link":"https:\/\/trenaferragens.com.br\/?product=ducha-higienica-eletrica-3t-4000w-127v","title":{"rendered":"Ducha Higi\u00eanica El\u00e9trica 3T 4000W 127V"},"content":{"rendered":"<p>Ducha Higi\u00eanica El\u00e9trica 3T 4000W 127V<\/p>\n<p>LORENZETTI<\/p>\n<p>Com 95 anos e trajet\u00f3ria marcada pela constante inova\u00e7\u00e3o, \u00e9tica e pioneirismo, a Lorenzetti \u00e9 l\u00edder no segmento de duchas, chuveiros, torneiras el\u00e9tricas e aquecedores de \u00e1gua a g\u00e1s. A empresa se destaca por colocar \u00e0 disposi\u00e7\u00e3o dos consumidores o que h\u00e1 de melhor em lou\u00e7as, assentos, metais e pl\u00e1sticos sanit\u00e1rios, purificadores de \u00e1gua e l\u00e2mpadas, refletores, pain\u00e9is e spots LED, fluorescentes compactas e de alta pot\u00eancia. Com quatro f\u00e1bricas no Brasil, sendo tr\u00eas unidades no Estado de S\u00e3o Paulo e uma em Minas Gerais, a Lorenzetti possui distribui\u00e7\u00e3o nacional e internacional. O objetivo \u00e9 oferecer produtos de qualidade e com design inovador, desenvolvidos com a mais alta tecnologia e consci\u00eancia ambiental.<\/p>\n","protected":false},"excerpt":{"rendered":"<p>Ducha Higi\u00eanica El\u00e9trica 3T 4000W 127V<\/p>\n<p>A Ducha Higi\u00eanica 3T proporciona conforto no seu dia-a-dia, pois oferece \u00e1gua quente para a sua higiene pessoal.<\/p>\n<p>Pode ser utilizada na substitui\u00e7\u00e3o do bid\u00ea, sendo instalada ao lado da bacia sanit\u00e1ria.<\/p>\n<p>Pr\u00e1tico<br \/>\nDucha manual com design moderno.<\/p>\n<p>3 Temperaturas<\/p>\n<p>Aquecimento e economia na medida certa.<\/p>\n<p>\u00c1gua Quente Instantaneamente<\/p>\n<p>Sem desperd\u00edcio de \u00e1gua e energia.<\/p>\n<p>Troca R\u00e1pida da Resist\u00eancia\u00a0<\/p>\n<p>Tipo refil, de f\u00e1cil acesso.<\/p>\n","protected":false},"featured_media":5890,"comment_status":"open","ping_status":"closed","template":"","meta":[],"product_cat":[1023,1029,168,1188],"product_tag":[2227,2226,2187],"_links":{"self":[{"href":"https:\/\/trenaferragens.com.br\/index.php?rest_route=\/wp\/v2\/product\/5889"}],"collection":[{"href":"https:\/\/trenaferragens.com.br\/index.php?rest_route=\/wp\/v2\/product"}],"about":[{"href":"https:\/\/trenaferragens.com.br\/index.php?rest_route=\/wp\/v2\/types\/product"}],"replies":[{"embeddable":true,"href":"https:\/\/trenaferragens.com.br\/index.php?rest_route=%2Fwp%2Fv2%2Fcomments&post=5889"}],"wp:featuredmedia":[{"embeddable":true,"href":"https:\/\/trenaferragens.com.br\/index.php?rest_route=\/wp\/v2\/media\/5890"}],"wp:attachment":[{"href":"https:\/\/trenaferragens.com.br\/index.php?rest_route=%2Fwp%2Fv2%2Fmedia&parent=5889"}],"wp:term":[{"taxonomy":"product_cat","embeddable":true,"href":"https:\/\/trenaferragens.com.br\/index.php?rest_route=%2Fwp%2Fv2%2Fproduct_cat&post=5889"},{"taxonomy":"product_tag","embeddable":true,"href":"https:\/\/trenaferragens.com.br\/index.php?rest_route=%2Fwp%2Fv2%2Fproduct_tag&post=5889"}],"curies":[{"name":"wp","href":"https:\/\/api.w.org\/{rel}","templated":true}]}}