{"id":5909,"date":"2019-01-24T18:53:37","date_gmt":"2019-01-24T18:53:37","guid":{"rendered":"http:\/\/trenaferragens1.hospedagemdesites.ws\/?post_type=product&#038;p=5909"},"modified":"2019-01-24T18:57:04","modified_gmt":"2019-01-24T18:57:04","slug":"kit-2000-f22-pvc-5-pecas-banheiro-branco","status":"publish","type":"product","link":"https:\/\/trenaferragens.com.br\/?product=kit-2000-f22-pvc-5-pecas-banheiro-branco","title":{"rendered":"Kit 2000 F22 PVC 5 Pe\u00e7as Banheiro Branco"},"content":{"rendered":"<p>Kit 2000 F22 PVC 5 Pe\u00e7as Banheiro Branco<\/p>\n<p>LORENZETTI<\/p>\n<p>Com 95 anos e trajet\u00f3ria marcada pela constante inova\u00e7\u00e3o, \u00e9tica e pioneirismo, a Lorenzetti \u00e9 l\u00edder no segmento de duchas, chuveiros, torneiras el\u00e9tricas e aquecedores de \u00e1gua a g\u00e1s. A empresa se destaca por colocar \u00e0 disposi\u00e7\u00e3o dos consumidores o que h\u00e1 de melhor em lou\u00e7as, assentos, metais e pl\u00e1sticos sanit\u00e1rios, purificadores de \u00e1gua e l\u00e2mpadas, refletores, pain\u00e9is e spots LED, fluorescentes compactas e de alta pot\u00eancia. Com quatro f\u00e1bricas no Brasil, sendo tr\u00eas unidades no Estado de S\u00e3o Paulo e uma em Minas Gerais, a Lorenzetti possui distribui\u00e7\u00e3o nacional e internacional. O objetivo \u00e9 oferecer produtos de qualidade e com design inovador, desenvolvidos com a mais alta tecnologia e consci\u00eancia ambiental.<\/p>\n","protected":false},"excerpt":{"rendered":"<p>Kit 2000 F22 PVC 5 Pe\u00e7as Banheiro Branco<\/p>\n<p>Kit Attic 5 pe\u00e7as<\/p>\n<p>2000 F22<\/p>\n<p>Produtos Inclusos:<br \/>\n&#8211; Saboneteira<br \/>\n&#8211; Papeleira<br \/>\n&#8211; Toalheiro Barra<br \/>\n&#8211; Toalheiro Argola<br \/>\n&#8211; Cabide<\/p>\n<p>Cores Dispon\u00edveis:<br \/>\n&#8211; branca<br \/>\n&#8211; cromada<\/p>\n","protected":false},"featured_media":5910,"comment_status":"open","ping_status":"closed","template":"","meta":[],"product_cat":[1023,1026,168,1188],"product_tag":[2234,2215,2235,2187],"_links":{"self":[{"href":"https:\/\/trenaferragens.com.br\/index.php?rest_route=\/wp\/v2\/product\/5909"}],"collection":[{"href":"https:\/\/trenaferragens.com.br\/index.php?rest_route=\/wp\/v2\/product"}],"about":[{"href":"https:\/\/trenaferragens.com.br\/index.php?rest_route=\/wp\/v2\/types\/product"}],"replies":[{"embeddable":true,"href":"https:\/\/trenaferragens.com.br\/index.php?rest_route=%2Fwp%2Fv2%2Fcomments&post=5909"}],"wp:featuredmedia":[{"embeddable":true,"href":"https:\/\/trenaferragens.com.br\/index.php?rest_route=\/wp\/v2\/media\/5910"}],"wp:attachment":[{"href":"https:\/\/trenaferragens.com.br\/index.php?rest_route=%2Fwp%2Fv2%2Fmedia&parent=5909"}],"wp:term":[{"taxonomy":"product_cat","embeddable":true,"href":"https:\/\/trenaferragens.com.br\/index.php?rest_route=%2Fwp%2Fv2%2Fproduct_cat&post=5909"},{"taxonomy":"product_tag","embeddable":true,"href":"https:\/\/trenaferragens.com.br\/index.php?rest_route=%2Fwp%2Fv2%2Fproduct_tag&post=5909"}],"curies":[{"name":"wp","href":"https:\/\/api.w.org\/{rel}","templated":true}]}}