{"id":5917,"date":"2019-01-24T19:17:45","date_gmt":"2019-01-24T19:17:45","guid":{"rendered":"http:\/\/trenaferragens1.hospedagemdesites.ws\/?post_type=product&#038;p=5917"},"modified":"2019-01-24T19:19:34","modified_gmt":"2019-01-24T19:19:34","slug":"misturador-cozinha-parede-1258-c47","status":"publish","type":"product","link":"https:\/\/trenaferragens.com.br\/?product=misturador-cozinha-parede-1258-c47","title":{"rendered":"Misturador Cozinha Parede 1258 C47"},"content":{"rendered":"<p>Misturador Cozinha Parede 1258 C47<\/p>\n<p>LORENZETTI<\/p>\n<p>Com 95 anos e trajet\u00f3ria marcada pela constante inova\u00e7\u00e3o, \u00e9tica e pioneirismo, a Lorenzetti \u00e9 l\u00edder no segmento de duchas, chuveiros, torneiras el\u00e9tricas e aquecedores de \u00e1gua a g\u00e1s. A empresa se destaca por colocar \u00e0 disposi\u00e7\u00e3o dos consumidores o que h\u00e1 de melhor em lou\u00e7as, assentos, metais e pl\u00e1sticos sanit\u00e1rios, purificadores de \u00e1gua e l\u00e2mpadas, refletores, pain\u00e9is e spots LED, fluorescentes compactas e de alta pot\u00eancia. Com quatro f\u00e1bricas no Brasil, sendo tr\u00eas unidades no Estado de S\u00e3o Paulo e uma em Minas Gerais, a Lorenzetti possui distribui\u00e7\u00e3o nacional e internacional. O objetivo \u00e9 oferecer produtos de qualidade e com design inovador, desenvolvidos com a mais alta tecnologia e consci\u00eancia ambiental.<\/p>\n","protected":false},"excerpt":{"rendered":"<p>Misturador Cozinha Parede 1258 C47<\/p>\n<p>Mecanismo de Veda\u00e7\u00e3o Cer\u00e2mico-1\/4 de volta<\/p>\n<p>Conex\u00e3o de entrada 1\/2&#8243;<\/p>\n<p>Op\u00e7\u00e3o de cor:\u00a0Cromado<\/p>\n","protected":false},"featured_media":5918,"comment_status":"open","ping_status":"closed","template":"","meta":[],"product_cat":[1023,168,1188,1040,1032],"product_tag":[2187,2237,2238],"_links":{"self":[{"href":"https:\/\/trenaferragens.com.br\/index.php?rest_route=\/wp\/v2\/product\/5917"}],"collection":[{"href":"https:\/\/trenaferragens.com.br\/index.php?rest_route=\/wp\/v2\/product"}],"about":[{"href":"https:\/\/trenaferragens.com.br\/index.php?rest_route=\/wp\/v2\/types\/product"}],"replies":[{"embeddable":true,"href":"https:\/\/trenaferragens.com.br\/index.php?rest_route=%2Fwp%2Fv2%2Fcomments&post=5917"}],"wp:featuredmedia":[{"embeddable":true,"href":"https:\/\/trenaferragens.com.br\/index.php?rest_route=\/wp\/v2\/media\/5918"}],"wp:attachment":[{"href":"https:\/\/trenaferragens.com.br\/index.php?rest_route=%2Fwp%2Fv2%2Fmedia&parent=5917"}],"wp:term":[{"taxonomy":"product_cat","embeddable":true,"href":"https:\/\/trenaferragens.com.br\/index.php?rest_route=%2Fwp%2Fv2%2Fproduct_cat&post=5917"},{"taxonomy":"product_tag","embeddable":true,"href":"https:\/\/trenaferragens.com.br\/index.php?rest_route=%2Fwp%2Fv2%2Fproduct_tag&post=5917"}],"curies":[{"name":"wp","href":"https:\/\/api.w.org\/{rel}","templated":true}]}}