{"id":5925,"date":"2019-01-24T19:38:00","date_gmt":"2019-01-24T19:38:00","guid":{"rendered":"http:\/\/trenaferragens1.hospedagemdesites.ws\/?post_type=product&#038;p=5925"},"modified":"2019-01-24T19:43:24","modified_gmt":"2019-01-24T19:43:24","slug":"chuveiro-pvc-5-branco-c-braco","status":"publish","type":"product","link":"https:\/\/trenaferragens.com.br\/?product=chuveiro-pvc-5-branco-c-braco","title":{"rendered":"Chuveiro PVC 5 Branco C\/Bra\u00e7o"},"content":{"rendered":"<p>Chuveiro PVC 5 Branco C\/Bra\u00e7o<\/p>\n<p>HERC<\/p>\n<p>Essa hist\u00f3ria de pioneirismo e perseveran\u00e7a come\u00e7a com o sonho de quatro amigos em fabricar uma torneira de pl\u00e1stico. Era uma ideia vision\u00e1ria, in\u00e9dita no mundo, e o sonho come\u00e7ou a virar realidade em 12 de setembro de 1963, com a funda\u00e7\u00e3o da Ind\u00fastria de Pl\u00e1sticos HERC Ltda. De l\u00e1 para c\u00e1, muita coisa aconteceu. Al\u00e9m da torneira novos produtos foram desenvolvidos e, embora a HERC j\u00e1 possua mais de 50 anos, continua em sintonia com a sua \u00e9poca e, atenta ao mercado, pauta sua atua\u00e7\u00e3o pela inova\u00e7\u00e3o. Inova\u00e7\u00e3o que, aliada \u00e0 experi\u00eancia e \u00e0 credibilidade alcan\u00e7ada ao longo do tempo, faz a empresa ser l\u00edder e experimentar um crescimento constante.<\/p>\n<p>Com a vis\u00e3o e determina\u00e7\u00e3o de seus fundadores e posteriormente da segunda gera\u00e7\u00e3o \u00e0 frente da empresa, a HERC superou as dificuldades naturais inerentes ao lan\u00e7amento de um produto inovador, tornando-se uma empresa com tecnologia de ponta. Tudo isso sem deixar de lado a sua ess\u00eancia de valorizar os colaboradores. Esse \u00e9 o principal legado deixado pelos seus fundadores.<\/p>\n","protected":false},"excerpt":{"rendered":"<p>Chuveiro PVC 5 Branco C\/Bra\u00e7o<\/p>\n<p>Aplica\u00e7\u00e3o:<br \/>\nO produto tem como finalidade principal distribuir \u00e1gua<br \/>\nde maneira adequada \u00e0 higiene pessoal, pode ser<br \/>\nutilizado em banheiros ou \u00e1reas externas.<\/p>\n<p>Caracter\u00edsticas t\u00e9cnicas:<br \/>\n\u2022Fabricado em polipropileno;<br \/>\n\u2022Pode ser facilmente retirado para limpeza;<br \/>\n\u2022Pr\u00e1tico e de grande durabilidade;<br \/>\n\u2022S\u00e3o oferecidos com ou sem registro no bra\u00e7o;<br \/>\n\u2022Para bitola de \u00be\u201d, acompanha adaptador;<br \/>\n\u2022Temperatura m\u00e1xima de opera\u00e7\u00e3o: 40\u00b0C.<\/p>\n","protected":false},"featured_media":5926,"comment_status":"open","ping_status":"closed","template":"","meta":[],"product_cat":[1023,1028,168,1032],"product_tag":[2241,2242,2240],"_links":{"self":[{"href":"https:\/\/trenaferragens.com.br\/index.php?rest_route=\/wp\/v2\/product\/5925"}],"collection":[{"href":"https:\/\/trenaferragens.com.br\/index.php?rest_route=\/wp\/v2\/product"}],"about":[{"href":"https:\/\/trenaferragens.com.br\/index.php?rest_route=\/wp\/v2\/types\/product"}],"replies":[{"embeddable":true,"href":"https:\/\/trenaferragens.com.br\/index.php?rest_route=%2Fwp%2Fv2%2Fcomments&post=5925"}],"wp:featuredmedia":[{"embeddable":true,"href":"https:\/\/trenaferragens.com.br\/index.php?rest_route=\/wp\/v2\/media\/5926"}],"wp:attachment":[{"href":"https:\/\/trenaferragens.com.br\/index.php?rest_route=%2Fwp%2Fv2%2Fmedia&parent=5925"}],"wp:term":[{"taxonomy":"product_cat","embeddable":true,"href":"https:\/\/trenaferragens.com.br\/index.php?rest_route=%2Fwp%2Fv2%2Fproduct_cat&post=5925"},{"taxonomy":"product_tag","embeddable":true,"href":"https:\/\/trenaferragens.com.br\/index.php?rest_route=%2Fwp%2Fv2%2Fproduct_tag&post=5925"}],"curies":[{"name":"wp","href":"https:\/\/api.w.org\/{rel}","templated":true}]}}