{"id":5933,"date":"2019-01-28T13:05:39","date_gmt":"2019-01-28T13:05:39","guid":{"rendered":"http:\/\/trenaferragens1.hospedagemdesites.ws\/?post_type=product&#038;p=5933"},"modified":"2019-01-28T13:09:45","modified_gmt":"2019-01-28T13:09:45","slug":"torneira-pvc-branca-filtro-man-352","status":"publish","type":"product","link":"https:\/\/trenaferragens.com.br\/?product=torneira-pvc-branca-filtro-man-352","title":{"rendered":"Torneira PVC Branca Filtro Man. 352"},"content":{"rendered":"<p>Torneira PVC Branca Filtro Man. 352<\/p>\n<p>HERC<\/p>\n<p>Essa hist\u00f3ria de pioneirismo e perseveran\u00e7a come\u00e7a com o sonho de quatro amigos em fabricar uma torneira de pl\u00e1stico. Era uma ideia vision\u00e1ria, in\u00e9dita no mundo, e o sonho come\u00e7ou a virar realidade em 12 de setembro de 1963, com a funda\u00e7\u00e3o da Ind\u00fastria de Pl\u00e1sticos HERC Ltda. De l\u00e1 para c\u00e1, muita coisa aconteceu. Al\u00e9m da torneira novos produtos foram desenvolvidos e, embora a HERC j\u00e1 possua mais de 50 anos, continua em sintonia com a sua \u00e9poca e, atenta ao mercado, pauta sua atua\u00e7\u00e3o pela inova\u00e7\u00e3o. Inova\u00e7\u00e3o que, aliada \u00e0 experi\u00eancia e \u00e0 credibilidade alcan\u00e7ada ao longo do tempo, faz a empresa ser l\u00edder e experimentar um crescimento constante.<\/p>\n<p>Com a vis\u00e3o e determina\u00e7\u00e3o de seus fundadores e posteriormente da segunda gera\u00e7\u00e3o \u00e0 frente da empresa, a HERC superou as dificuldades naturais inerentes ao lan\u00e7amento de um produto inovador, tornando-se uma empresa com tecnologia de ponta. Tudo isso sem deixar de lado a sua ess\u00eancia de valorizar os colaboradores. Esse \u00e9 o principal legado deixado pelos seus fundadores.<\/p>\n","protected":false},"excerpt":{"rendered":"<p>Torneira PVC Br Filtro Man. 352<\/p>\n<p>Aplica\u00e7\u00e3o: Bebedouros<br \/>\nCaracter\u00edsticas t\u00e9cnicas:<br \/>\n* Produzido em Polipropileno;<br \/>\n* Dispon\u00edvel nas cores branco e preto (Ref. 1104), branco (Ref. 1107) e preto<br \/>\n(Ref. 1123);<\/p>\n<p>Instru\u00e7\u00f5es de uso:<br \/>\nPara utilizar a torneira filtro basta girar a cabe\u00e7a para abrir, regular ou fechar o<br \/>\nfluxo de \u00e1gua.<\/p>\n","protected":false},"featured_media":5934,"comment_status":"open","ping_status":"closed","template":"","meta":[],"product_cat":[1840,168,1102,1104],"product_tag":[2240,2247,2249],"_links":{"self":[{"href":"https:\/\/trenaferragens.com.br\/index.php?rest_route=\/wp\/v2\/product\/5933"}],"collection":[{"href":"https:\/\/trenaferragens.com.br\/index.php?rest_route=\/wp\/v2\/product"}],"about":[{"href":"https:\/\/trenaferragens.com.br\/index.php?rest_route=\/wp\/v2\/types\/product"}],"replies":[{"embeddable":true,"href":"https:\/\/trenaferragens.com.br\/index.php?rest_route=%2Fwp%2Fv2%2Fcomments&post=5933"}],"wp:featuredmedia":[{"embeddable":true,"href":"https:\/\/trenaferragens.com.br\/index.php?rest_route=\/wp\/v2\/media\/5934"}],"wp:attachment":[{"href":"https:\/\/trenaferragens.com.br\/index.php?rest_route=%2Fwp%2Fv2%2Fmedia&parent=5933"}],"wp:term":[{"taxonomy":"product_cat","embeddable":true,"href":"https:\/\/trenaferragens.com.br\/index.php?rest_route=%2Fwp%2Fv2%2Fproduct_cat&post=5933"},{"taxonomy":"product_tag","embeddable":true,"href":"https:\/\/trenaferragens.com.br\/index.php?rest_route=%2Fwp%2Fv2%2Fproduct_tag&post=5933"}],"curies":[{"name":"wp","href":"https:\/\/api.w.org\/{rel}","templated":true}]}}