{"id":5937,"date":"2019-01-28T13:17:55","date_gmt":"2019-01-28T13:17:55","guid":{"rendered":"http:\/\/trenaferragens1.hospedagemdesites.ws\/?post_type=product&#038;p=5937"},"modified":"2019-01-28T13:20:10","modified_gmt":"2019-01-28T13:20:10","slug":"torneira-pvc-branca-cozinha-alavanca-18cm-1113-1","status":"publish","type":"product","link":"https:\/\/trenaferragens.com.br\/?product=torneira-pvc-branca-cozinha-alavanca-18cm-1113-1","title":{"rendered":"Torneira PVC Branca Cozinha Alavanca 18cm 1113-1"},"content":{"rendered":"<p>Torneira PVC Branca Cozinha Alavanca 18cm 1113-1<\/p>\n<p>HERC<\/p>\n<p>Essa hist\u00f3ria de pioneirismo e perseveran\u00e7a come\u00e7a com o sonho de quatro amigos em fabricar uma torneira de pl\u00e1stico. Era uma ideia vision\u00e1ria, in\u00e9dita no mundo, e o sonho come\u00e7ou a virar realidade em 12 de setembro de 1963, com a funda\u00e7\u00e3o da Ind\u00fastria de Pl\u00e1sticos HERC Ltda. De l\u00e1 para c\u00e1, muita coisa aconteceu. Al\u00e9m da torneira novos produtos foram desenvolvidos e, embora a HERC j\u00e1 possua mais de 50 anos, continua em sintonia com a sua \u00e9poca e, atenta ao mercado, pauta sua atua\u00e7\u00e3o pela inova\u00e7\u00e3o. Inova\u00e7\u00e3o que, aliada \u00e0 experi\u00eancia e \u00e0 credibilidade alcan\u00e7ada ao longo do tempo, faz a empresa ser l\u00edder e experimentar um crescimento constante.<\/p>\n<p>Com a vis\u00e3o e determina\u00e7\u00e3o de seus fundadores e posteriormente da segunda gera\u00e7\u00e3o \u00e0 frente da empresa, a HERC superou as dificuldades naturais inerentes ao lan\u00e7amento de um produto inovador, tornando-se uma empresa com tecnologia de ponta. Tudo isso sem deixar de lado a sua ess\u00eancia de valorizar os colaboradores. Esse \u00e9 o principal legado deixado pelos seus fundadores.<\/p>\n","protected":false},"excerpt":{"rendered":"<p>Torneira PVC Branca Cozinha Alavanca 18cm 1113-1<\/p>\n<p>Aplica\u00e7\u00e3o: O produto tem como finalidade principal, direcionar a passagem de \u00e1gua p\/pia de<br \/>\ncozinha permitindo a regulagem do seu fluxo.<\/p>\n<p>Caracter\u00edsticas t\u00e9cnicas:<br \/>\n* Fabricado em polipropileno atrav\u00e9s de processo convencional de inje\u00e7\u00e3o;<br \/>\n* Leve e resistente;<br \/>\n* F\u00e1cil instala\u00e7\u00e3o;<br \/>\n* F\u00e1cil manuseio;<br \/>\n* Veda\u00e7\u00e3o Perfeita;<\/p>\n","protected":false},"featured_media":5938,"comment_status":"open","ping_status":"closed","template":"","meta":[],"product_cat":[168,1104,1040,1041],"product_tag":[2240,2247,2249,2250],"_links":{"self":[{"href":"https:\/\/trenaferragens.com.br\/index.php?rest_route=\/wp\/v2\/product\/5937"}],"collection":[{"href":"https:\/\/trenaferragens.com.br\/index.php?rest_route=\/wp\/v2\/product"}],"about":[{"href":"https:\/\/trenaferragens.com.br\/index.php?rest_route=\/wp\/v2\/types\/product"}],"replies":[{"embeddable":true,"href":"https:\/\/trenaferragens.com.br\/index.php?rest_route=%2Fwp%2Fv2%2Fcomments&post=5937"}],"wp:featuredmedia":[{"embeddable":true,"href":"https:\/\/trenaferragens.com.br\/index.php?rest_route=\/wp\/v2\/media\/5938"}],"wp:attachment":[{"href":"https:\/\/trenaferragens.com.br\/index.php?rest_route=%2Fwp%2Fv2%2Fmedia&parent=5937"}],"wp:term":[{"taxonomy":"product_cat","embeddable":true,"href":"https:\/\/trenaferragens.com.br\/index.php?rest_route=%2Fwp%2Fv2%2Fproduct_cat&post=5937"},{"taxonomy":"product_tag","embeddable":true,"href":"https:\/\/trenaferragens.com.br\/index.php?rest_route=%2Fwp%2Fv2%2Fproduct_tag&post=5937"}],"curies":[{"name":"wp","href":"https:\/\/api.w.org\/{rel}","templated":true}]}}