{"id":5954,"date":"2019-01-28T15:06:59","date_gmt":"2019-01-28T15:06:59","guid":{"rendered":"http:\/\/trenaferragens1.hospedagemdesites.ws\/?post_type=product&#038;p=5954"},"modified":"2024-07-06T05:32:40","modified_gmt":"2024-07-06T05:32:40","slug":"oculos-de-protecao-virtua-fume-3m","status":"publish","type":"product","link":"https:\/\/trenaferragens.com.br\/?product=oculos-de-protecao-virtua-fume-3m","title":{"rendered":"\u00d3culos de Prote\u00e7\u00e3o Virtua Fume 3M"},"content":{"rendered":"<p>\u00d3culos de Prote\u00e7\u00e3o Virtua Fume 3M<\/p>\n<p>3M<\/p>\n<p>A 3M \u00e9 fundamentalmente uma companhia de base cient\u00edfica. Produzimos milhares de produtos imaginativos e somos l\u00edderes em n\u00fameros de mercados de atua\u00e7\u00e3o &#8211; de cuidados com a sa\u00fade e seguran\u00e7a no tr\u00e1fego a produtos para escrit\u00f3rio,\u00a0abrasivos e adesivos. O sucesso da companhia come\u00e7a com a habilidade de aplicar nossas tecnologias &#8211; freq\u00fcentemente por meio de combina\u00e7\u00f5es &#8211; em uma variedade infinita de necessidades dos nossos clientes. Obviamente, tudo isso \u00e9 poss\u00edvel devido \u00e0s pessoas da 3M e ao seu compromisso \u00fanico de tornar a vida das pessoas mais f\u00e1cil e melhor no mundo todo.<\/p>\n","protected":false},"excerpt":{"rendered":"<p>\u00d3culos de Prote\u00e7\u00e3o Virtua Fume 3M<\/p>\n<p>Detalhes<br \/>\n\u00d3timo custo\/benef\u00edcio<br \/>\nFabrica\u00e7\u00e3o nacional<br \/>\nFiltram 99% da radia\u00e7\u00e3o UV<br \/>\nCertificado de Aprova\u00e7\u00e3o n\u00b0 15649<br \/>\nOs \u00f3culos 3M&#x2122; Virtua ST s\u00e3o fabricados no Brasil e apresentam custo\/benef\u00edcio atrativo, design moderno, muito conforto e a qualidade garantida de quem \u00e9 l\u00edder mundial em tecnologia: 3M&#x2122;.<\/p>\n<p>Com um design moderno e um \u00f3timo custo\/benef\u00edcio, os \u00f3culos de prote\u00e7\u00e3o 3M&#x2122; Virtua ST possuem lentes e hastes fabricadas em policarbonato de alta qualidade.<\/p>\n<p>Aplica\u00e7\u00f5es sugeridas<br \/>\nEm constru\u00e7\u00e3o civil, ind\u00fastrias qu\u00edmicas e petroqu\u00edmicas, minera\u00e7\u00e3o e ind\u00fastrias em geral, onde haja a necessidade de proteger os olhos contra impactos. Deve ser utilizado mediante o conhecimento e aprova\u00e7\u00e3o das \u00e1reas de Higiene, Seguran\u00e7a e Medicina do Trabalho ou respons\u00e1vel pela empresa. Por se tratar de um EPI \u00e9 de uso pessoal e intransfer\u00edvel<br \/>\nAtende \u00e0s exig\u00eancias para alto impacto, segundo norma ANSI Z87.1<br \/>\nRecursos<br \/>\nBulletins<br \/>\nBoletim T\u00e9cnico \u03b1culos de Prote\u00e7\u00e3o 3M Virtua \u00a0(PDF,\u00a0300.5KB)<\/p>\n","protected":false},"featured_media":5955,"comment_status":"open","ping_status":"closed","template":"","meta":[],"product_cat":[192,1132],"product_tag":[2257,2258,2256,2259],"_links":{"self":[{"href":"https:\/\/trenaferragens.com.br\/index.php?rest_route=\/wp\/v2\/product\/5954"}],"collection":[{"href":"https:\/\/trenaferragens.com.br\/index.php?rest_route=\/wp\/v2\/product"}],"about":[{"href":"https:\/\/trenaferragens.com.br\/index.php?rest_route=\/wp\/v2\/types\/product"}],"replies":[{"embeddable":true,"href":"https:\/\/trenaferragens.com.br\/index.php?rest_route=%2Fwp%2Fv2%2Fcomments&post=5954"}],"wp:featuredmedia":[{"embeddable":true,"href":"https:\/\/trenaferragens.com.br\/index.php?rest_route=\/wp\/v2\/media\/5955"}],"wp:attachment":[{"href":"https:\/\/trenaferragens.com.br\/index.php?rest_route=%2Fwp%2Fv2%2Fmedia&parent=5954"}],"wp:term":[{"taxonomy":"product_cat","embeddable":true,"href":"https:\/\/trenaferragens.com.br\/index.php?rest_route=%2Fwp%2Fv2%2Fproduct_cat&post=5954"},{"taxonomy":"product_tag","embeddable":true,"href":"https:\/\/trenaferragens.com.br\/index.php?rest_route=%2Fwp%2Fv2%2Fproduct_tag&post=5954"}],"curies":[{"name":"wp","href":"https:\/\/api.w.org\/{rel}","templated":true}]}}