{"id":5956,"date":"2019-01-28T15:13:11","date_gmt":"2019-01-28T15:13:11","guid":{"rendered":"http:\/\/trenaferragens1.hospedagemdesites.ws\/?post_type=product&#038;p=5956"},"modified":"2019-01-28T15:15:09","modified_gmt":"2019-01-28T15:15:09","slug":"protetor-auricular-1290-verde-plug-3m","status":"publish","type":"product","link":"https:\/\/trenaferragens.com.br\/?product=protetor-auricular-1290-verde-plug-3m","title":{"rendered":"Protetor Auricular 1290 Verde Plug 3M"},"content":{"rendered":"<p>Protetor Auricular 1290 Verde Plug 3M<\/p>\n<p>3M<\/p>\n<p>A 3M \u00e9 fundamentalmente uma companhia de base cient\u00edfica. Produzimos milhares de produtos imaginativos e somos l\u00edderes em n\u00fameros de mercados de atua\u00e7\u00e3o &#8211; de cuidados com a sa\u00fade e seguran\u00e7a no tr\u00e1fego a produtos para escrit\u00f3rio,\u00a0abrasivos e adesivos. O sucesso da companhia come\u00e7a com a habilidade de aplicar nossas tecnologias &#8211; freq\u00fcentemente por meio de combina\u00e7\u00f5es &#8211; em uma variedade infinita de necessidades dos nossos clientes. Obviamente, tudo isso \u00e9 poss\u00edvel devido \u00e0s pessoas da 3M e ao seu compromisso \u00fanico de tornar a vida das pessoas mais f\u00e1cil e melhor no mundo todo.<\/p>\n","protected":false},"excerpt":{"rendered":"<p>Protetor Auricular 1290 Verde Plug 3M<\/p>\n<p>Detalhes<br \/>\nC.A.: 9584<br \/>\n16 dB (NRRsf)<br \/>\nElast\u00f4mero<br \/>\nCord\u00e3o amarelo Poli\u00e9ster<br \/>\nO protetor auditivo 1290 \u00e9 verde, de elast\u00f4mero, e traz conforto aos usu\u00e1rios devido \u00e0 sua maciez. Ele est\u00e1 dispon\u00edvel em embalagem de sach\u00ea.<\/p>\n<p>O n\u00edvel de redu\u00e7\u00e3o de ru\u00eddo (NRRsf) do Protetor Auditivo 3M&#x2122; 1290 \u00e9 16 dB, e seu C.A. \u00e9 9584. \u00c9 recomendado para usu\u00e1rios com necessidade de mais conforto.<\/p>\n<p>Aplica\u00e7\u00f5es sugeridas<br \/>\nRecomendado para usu\u00e1rios com necessidade de mais conforto<br \/>\nRecursos<br \/>\nBulletins<br \/>\nBoletim T\u00e9cnico 3M &#8211; Protetores Auriculares1290 1291 \u00a0(PDF,\u00a0508.0KB)<\/p>\n","protected":false},"featured_media":5957,"comment_status":"open","ping_status":"closed","template":"","meta":[],"product_cat":[192,1132],"product_tag":[2257,2260,2261],"_links":{"self":[{"href":"https:\/\/trenaferragens.com.br\/index.php?rest_route=\/wp\/v2\/product\/5956"}],"collection":[{"href":"https:\/\/trenaferragens.com.br\/index.php?rest_route=\/wp\/v2\/product"}],"about":[{"href":"https:\/\/trenaferragens.com.br\/index.php?rest_route=\/wp\/v2\/types\/product"}],"replies":[{"embeddable":true,"href":"https:\/\/trenaferragens.com.br\/index.php?rest_route=%2Fwp%2Fv2%2Fcomments&post=5956"}],"wp:featuredmedia":[{"embeddable":true,"href":"https:\/\/trenaferragens.com.br\/index.php?rest_route=\/wp\/v2\/media\/5957"}],"wp:attachment":[{"href":"https:\/\/trenaferragens.com.br\/index.php?rest_route=%2Fwp%2Fv2%2Fmedia&parent=5956"}],"wp:term":[{"taxonomy":"product_cat","embeddable":true,"href":"https:\/\/trenaferragens.com.br\/index.php?rest_route=%2Fwp%2Fv2%2Fproduct_cat&post=5956"},{"taxonomy":"product_tag","embeddable":true,"href":"https:\/\/trenaferragens.com.br\/index.php?rest_route=%2Fwp%2Fv2%2Fproduct_tag&post=5956"}],"curies":[{"name":"wp","href":"https:\/\/api.w.org\/{rel}","templated":true}]}}