{"id":5958,"date":"2019-01-28T15:19:39","date_gmt":"2019-01-28T15:19:39","guid":{"rendered":"http:\/\/trenaferragens1.hospedagemdesites.ws\/?post_type=product&#038;p=5958"},"modified":"2019-01-28T15:23:44","modified_gmt":"2019-01-28T15:23:44","slug":"respirador-c-valvula-pff-1-9812-3m","status":"publish","type":"product","link":"https:\/\/trenaferragens.com.br\/?product=respirador-c-valvula-pff-1-9812-3m","title":{"rendered":"Respirador C\/V\u00e1lvula PFF-1 9812 3M"},"content":{"rendered":"<p>Respirador C\/V\u00e1lvula PFF-1 9812 3M<\/p>\n<p>3M<\/p>\n<p>A 3M \u00e9 fundamentalmente uma companhia de base cient\u00edfica. Produzimos milhares de produtos imaginativos e somos l\u00edderes em n\u00fameros de mercados de atua\u00e7\u00e3o &#8211; de cuidados com a sa\u00fade e seguran\u00e7a no tr\u00e1fego a produtos para escrit\u00f3rio,\u00a0abrasivos e adesivos. O sucesso da companhia come\u00e7a com a habilidade de aplicar nossas tecnologias &#8211; freq\u00fcentemente por meio de combina\u00e7\u00f5es &#8211; em uma variedade infinita de necessidades dos nossos clientes. Obviamente, tudo isso \u00e9 poss\u00edvel devido \u00e0s pessoas da 3M e ao seu compromisso \u00fanico de tornar a vida das pessoas mais f\u00e1cil e melhor no mundo todo.<\/p>\n","protected":false},"excerpt":{"rendered":"<p>Respirador C\/V\u00e1lvula PFF-1 9812 3M<\/p>\n<p>Detalhes<br \/>\nFormato dobr\u00e1vel 2 pain\u00e9is.<br \/>\nFiltro 3M com tratamento eletrost\u00e1tico \u2013 f\u00e1cil para respirar com alta capacidade de reten\u00e7\u00e3o de part\u00edculas.<br \/>\nValidade de 3 anos ap\u00f3s a fabrica\u00e7\u00e3o<br \/>\nOs respiradores descart\u00e1veis 3M&#x2122; 9810+BR, 9812+BR, 9820+BR e 9822+BR formato dobr\u00e1vel dois paineis possuem a inovadora tecnologia 3M&#x2122; de tratamento eletrost\u00e1tico das microfibras, que proporciona prote\u00e7\u00e3o e conforto ao usu\u00e1rio. Com uma excelente rela\u00e7\u00e3o custo-benef\u00edcio, possui clipe nasal met\u00e1lico, que facilita o ajuste para veda\u00e7\u00e3o na regi\u00e3o do nariz, el\u00e1sticos revestidos confort\u00e1veis e flex\u00edveis.<\/p>\n","protected":false},"featured_media":5959,"comment_status":"open","ping_status":"closed","template":"","meta":[],"product_cat":[192,1132],"product_tag":[2257,2263,2262],"_links":{"self":[{"href":"https:\/\/trenaferragens.com.br\/index.php?rest_route=\/wp\/v2\/product\/5958"}],"collection":[{"href":"https:\/\/trenaferragens.com.br\/index.php?rest_route=\/wp\/v2\/product"}],"about":[{"href":"https:\/\/trenaferragens.com.br\/index.php?rest_route=\/wp\/v2\/types\/product"}],"replies":[{"embeddable":true,"href":"https:\/\/trenaferragens.com.br\/index.php?rest_route=%2Fwp%2Fv2%2Fcomments&post=5958"}],"wp:featuredmedia":[{"embeddable":true,"href":"https:\/\/trenaferragens.com.br\/index.php?rest_route=\/wp\/v2\/media\/5959"}],"wp:attachment":[{"href":"https:\/\/trenaferragens.com.br\/index.php?rest_route=%2Fwp%2Fv2%2Fmedia&parent=5958"}],"wp:term":[{"taxonomy":"product_cat","embeddable":true,"href":"https:\/\/trenaferragens.com.br\/index.php?rest_route=%2Fwp%2Fv2%2Fproduct_cat&post=5958"},{"taxonomy":"product_tag","embeddable":true,"href":"https:\/\/trenaferragens.com.br\/index.php?rest_route=%2Fwp%2Fv2%2Fproduct_tag&post=5958"}],"curies":[{"name":"wp","href":"https:\/\/api.w.org\/{rel}","templated":true}]}}