{"id":5989,"date":"2019-02-25T20:24:41","date_gmt":"2019-02-25T20:24:41","guid":{"rendered":"http:\/\/trenaferragens1.hospedagemdesites.ws\/?post_type=product&#038;p=5989"},"modified":"2019-02-25T20:31:59","modified_gmt":"2019-02-25T20:31:59","slug":"torneira-c-filtro-acqua-bella-parede","status":"publish","type":"product","link":"https:\/\/trenaferragens.com.br\/?product=torneira-c-filtro-acqua-bella-parede","title":{"rendered":"Torneira C\/Filtro Acqua Bella Parede"},"content":{"rendered":"<p>Torneira C\/Filtro Acqua Bella Parede<\/p>\n<p>LORENZETTI<\/p>\n<p>Com 95 anos e trajet\u00f3ria marcada pela constante inova\u00e7\u00e3o, \u00e9tica e pioneirismo, a Lorenzetti \u00e9 l\u00edder no segmento de duchas, chuveiros, torneiras el\u00e9tricas e aquecedores de \u00e1gua a g\u00e1s. A empresa se destaca por colocar \u00e0 disposi\u00e7\u00e3o dos consumidores o que h\u00e1 de melhor em lou\u00e7as, assentos, metais e pl\u00e1sticos sanit\u00e1rios, purificadores de \u00e1gua e l\u00e2mpadas, refletores, pain\u00e9is e spots LED, fluorescentes compactas e de alta pot\u00eancia. Com quatro f\u00e1bricas no Brasil, sendo tr\u00eas unidades no Estado de S\u00e3o Paulo e uma em Minas Gerais, a Lorenzetti possui distribui\u00e7\u00e3o nacional e internacional. O objetivo \u00e9 oferecer produtos de qualidade e com design inovador, desenvolvidos com a mais alta tecnologia e consci\u00eancia ambiental.<\/p>\n","protected":false},"excerpt":{"rendered":"<p>Torneira C\/Filtro Acqua Bella Parede<\/p>\n<p>Acqua Bella &#8211; Purificador com Torneira Parede<\/p>\n<p>Essa associa\u00e7\u00e3o &#8211; purificador com torneira &#8211; permite que voc\u00ea escolha entre lavar a lou\u00e7a ou utilizar \u00e1gua purificada para beber, preparar sucos, caf\u00e9s, ch\u00e1s, ou ainda, lavar verduras e frutas.\u00a0<br \/>\nTroca de Refil<br \/>\nA troca do refil \u00e9 recomendada ap\u00f3s 1.000 litros de \u00e1gua consumida ou\u00a06 meses em m\u00e9dia de uso, n\u00e3o havendo necessidade do uso de ferramentas ou da presen\u00e7a de um t\u00e9cnico.<\/p>\n<p>12 anos de garantia<br \/>\nExceto para pe\u00e7as que apresentam desgaste natural do uso como: an\u00e9is de veda\u00e7\u00e3o, mecanismo de acionamento, o copo e o refil, ter\u00e3o garantia legal de 3 meses.<\/p>\n<p>Op\u00e7\u00e3o de cor:<br \/>\nBranco, Cromado e Preto<\/p>\n","protected":false},"featured_media":5992,"comment_status":"open","ping_status":"closed","template":"","meta":[],"product_cat":[1034,1035,168,1188,1040],"product_tag":[2187,2281,2284,2283,2285],"_links":{"self":[{"href":"https:\/\/trenaferragens.com.br\/index.php?rest_route=\/wp\/v2\/product\/5989"}],"collection":[{"href":"https:\/\/trenaferragens.com.br\/index.php?rest_route=\/wp\/v2\/product"}],"about":[{"href":"https:\/\/trenaferragens.com.br\/index.php?rest_route=\/wp\/v2\/types\/product"}],"replies":[{"embeddable":true,"href":"https:\/\/trenaferragens.com.br\/index.php?rest_route=%2Fwp%2Fv2%2Fcomments&post=5989"}],"wp:featuredmedia":[{"embeddable":true,"href":"https:\/\/trenaferragens.com.br\/index.php?rest_route=\/wp\/v2\/media\/5992"}],"wp:attachment":[{"href":"https:\/\/trenaferragens.com.br\/index.php?rest_route=%2Fwp%2Fv2%2Fmedia&parent=5989"}],"wp:term":[{"taxonomy":"product_cat","embeddable":true,"href":"https:\/\/trenaferragens.com.br\/index.php?rest_route=%2Fwp%2Fv2%2Fproduct_cat&post=5989"},{"taxonomy":"product_tag","embeddable":true,"href":"https:\/\/trenaferragens.com.br\/index.php?rest_route=%2Fwp%2Fv2%2Fproduct_tag&post=5989"}],"curies":[{"name":"wp","href":"https:\/\/api.w.org\/{rel}","templated":true}]}}