{"id":6083,"date":"2019-03-12T18:54:42","date_gmt":"2019-03-12T18:54:42","guid":{"rendered":"http:\/\/trenaferragens1.hospedagemdesites.ws\/?post_type=product&#038;p=6083"},"modified":"2019-03-12T18:57:09","modified_gmt":"2019-03-12T18:57:09","slug":"telha-colonial-pvc-marfim-itec","status":"publish","type":"product","link":"https:\/\/trenaferragens.com.br\/?product=telha-colonial-pvc-marfim-itec","title":{"rendered":"Telha Colonial PVC Marfim Itec"},"content":{"rendered":"<p>Telha Colonial PVC Marfim Itec<\/p>\n<p>ITEC<\/p>\n<p>A ITEC \u00e9 uma empresa nacional que est\u00e1 no mercado trazendo o que h\u00e1 de melhor em tecnologia, qualidade e praticidade para o sistema de cobertura. Com a preocupa\u00e7\u00e3o com o meio ambiente a ITEC entrou no mercado com a certeza de estar contribuindo direta e indiretamente com as quest\u00f5es de descarte de produtos que tanto prejudicam o meio ambiente.<\/p>\n","protected":false},"excerpt":{"rendered":"<p>Telha Colonial PVC Marfim Itec<\/p>\n<p>Dispon\u00edvel nas op\u00e7\u00f5es:<br \/>\nTelha Colonial PVC 2.30&#215;0.88mt Marfim<br \/>\nTelha Colonial PVC 3.28&#215;0.88mt Marfim<\/p>\n<p>Comprimento:\u00a02,30 m<br \/>\nLargura:\u00a00,88 m<br \/>\n\u00c1rea \u00fatil por telha:\u00a01,69 m2<br \/>\nLargura \u00fatil:\u00a00,77 m<br \/>\nEspessura:\u00a02,00 mm<br \/>\nApoios, por telha:\u00a04 a 5<\/p>\n","protected":false},"featured_media":6084,"comment_status":"open","ping_status":"closed","template":"","meta":[],"product_cat":[1142,219],"product_tag":[2292,2295,2294,2296,2293],"_links":{"self":[{"href":"https:\/\/trenaferragens.com.br\/index.php?rest_route=\/wp\/v2\/product\/6083"}],"collection":[{"href":"https:\/\/trenaferragens.com.br\/index.php?rest_route=\/wp\/v2\/product"}],"about":[{"href":"https:\/\/trenaferragens.com.br\/index.php?rest_route=\/wp\/v2\/types\/product"}],"replies":[{"embeddable":true,"href":"https:\/\/trenaferragens.com.br\/index.php?rest_route=%2Fwp%2Fv2%2Fcomments&post=6083"}],"wp:featuredmedia":[{"embeddable":true,"href":"https:\/\/trenaferragens.com.br\/index.php?rest_route=\/wp\/v2\/media\/6084"}],"wp:attachment":[{"href":"https:\/\/trenaferragens.com.br\/index.php?rest_route=%2Fwp%2Fv2%2Fmedia&parent=6083"}],"wp:term":[{"taxonomy":"product_cat","embeddable":true,"href":"https:\/\/trenaferragens.com.br\/index.php?rest_route=%2Fwp%2Fv2%2Fproduct_cat&post=6083"},{"taxonomy":"product_tag","embeddable":true,"href":"https:\/\/trenaferragens.com.br\/index.php?rest_route=%2Fwp%2Fv2%2Fproduct_tag&post=6083"}],"curies":[{"name":"wp","href":"https:\/\/api.w.org\/{rel}","templated":true}]}}