{"id":6090,"date":"2019-03-12T19:10:33","date_gmt":"2019-03-12T19:10:33","guid":{"rendered":"http:\/\/trenaferragens1.hospedagemdesites.ws\/?post_type=product&#038;p=6090"},"modified":"2019-03-12T19:27:31","modified_gmt":"2019-03-12T19:27:31","slug":"serra-copo-diamantada-c-arestas-starrett","status":"publish","type":"product","link":"https:\/\/trenaferragens.com.br\/?product=serra-copo-diamantada-c-arestas-starrett","title":{"rendered":"Serra Copo Diamantada C\/Arestas Starrett"},"content":{"rendered":"<p>Serra Copo Diamantada C\/Arestas Starrett<\/p>\n<p>STARRETT<\/p>\n<p>A Starrett, uma das maiores fabricantes de serras, ferramentas e instrumentos de medi\u00e7\u00e3o do mundo, iniciou sua opera\u00e7\u00e3o no Brasil em 1956. Sua primeira f\u00e1brica foi constru\u00edda na cidade de S\u00e3o Paulo e, depois, a planta industrial foi transferida para o interior, na cidade de Itu\/SP, onde continua at\u00e9 hoje produzindo ferramentas, serras e instrumentos de medi\u00e7\u00e3o.<\/p>\n<p>O hist\u00f3rico da Starrett teve in\u00edcio em 1878, quando Laroy S. Starrett inventou o esquadro combinado, que continua sendo uma das mais pr\u00e1ticas e vers\u00e1teis inven\u00e7\u00f5es em ferramentas de todo o mundo.<\/p>\n<p>Em 1880, foi constru\u00edda a primeira f\u00e1brica em Athol, Massachusetts nos Estados Unidos. Hoje, a Starrett conta com 09 f\u00e1bricas, sendo 06 nos Estados Unidos, 01 na Esc\u00f3cia, 01 na China e 01 em Itu, no Brasil.<\/p>\n<p>A empresa produz mais de cinco mil produtos, tais como l\u00e2minas de serras de fita para corte de metais, madeira e carne, ferramentas de precis\u00e3o e instrumentos de medi\u00e7\u00e3o.<\/p>\n<p>Os produtos Starrett s\u00e3o vendidos em mais de 100 pa\u00edses por meio de uma rede de distribuidores atendendo a uma variada gama de segmentos que vai desde ferramentas para a ind\u00fastria automobil\u00edstica, avia\u00e7\u00e3o, marinha, at\u00e9 equipamentos agr\u00edcolas, ferramentas para trabalhos manuais (fa\u00e7a voc\u00ea mesmo!) para construtores, carpinteiros, encanadores, eletricistas etc.<\/p>\n","protected":false},"excerpt":{"rendered":"<p>Serra Copo Diamantada C\/Arestas Starrett<\/p>\n<p>Caracter\u00edsitcas<br \/>\nLinha completa de di\u00e2metros de 14 a 152mm.<br \/>\nDiamante industrial &#8211; alta performance.<br \/>\nHaste de 150mm com encaixe hexagonal, acompanha o produto na vers\u00e3o com haste.<br \/>\nPino guia para furos que exigem mais precis\u00e3o.<br \/>\nEncaixe hexagonal no mandril (permite retirar a serra ap\u00f3s o uso).<br \/>\nPossibilidade de utiliza\u00e7\u00e3o dos suportes de linha da Starrett\u00ae<br \/>\nMais r\u00e1pida e com longa vida \u00fatil<br \/>\nF\u00e1cil retirada do cavaco atrav\u00e9s dos canais<br \/>\nMenor esfor\u00e7o do operador, economiza mais bateria<br \/>\nProfundidade de corte de 38mm (1.1\/2\u201d)<br \/>\nAplica\u00e7\u00f5es sem refrigera\u00e7\u00e3o<br \/>\nAlvenaria &#8211; blocos cer\u00e2micos, tijolos, telhas etc.<br \/>\nAplica\u00e7\u00f5es com refrigera\u00e7\u00e3o<br \/>\nPorcelanatos &#8211; pisos e revestimentos<br \/>\nPedras &#8211; granitos, m\u00e1rmores, ard\u00f3sia e materiais similares<br \/>\n\u00c1reas de Utiliza\u00e7\u00e3o<br \/>\nInstala\u00e7\u00f5es de ar condicionado<br \/>\nInstala\u00e7\u00f5es hidr\u00e1ulicas (tubula\u00e7\u00f5es e torneiras)<br \/>\nInstala\u00e7\u00f5es el\u00e9tricas (fios, cabos, telefonia, cerca el\u00e9trica etc.)<br \/>\nPodem ser utilizadas em todos os tipos de m\u00e1quinas, hobby, profissional e industrial com mandril tradicional (para uso em m\u00e1quinas com encaixe SDS, temos dispon\u00edvel a haste SDS avulsa).<\/p>\n<p>Hastes Avulsas Dispon\u00edveis<br \/>\nEncaixe hexagonal 150mm (com pino guia)<br \/>\nEncaixe SDS 200mm (com pino guia)<\/p>\n","protected":false},"featured_media":6091,"comment_status":"closed","ping_status":"closed","template":"","meta":[],"product_cat":[1094,189],"product_tag":[2300,2301,2299],"_links":{"self":[{"href":"https:\/\/trenaferragens.com.br\/index.php?rest_route=\/wp\/v2\/product\/6090"}],"collection":[{"href":"https:\/\/trenaferragens.com.br\/index.php?rest_route=\/wp\/v2\/product"}],"about":[{"href":"https:\/\/trenaferragens.com.br\/index.php?rest_route=\/wp\/v2\/types\/product"}],"replies":[{"embeddable":true,"href":"https:\/\/trenaferragens.com.br\/index.php?rest_route=%2Fwp%2Fv2%2Fcomments&post=6090"}],"wp:featuredmedia":[{"embeddable":true,"href":"https:\/\/trenaferragens.com.br\/index.php?rest_route=\/wp\/v2\/media\/6091"}],"wp:attachment":[{"href":"https:\/\/trenaferragens.com.br\/index.php?rest_route=%2Fwp%2Fv2%2Fmedia&parent=6090"}],"wp:term":[{"taxonomy":"product_cat","embeddable":true,"href":"https:\/\/trenaferragens.com.br\/index.php?rest_route=%2Fwp%2Fv2%2Fproduct_cat&post=6090"},{"taxonomy":"product_tag","embeddable":true,"href":"https:\/\/trenaferragens.com.br\/index.php?rest_route=%2Fwp%2Fv2%2Fproduct_tag&post=6090"}],"curies":[{"name":"wp","href":"https:\/\/api.w.org\/{rel}","templated":true}]}}