{"id":6092,"date":"2019-03-12T19:36:28","date_gmt":"2019-03-12T19:36:28","guid":{"rendered":"http:\/\/trenaferragens1.hospedagemdesites.ws\/?post_type=product&#038;p=6092"},"modified":"2024-01-21T13:22:55","modified_gmt":"2024-01-21T13:22:55","slug":"registro-esfera-passagem-plena-remadi","status":"publish","type":"product","link":"https:\/\/trenaferragens.com.br\/?product=registro-esfera-passagem-plena-remadi","title":{"rendered":"Registro Esfera Passagem Plena Remadi"},"content":{"rendered":"<p>Registro Esfera Passagem Plena Remadi<\/p>\n<p>REMADI<\/p>\n<p>A Remadi foi fundada em 2004, no munic\u00edpio de S\u00e3o Bernardo do Campo, Grande S\u00e3o Paulo, com o objetivo de importar e comercializar produtos que atendem a ind\u00fastria da constru\u00e7\u00e3o, a segmentos diversos da engenharia industrial, instala\u00e7\u00f5es hidr\u00e1ulicas e industriais, combate a inc\u00eandio e de seguran\u00e7a, entre outros.<br \/>\nMuitas empresas importam sem conhecer os pr\u00f3prios fornecedores e de que forma fabricam os seus produtos. A Remadi conhece os seus fornecedores e trabalham constantemente na busca da excel\u00eancia na qualidade de seus produtos e servi\u00e7os.<br \/>\nA empresa comercializa produtos de proced\u00eancia, como as v\u00e1lvulas esf\u00e9ricas de lat\u00e3o para \u00e1gua e g\u00e1s, torneiras esf\u00e9rica para jardim, registros de gaveta e reten\u00e7\u00e3o, duchas higi\u00eanicas, conex\u00f5es em ferro galvanizado male\u00e1vel, entre outros.<br \/>\nAtualmente a empresa distribui os seus produtos para as principais revendas hidr\u00e1ulicas, atacadistas de materiais para constru\u00e7\u00e3o, ind\u00fastrias, companhias de saneamento b\u00e1sico de todo Brasil entre outros clientes.<\/p>\n","protected":false},"excerpt":{"rendered":"<p>Registro Esfera Passagem Plena Remadi<\/p>\n<p>Op\u00e7\u00f5es para produto:<br \/>\nRegistro Esfera Passagem Plena Remadi 1\/2<br \/>\nRegistro Esfera Passagem Plena Remadi 3\/4<br \/>\nRegistro Esfera Passagem Plena Remadi 1<br \/>\nRegistro Esfera Passagem Plena Remadi 1.1\/4<br \/>\nRegistro Esfera Passagem Plena Remadi 1.1\/2<br \/>\nRegistro Esfera Passagem Plena Remadi 2<br \/>\nRegistro Esfera Passagem Plena Remadi 2.1\/2<\/p>\n","protected":false},"featured_media":6093,"comment_status":"open","ping_status":"closed","template":"","meta":[],"product_cat":[1097,168,1102],"product_tag":[2303,2304,2302],"_links":{"self":[{"href":"https:\/\/trenaferragens.com.br\/index.php?rest_route=\/wp\/v2\/product\/6092"}],"collection":[{"href":"https:\/\/trenaferragens.com.br\/index.php?rest_route=\/wp\/v2\/product"}],"about":[{"href":"https:\/\/trenaferragens.com.br\/index.php?rest_route=\/wp\/v2\/types\/product"}],"replies":[{"embeddable":true,"href":"https:\/\/trenaferragens.com.br\/index.php?rest_route=%2Fwp%2Fv2%2Fcomments&post=6092"}],"wp:featuredmedia":[{"embeddable":true,"href":"https:\/\/trenaferragens.com.br\/index.php?rest_route=\/wp\/v2\/media\/6093"}],"wp:attachment":[{"href":"https:\/\/trenaferragens.com.br\/index.php?rest_route=%2Fwp%2Fv2%2Fmedia&parent=6092"}],"wp:term":[{"taxonomy":"product_cat","embeddable":true,"href":"https:\/\/trenaferragens.com.br\/index.php?rest_route=%2Fwp%2Fv2%2Fproduct_cat&post=6092"},{"taxonomy":"product_tag","embeddable":true,"href":"https:\/\/trenaferragens.com.br\/index.php?rest_route=%2Fwp%2Fv2%2Fproduct_tag&post=6092"}],"curies":[{"name":"wp","href":"https:\/\/api.w.org\/{rel}","templated":true}]}}