{"id":6104,"date":"2019-03-12T20:33:06","date_gmt":"2019-03-12T20:33:06","guid":{"rendered":"http:\/\/trenaferragens1.hospedagemdesites.ws\/?post_type=product&#038;p=6104"},"modified":"2019-03-12T20:35:21","modified_gmt":"2019-03-12T20:35:21","slug":"mvs-p-torneira-deca-substitui-mod-4688-104-020106","status":"publish","type":"product","link":"https:\/\/trenaferragens.com.br\/?product=mvs-p-torneira-deca-substitui-mod-4688-104-020106","title":{"rendered":"MVS P\/Torneira Deca Substitui MOD.4688.104-020106"},"content":{"rendered":"<p>MVS P\/Torneira Deca Substitui MOD.4688.104-020106<\/p>\n<p>BLUKIT<\/p>\n<p>A Blukit iniciou suas atividades em 1989 na cidade de Blumenau, Santa Catarina, quando lan\u00e7ou no mercado um produto inovador e inusitado para a \u00e9poca batizando-o como Kit Conversor para Registros. Esse produto projetou a empresa por possibilitar o interc\u00e2mbio entre bases de registros e acabamentos das mais variadas marcas dispon\u00edveis no mercado, fato imposs\u00edvel at\u00e9 o seu surgimento.<\/p>\n<p>Com o sucesso do Kit Conversor foi poss\u00edvel o desenvolvimento de uma s\u00e9rie de outros produtos, sempre voltados \u00e0 solu\u00e7\u00e3o dos problemas de instala\u00e7\u00f5es hidr\u00e1ulicas, filosofia esta que a empresa adota at\u00e9 os dias de hoje, tornando-a especialista em Reparos para Registros e Torneiras, Conex\u00f5es, Tubos Extensivos e demais Acess\u00f3rios utilizados no segmento.<\/p>\n","protected":false},"excerpt":{"rendered":"<p>MVS P\/Torneira Deca Substitui MOD.4688.124-020107<\/p>\n<p>Descri\u00e7\u00e3o:<\/p>\n<p>O MVS Blukit \u00e9 a op\u00e7\u00e3o mais econ\u00f4mica na hora de resolver problemas hidr\u00e1ulicos em registros de press\u00e3o, torneiras, misturadores de bid\u00ea e lavat\u00f3rios. O reparo substitui o mecanismo original na mesma qualidade ou superior. Al\u00e9m de ser um produto exclusivo, disp\u00f5e de uma variedade de mais de 300 modelos.<\/p>\n<p>Refer\u00eancia\tMaterial\tEstria\tHaste\tModelo<br \/>\n020107\tLiga de Cobre, Pl\u00e1sticos de Engenharia e Elast\u00f4meros\tDeca e similares\tCromada\t1167, 1168, 1193, 1195, 1198, 1199, 1245, 1256 e 1257<\/p>\n","protected":false},"featured_media":6105,"comment_status":"open","ping_status":"closed","template":"","meta":[],"product_cat":[1191,1105],"product_tag":[2020,2312,2314],"_links":{"self":[{"href":"https:\/\/trenaferragens.com.br\/index.php?rest_route=\/wp\/v2\/product\/6104"}],"collection":[{"href":"https:\/\/trenaferragens.com.br\/index.php?rest_route=\/wp\/v2\/product"}],"about":[{"href":"https:\/\/trenaferragens.com.br\/index.php?rest_route=\/wp\/v2\/types\/product"}],"replies":[{"embeddable":true,"href":"https:\/\/trenaferragens.com.br\/index.php?rest_route=%2Fwp%2Fv2%2Fcomments&post=6104"}],"wp:featuredmedia":[{"embeddable":true,"href":"https:\/\/trenaferragens.com.br\/index.php?rest_route=\/wp\/v2\/media\/6105"}],"wp:attachment":[{"href":"https:\/\/trenaferragens.com.br\/index.php?rest_route=%2Fwp%2Fv2%2Fmedia&parent=6104"}],"wp:term":[{"taxonomy":"product_cat","embeddable":true,"href":"https:\/\/trenaferragens.com.br\/index.php?rest_route=%2Fwp%2Fv2%2Fproduct_cat&post=6104"},{"taxonomy":"product_tag","embeddable":true,"href":"https:\/\/trenaferragens.com.br\/index.php?rest_route=%2Fwp%2Fv2%2Fproduct_tag&post=6104"}],"curies":[{"name":"wp","href":"https:\/\/api.w.org\/{rel}","templated":true}]}}