{"id":6124,"date":"2019-03-13T18:53:10","date_gmt":"2019-03-13T18:53:10","guid":{"rendered":"http:\/\/trenaferragens1.hospedagemdesites.ws\/?post_type=product&#038;p=6124"},"modified":"2019-03-13T19:14:25","modified_gmt":"2019-03-13T19:14:25","slug":"pressurizador-lorenzetti-maxi-turbo","status":"publish","type":"product","link":"https:\/\/trenaferragens.com.br\/?product=pressurizador-lorenzetti-maxi-turbo","title":{"rendered":"Pressurizador Lorenzetti Maxi Turbo"},"content":{"rendered":"<p>Pressurizador Lorenzetti Maxi Turbo<\/p>\n<p>LORENZETTI<\/p>\n<p>Com 95 anos e trajet\u00f3ria marcada pela constante inova\u00e7\u00e3o, \u00e9tica e pioneirismo, a Lorenzetti \u00e9 l\u00edder no segmento de duchas, chuveiros, torneiras el\u00e9tricas e aquecedores de \u00e1gua a g\u00e1s. A empresa se destaca por colocar \u00e0 disposi\u00e7\u00e3o dos consumidores o que h\u00e1 de melhor em lou\u00e7as, assentos, metais e pl\u00e1sticos sanit\u00e1rios, purificadores de \u00e1gua e l\u00e2mpadas, refletores, pain\u00e9is e spots LED, fluorescentes compactas e de alta pot\u00eancia. Com quatro f\u00e1bricas no Brasil, sendo tr\u00eas unidades no Estado de S\u00e3o Paulo e uma em Minas Gerais, a Lorenzetti possui distribui\u00e7\u00e3o nacional e internacional. O objetivo \u00e9 oferecer produtos de qualidade e com design inovador, desenvolvidos com a mais alta tecnologia e consci\u00eancia ambiental.<\/p>\n","protected":false},"excerpt":{"rendered":"<p>Pressurizador Lorenzetti Maxi Turbo<\/p>\n<p>Maxi Turbo<\/p>\n<p>O pressurizador Maxi Turbo Lorenzetti \u00e9 uma solu\u00e7\u00e3o muito econ\u00f4mica para problemas de press\u00e3o e volume de \u00e1gua, principalmente para quem mora em casas t\u00e9rreas ou sobrados onde a press\u00e3o de \u00e1gua \u00e9 normalmente baixa.<\/p>\n<p>Versatilidade<br \/>\nPode ser utilizado em qualquer ducha ou chuveiro el\u00e9trico.<\/p>\n<p>Tecnologia Turbo Lorenzetti\u00a0<br \/>\nAumenta o volume e a press\u00e3o de \u00e1gua.<\/p>\n<p>Cano para Instala\u00e7\u00e3o\u00a0<br \/>\nAcompanha o produto cano para instala\u00e7\u00e3o da ducha ou chuveiro el\u00e9trico.<\/p>\n","protected":false},"featured_media":6125,"comment_status":"open","ping_status":"closed","template":"","meta":[],"product_cat":[168,1062],"product_tag":[2187,2321,2322],"_links":{"self":[{"href":"https:\/\/trenaferragens.com.br\/index.php?rest_route=\/wp\/v2\/product\/6124"}],"collection":[{"href":"https:\/\/trenaferragens.com.br\/index.php?rest_route=\/wp\/v2\/product"}],"about":[{"href":"https:\/\/trenaferragens.com.br\/index.php?rest_route=\/wp\/v2\/types\/product"}],"replies":[{"embeddable":true,"href":"https:\/\/trenaferragens.com.br\/index.php?rest_route=%2Fwp%2Fv2%2Fcomments&post=6124"}],"wp:featuredmedia":[{"embeddable":true,"href":"https:\/\/trenaferragens.com.br\/index.php?rest_route=\/wp\/v2\/media\/6125"}],"wp:attachment":[{"href":"https:\/\/trenaferragens.com.br\/index.php?rest_route=%2Fwp%2Fv2%2Fmedia&parent=6124"}],"wp:term":[{"taxonomy":"product_cat","embeddable":true,"href":"https:\/\/trenaferragens.com.br\/index.php?rest_route=%2Fwp%2Fv2%2Fproduct_cat&post=6124"},{"taxonomy":"product_tag","embeddable":true,"href":"https:\/\/trenaferragens.com.br\/index.php?rest_route=%2Fwp%2Fv2%2Fproduct_tag&post=6124"}],"curies":[{"name":"wp","href":"https:\/\/api.w.org\/{rel}","templated":true}]}}