{"id":6128,"date":"2019-03-13T19:26:15","date_gmt":"2019-03-13T19:26:15","guid":{"rendered":"http:\/\/trenaferragens1.hospedagemdesites.ws\/?post_type=product&#038;p=6128"},"modified":"2019-03-13T19:29:11","modified_gmt":"2019-03-13T19:29:11","slug":"pressurizador-pl-9-9mca","status":"publish","type":"product","link":"https:\/\/trenaferragens.com.br\/?product=pressurizador-pl-9-9mca","title":{"rendered":"Pressurizador PL 9 9MCA"},"content":{"rendered":"<p>Pressurizador PL 9 9MCA<\/p>\n<p>LORENZETTI<\/p>\n<p>Com 95 anos e trajet\u00f3ria marcada pela constante inova\u00e7\u00e3o, \u00e9tica e pioneirismo, a Lorenzetti \u00e9 l\u00edder no segmento de duchas, chuveiros, torneiras el\u00e9tricas e aquecedores de \u00e1gua a g\u00e1s. A empresa se destaca por colocar \u00e0 disposi\u00e7\u00e3o dos consumidores o que h\u00e1 de melhor em lou\u00e7as, assentos, metais e pl\u00e1sticos sanit\u00e1rios, purificadores de \u00e1gua e l\u00e2mpadas, refletores, pain\u00e9is e spots LED, fluorescentes compactas e de alta pot\u00eancia. Com quatro f\u00e1bricas no Brasil, sendo tr\u00eas unidades no Estado de S\u00e3o Paulo e uma em Minas Gerais, a Lorenzetti possui distribui\u00e7\u00e3o nacional e internacional. O objetivo \u00e9 oferecer produtos de qualidade e com design inovador, desenvolvidos com a mais alta tecnologia e consci\u00eancia ambiental.<\/p>\n","protected":false},"excerpt":{"rendered":"<p>Pressurizador PL 20 127V 20MCA<\/p>\n<p>PL 20 (mca)<\/p>\n<p>Pouca press\u00e3o de \u00e1gua \u00e9 muito frequente em casas t\u00e9rreas, sobrados e apartamentos de cobertura. Para proporcionar maior conforto e comodidade para quem sofre com este tipo de problema, conhe\u00e7a os pressurizadores Lorenzetti.<\/p>\n<p>Caracter\u00edsticas<\/p>\n<p>&#8211;\u00a0Pot\u00eancia M\u00e1xima 350W<br \/>\n&#8211;\u00a0Press\u00e3o M\u00e1xima 20 mca<\/p>\n<p>&#8211; Possui 3 n\u00edveis de pot\u00eancia<br \/>\n&#8211;\u00a0Motor resfriado a \u00e1gua<br \/>\n&#8211;\u00a0Baixo consumo de energia el\u00e9trica<br \/>\n&#8211;\u00a0Funcionamento manual ou autom\u00e1tico por fluxostato<br \/>\n&#8211;\u00a0F\u00e1cil instala\u00e7\u00e3o, manuten\u00e7\u00e3o pr\u00e1tica e econ\u00f4mica<br \/>\n&#8211;\u00a0Dur\u00e1vel &#8211; Material resistente a corros\u00e3o<br \/>\n&#8211;\u00a0Acompanha filtro retentor de part\u00edculas e suporte do produto<\/p>\n","protected":false},"featured_media":6129,"comment_status":"open","ping_status":"closed","template":"","meta":[],"product_cat":[168,1062],"product_tag":[2187,2321,2323],"_links":{"self":[{"href":"https:\/\/trenaferragens.com.br\/index.php?rest_route=\/wp\/v2\/product\/6128"}],"collection":[{"href":"https:\/\/trenaferragens.com.br\/index.php?rest_route=\/wp\/v2\/product"}],"about":[{"href":"https:\/\/trenaferragens.com.br\/index.php?rest_route=\/wp\/v2\/types\/product"}],"replies":[{"embeddable":true,"href":"https:\/\/trenaferragens.com.br\/index.php?rest_route=%2Fwp%2Fv2%2Fcomments&post=6128"}],"wp:featuredmedia":[{"embeddable":true,"href":"https:\/\/trenaferragens.com.br\/index.php?rest_route=\/wp\/v2\/media\/6129"}],"wp:attachment":[{"href":"https:\/\/trenaferragens.com.br\/index.php?rest_route=%2Fwp%2Fv2%2Fmedia&parent=6128"}],"wp:term":[{"taxonomy":"product_cat","embeddable":true,"href":"https:\/\/trenaferragens.com.br\/index.php?rest_route=%2Fwp%2Fv2%2Fproduct_cat&post=6128"},{"taxonomy":"product_tag","embeddable":true,"href":"https:\/\/trenaferragens.com.br\/index.php?rest_route=%2Fwp%2Fv2%2Fproduct_tag&post=6128"}],"curies":[{"name":"wp","href":"https:\/\/api.w.org\/{rel}","templated":true}]}}