{"id":6130,"date":"2019-03-13T19:30:06","date_gmt":"2019-03-13T19:30:06","guid":{"rendered":"http:\/\/trenaferragens1.hospedagemdesites.ws\/?post_type=product&#038;p=6130"},"modified":"2019-03-13T19:34:14","modified_gmt":"2019-03-13T19:34:14","slug":"purificador-de-agua-lorenzetti-gioviale","status":"publish","type":"product","link":"https:\/\/trenaferragens.com.br\/?product=purificador-de-agua-lorenzetti-gioviale","title":{"rendered":"Purificador de \u00c1gua Lorenzetti Gioviale"},"content":{"rendered":"<p>Purificador de \u00c1gua Lorenzetti Gioviale<\/p>\n<p>LORENZETTI<\/p>\n<p>Com 95 anos e trajet\u00f3ria marcada pela constante inova\u00e7\u00e3o, \u00e9tica e pioneirismo, a Lorenzetti \u00e9 l\u00edder no segmento de duchas, chuveiros, torneiras el\u00e9tricas e aquecedores de \u00e1gua a g\u00e1s. A empresa se destaca por colocar \u00e0 disposi\u00e7\u00e3o dos consumidores o que h\u00e1 de melhor em lou\u00e7as, assentos, metais e pl\u00e1sticos sanit\u00e1rios, purificadores de \u00e1gua e l\u00e2mpadas, refletores, pain\u00e9is e spots LED, fluorescentes compactas e de alta pot\u00eancia. Com quatro f\u00e1bricas no Brasil, sendo tr\u00eas unidades no Estado de S\u00e3o Paulo e uma em Minas Gerais, a Lorenzetti possui distribui\u00e7\u00e3o nacional e internacional. O objetivo \u00e9 oferecer produtos de qualidade e com design inovador, desenvolvidos com a mais alta tecnologia e consci\u00eancia ambiental.<\/p>\n","protected":false},"excerpt":{"rendered":"<p>Purificador de \u00c1gua Lorenzetti Gioviale<\/p>\n<p>Gioviale<\/p>\n<p>O Purificador de \u00c1gua Gioviale nasceu da necessidade de otimizar espa\u00e7os, sem esquecer de um toque de modernidade e jovialidade que seu design proporciona.<\/p>\n<p>Ideal para fam\u00edlias menores, com m\u00e9dia de 4 mil litros de consumo de \u00e1gua.<\/p>\n<p>Registro 1\/4 de volta\u00a0<br \/>\nCom pastilhas cer\u00e2micas. Maior facilidade no uso.<\/p>\n<p>Porta-copo<br \/>\nEmbutido.<\/p>\n<p>Troca do Refil\u00a0<br \/>\nA troca do refil \u00e9 recomendada ap\u00f3s 4.000 litros de \u00e1gua consumida ou 1 ano em m\u00e9dia de uso, n\u00e3o havendo necessidade do uso de ferramentas ou da presen\u00e7a de um t\u00e9cnico.<\/p>\n<p>O produto vem com um im\u00e3 de geladeira para anotar a data da pr\u00f3xima troca do refil. Garantindo assim, sempre uma \u00e1gua saud\u00e1vel para voc\u00ea e sua fam\u00edlia.<\/p>\n","protected":false},"featured_media":6131,"comment_status":"open","ping_status":"closed","template":"","meta":[],"product_cat":[1034,1035,1192],"product_tag":[2187,2324,2325],"_links":{"self":[{"href":"https:\/\/trenaferragens.com.br\/index.php?rest_route=\/wp\/v2\/product\/6130"}],"collection":[{"href":"https:\/\/trenaferragens.com.br\/index.php?rest_route=\/wp\/v2\/product"}],"about":[{"href":"https:\/\/trenaferragens.com.br\/index.php?rest_route=\/wp\/v2\/types\/product"}],"replies":[{"embeddable":true,"href":"https:\/\/trenaferragens.com.br\/index.php?rest_route=%2Fwp%2Fv2%2Fcomments&post=6130"}],"wp:featuredmedia":[{"embeddable":true,"href":"https:\/\/trenaferragens.com.br\/index.php?rest_route=\/wp\/v2\/media\/6131"}],"wp:attachment":[{"href":"https:\/\/trenaferragens.com.br\/index.php?rest_route=%2Fwp%2Fv2%2Fmedia&parent=6130"}],"wp:term":[{"taxonomy":"product_cat","embeddable":true,"href":"https:\/\/trenaferragens.com.br\/index.php?rest_route=%2Fwp%2Fv2%2Fproduct_cat&post=6130"},{"taxonomy":"product_tag","embeddable":true,"href":"https:\/\/trenaferragens.com.br\/index.php?rest_route=%2Fwp%2Fv2%2Fproduct_tag&post=6130"}],"curies":[{"name":"wp","href":"https:\/\/api.w.org\/{rel}","templated":true}]}}