{"id":6134,"date":"2019-03-13T19:37:52","date_gmt":"2019-03-13T19:37:52","guid":{"rendered":"http:\/\/trenaferragens1.hospedagemdesites.ws\/?post_type=product&#038;p=6134"},"modified":"2019-03-13T19:41:20","modified_gmt":"2019-03-13T19:41:20","slug":"purificador-de-agua-lorenzetti-vitale","status":"publish","type":"product","link":"https:\/\/trenaferragens.com.br\/?product=purificador-de-agua-lorenzetti-vitale","title":{"rendered":"Purificador de \u00c1gua Lorenzetti Vitale"},"content":{"rendered":"<p>Purificador de \u00c1gua Lorenzetti Vitale<\/p>\n<p>LORENZETTI<\/p>\n<p>Com 95 anos e trajet\u00f3ria marcada pela constante inova\u00e7\u00e3o, \u00e9tica e pioneirismo, a Lorenzetti \u00e9 l\u00edder no segmento de duchas, chuveiros, torneiras el\u00e9tricas e aquecedores de \u00e1gua a g\u00e1s. A empresa se destaca por colocar \u00e0 disposi\u00e7\u00e3o dos consumidores o que h\u00e1 de melhor em lou\u00e7as, assentos, metais e pl\u00e1sticos sanit\u00e1rios, purificadores de \u00e1gua e l\u00e2mpadas, refletores, pain\u00e9is e spots LED, fluorescentes compactas e de alta pot\u00eancia. Com quatro f\u00e1bricas no Brasil, sendo tr\u00eas unidades no Estado de S\u00e3o Paulo e uma em Minas Gerais, a Lorenzetti possui distribui\u00e7\u00e3o nacional e internacional. O objetivo \u00e9 oferecer produtos de qualidade e com design inovador, desenvolvidos com a mais alta tecnologia e consci\u00eancia ambiental.<\/p>\n","protected":false},"excerpt":{"rendered":"<p>Purificador de \u00c1gua Lorenzetti Vitale<\/p>\n<p>Vitale<\/p>\n<p>O purificador de \u00e1gua Vitale \u00e9 compacto e com design arrojado. Funcional ele acompanha uma base que permite a instala\u00e7\u00e3o sobre a pia ou na parede.<\/p>\n<p>Bica M\u00f3vel\u00a0<br \/>\nMaior \u00e1rea de alcance<\/p>\n<p>\u00c1gua Purificada<br \/>\nPura e cristalina, sem gostos ruins e odores desagrad\u00e1veis<\/p>\n<p>Base para pia &#8211; acompanha o produto<br \/>\nVoc\u00ea escolhe como instalar o produto, na parede ou sobre a pia.<\/p>\n<p>Troca do Refil<br \/>\nA troca do refil \u00e9 recomendada ap\u00f3s 1.000 litros de \u00e1gua consumida ou 6 meses em m\u00e9dia de uso, n\u00e3o havendo necessidade do uso de ferramentas ou da presen\u00e7a de um t\u00e9cnico.<\/p>\n","protected":false},"featured_media":6135,"comment_status":"open","ping_status":"closed","template":"","meta":[],"product_cat":[1034,1035,1192],"product_tag":[2187,2324,2326],"_links":{"self":[{"href":"https:\/\/trenaferragens.com.br\/index.php?rest_route=\/wp\/v2\/product\/6134"}],"collection":[{"href":"https:\/\/trenaferragens.com.br\/index.php?rest_route=\/wp\/v2\/product"}],"about":[{"href":"https:\/\/trenaferragens.com.br\/index.php?rest_route=\/wp\/v2\/types\/product"}],"replies":[{"embeddable":true,"href":"https:\/\/trenaferragens.com.br\/index.php?rest_route=%2Fwp%2Fv2%2Fcomments&post=6134"}],"wp:featuredmedia":[{"embeddable":true,"href":"https:\/\/trenaferragens.com.br\/index.php?rest_route=\/wp\/v2\/media\/6135"}],"wp:attachment":[{"href":"https:\/\/trenaferragens.com.br\/index.php?rest_route=%2Fwp%2Fv2%2Fmedia&parent=6134"}],"wp:term":[{"taxonomy":"product_cat","embeddable":true,"href":"https:\/\/trenaferragens.com.br\/index.php?rest_route=%2Fwp%2Fv2%2Fproduct_cat&post=6134"},{"taxonomy":"product_tag","embeddable":true,"href":"https:\/\/trenaferragens.com.br\/index.php?rest_route=%2Fwp%2Fv2%2Fproduct_tag&post=6134"}],"curies":[{"name":"wp","href":"https:\/\/api.w.org\/{rel}","templated":true}]}}