{"id":6161,"date":"2019-03-15T18:05:57","date_gmt":"2019-03-15T18:05:57","guid":{"rendered":"http:\/\/trenaferragens1.hospedagemdesites.ws\/?post_type=product&#038;p=6161"},"modified":"2021-08-19T20:15:30","modified_gmt":"2021-08-19T20:15:30","slug":"mangueira-saida-de-maquina-brastemp-mantac","status":"publish","type":"product","link":"https:\/\/trenaferragens.com.br\/?product=mangueira-saida-de-maquina-brastemp-mantac","title":{"rendered":"Mangueira Sa\u00edda de M\u00e1quina (BRASTEMP) Mantac"},"content":{"rendered":"<div class=\"grid-100\">\n<div>Mangueira Sa\u00edda de M\u00e1quina (BRASTEMP) Mantac<\/div>\n<div><\/div>\n<div class=\"titPg\">MANTAC<\/div>\n<\/div>\n<div>\n<div class=\"grid-50\">\n<div class=\"textoLongo\">\n<p>A Mantac \u00e9 uma f\u00e1brica especializada em mangueiras e tubos especiais, que atende todo o Brasil e tamb\u00e9m abastece o mercado sul-americano. Com sua sede em Joinville\/SC, a empresa iniciou suas atividades em 1999, mas em 2001 passou a desenvolver e construir suas pr\u00f3prias m\u00e1quinas, ferramentas e produtos, cravando de vez sua inser\u00e7\u00e3o no ramo pl\u00e1stico. A Mantac desenvolve produtos no mercado de mangueiras em PVC, acess\u00f3rios, conex\u00f5es e tubos polietileno e poliuretano.<\/p>\n<p>Atualmente a empresa possui 3 f\u00e1bricas que totalizam 12 mil m\u00b2. S\u00e3o duas em Joinville e uma em Governador Mangabeira, na Bahia. Seu corpo administrativo e produtivo possui vasta experi\u00eancia no segmento pl\u00e1stico, aptos sempre a desenvolver produtos de qualidade de acordo com a necessidade do mercado. A Mantac conquistou certificado de qualidade ISO 9001 e segue as recomenda\u00e7\u00f5es ambientais da ISO 14000, na qual tudo \u00e9 tratado sem contaminar o meio ambiente. Com isso, a empresa consegue oferecer um produto de qualidade aos seus clientes e, estes, t\u00eam a certeza que os materiais s\u00e3o produzidos sob uma forte pol\u00edtica de responsabilidade ambiental.<\/p>\n<p>A Mantac Mangueiras oferece, ainda, uma completa linha para jardinagem, uso odontol\u00f3gico, hospitalar, agr\u00edcola, industrial e para constru\u00e7\u00e3o civil. S\u00e3o produtos com maior resist\u00eancia e flexibilidade, que chegam rapidamente ao seu destino final, pois a Mantac trabalha com uma log\u00edstica diferenciada e frota pr\u00f3pria com mais sete transportadoras. Al\u00e9m disso, a empresa possui uma completa equipe de representantes espalhados por todo o territ\u00f3rio brasileiro. Procure hoje mesmo os produtos Mantac, \u00e9 mais qualidade e tecnologia para o que voc\u00ea precisar.<\/p>\n<\/div>\n<\/div>\n<\/div>\n","protected":false},"excerpt":{"rendered":"<p>Mangueira Sa\u00edda de M\u00e1quina (BRASTEMP) Mantac<\/p>\n<p>Op\u00e7\u00f5es Dispon\u00edvel:<\/p>\n<p>Mangueira Sa\u00edda de M\u00e1quina (BRASTEMP) Mantac &#8211; 1.30MT<\/p>\n<p>APLICA\u00c7\u00c3O:<\/p>\n<p>Usada para ligar as \u00e1guas que saem das m\u00e1quinas de lavar e tanquinhos aos tanques ou ralos.<\/p>\n<p>MAT\u00c9RIA PRIMA:<\/p>\n<p>PE ou PP.<\/p>\n","protected":false},"featured_media":6162,"comment_status":"open","ping_status":"closed","template":"","meta":[],"product_cat":[1097,1094,168],"product_tag":[2341,2340],"_links":{"self":[{"href":"https:\/\/trenaferragens.com.br\/index.php?rest_route=\/wp\/v2\/product\/6161"}],"collection":[{"href":"https:\/\/trenaferragens.com.br\/index.php?rest_route=\/wp\/v2\/product"}],"about":[{"href":"https:\/\/trenaferragens.com.br\/index.php?rest_route=\/wp\/v2\/types\/product"}],"replies":[{"embeddable":true,"href":"https:\/\/trenaferragens.com.br\/index.php?rest_route=%2Fwp%2Fv2%2Fcomments&post=6161"}],"wp:featuredmedia":[{"embeddable":true,"href":"https:\/\/trenaferragens.com.br\/index.php?rest_route=\/wp\/v2\/media\/6162"}],"wp:attachment":[{"href":"https:\/\/trenaferragens.com.br\/index.php?rest_route=%2Fwp%2Fv2%2Fmedia&parent=6161"}],"wp:term":[{"taxonomy":"product_cat","embeddable":true,"href":"https:\/\/trenaferragens.com.br\/index.php?rest_route=%2Fwp%2Fv2%2Fproduct_cat&post=6161"},{"taxonomy":"product_tag","embeddable":true,"href":"https:\/\/trenaferragens.com.br\/index.php?rest_route=%2Fwp%2Fv2%2Fproduct_tag&post=6161"}],"curies":[{"name":"wp","href":"https:\/\/api.w.org\/{rel}","templated":true}]}}