{"id":6165,"date":"2019-03-15T18:48:16","date_gmt":"2019-03-15T18:48:16","guid":{"rendered":"http:\/\/trenaferragens1.hospedagemdesites.ws\/?post_type=product&#038;p=6165"},"modified":"2019-03-15T18:51:08","modified_gmt":"2019-03-15T18:51:08","slug":"disco-diamantado-segmentado-olimplus-bomcorte-r-8326","status":"publish","type":"product","link":"https:\/\/trenaferragens.com.br\/?product=disco-diamantado-segmentado-olimplus-bomcorte-r-8326","title":{"rendered":"Disco Diamantado Segmentado Olimplus BOMCORTE R.8326"},"content":{"rendered":"<p>Disco Diamantado Segmentado Olimplus BOMCORTE R.8326<\/p>\n<p>BOMCORTE<br \/>\nSomos uma empresa nacional especializada em ferramentas de corte para todos os segmentos. Contamos com modernos equipamentos e uma equipe t\u00e9cnica altamente qualificada. Trabalhamos com representantes em todo o Brasil preparados para prestar o melhor atendimento a voc\u00ea nosso cliente. Oferecemos produtos com a mais alta qualidade e com \u00f3timos pre\u00e7os. Entre em contato conosco, estamos a disposi\u00e7\u00e3o para atend\u00ea-los.<\/p>\n","protected":false},"excerpt":{"rendered":"<p>Disco Diamantado Segmentado Olimplus BOMCORTE R.8326<\/p>\n","protected":false},"featured_media":6166,"comment_status":"open","ping_status":"closed","template":"","meta":[],"product_cat":[1019],"product_tag":[2342,2105,2345,2343],"_links":{"self":[{"href":"https:\/\/trenaferragens.com.br\/index.php?rest_route=\/wp\/v2\/product\/6165"}],"collection":[{"href":"https:\/\/trenaferragens.com.br\/index.php?rest_route=\/wp\/v2\/product"}],"about":[{"href":"https:\/\/trenaferragens.com.br\/index.php?rest_route=\/wp\/v2\/types\/product"}],"replies":[{"embeddable":true,"href":"https:\/\/trenaferragens.com.br\/index.php?rest_route=%2Fwp%2Fv2%2Fcomments&post=6165"}],"wp:featuredmedia":[{"embeddable":true,"href":"https:\/\/trenaferragens.com.br\/index.php?rest_route=\/wp\/v2\/media\/6166"}],"wp:attachment":[{"href":"https:\/\/trenaferragens.com.br\/index.php?rest_route=%2Fwp%2Fv2%2Fmedia&parent=6165"}],"wp:term":[{"taxonomy":"product_cat","embeddable":true,"href":"https:\/\/trenaferragens.com.br\/index.php?rest_route=%2Fwp%2Fv2%2Fproduct_cat&post=6165"},{"taxonomy":"product_tag","embeddable":true,"href":"https:\/\/trenaferragens.com.br\/index.php?rest_route=%2Fwp%2Fv2%2Fproduct_tag&post=6165"}],"curies":[{"name":"wp","href":"https:\/\/api.w.org\/{rel}","templated":true}]}}