{"id":6197,"date":"2019-03-18T13:58:02","date_gmt":"2019-03-18T13:58:02","guid":{"rendered":"http:\/\/trenaferragens1.hospedagemdesites.ws\/?post_type=product&#038;p=6197"},"modified":"2019-03-18T14:06:08","modified_gmt":"2019-03-18T14:06:08","slug":"kit-caixa-acoplada-lateral-universal","status":"publish","type":"product","link":"https:\/\/trenaferragens.com.br\/?product=kit-caixa-acoplada-lateral-universal","title":{"rendered":"Kit Caixa Acoplada Lateral Universal"},"content":{"rendered":"<p>Kit Caixa Acoplada Lateral Universal<\/p>\n<p>BLUKIT<\/p>\n<p>A Blukit iniciou suas atividades em 1989 na cidade de Blumenau, Santa Catarina, quando lan\u00e7ou no mercado um produto inovador e inusitado para a \u00e9poca batizando-o como Kit Conversor para Registros. Esse produto projetou a empresa por possibilitar o interc\u00e2mbio entre bases de registros e acabamentos das mais variadas marcas dispon\u00edveis no mercado, fato imposs\u00edvel at\u00e9 o seu surgimento.<\/p>\n<p>Com o sucesso do Kit Conversor foi poss\u00edvel o desenvolvimento de uma s\u00e9rie de outros produtos, sempre voltados \u00e0 solu\u00e7\u00e3o dos problemas de instala\u00e7\u00f5es hidr\u00e1ulicas, filosofia esta que a empresa adota at\u00e9 os dias de hoje, tornando-a especialista em Reparos para Registros e Torneiras, Conex\u00f5es, Tubos Extensivos e demais Acess\u00f3rios utilizados no segmento.<\/p>\n","protected":false},"excerpt":{"rendered":"<p>Kit Caixa Acoplada Lateral Universal<\/p>\n<p>Descri\u00e7\u00e3o:<\/p>\n<p>O Kit Completo para Caixa Acoplada \u00e9 instalado dentro da caixa acoplada e \u00e9 composto pelo Mecanismo de Entrada, que tem a finalidade de controlar o fluxo de entrada de \u00e1gua para dentro da caixa acoplada; o Mecanismo de Sa\u00edda que tem a finalidade de controlar o fluxo de \u00e1gua para dentro do vaso sanit\u00e1rio; o Kit Completo para Veda\u00e7\u00e3o e Fixa\u00e7\u00e3o que tem a finalidade de vedar e fixar a caixa acoplada no vaso sanit\u00e1rio e o Acionador que tem a finalidade de acionar todo o sistema. O Kit Completo para Caixa Acoplada \u00e9 aprovado nos testes de qualidade que asseguram sua veda\u00e7\u00e3o, funcionamento e resist\u00eancia. Adquirir produtos Blukit \u00e9 certeza de adquirir um produto de qualidade.<\/p>\n<p>Refer\u00eancia\tMaterial\tAcabamento\tObserva\u00e7\u00e3o<br \/>\n340216\tPl\u00e1sticos de engenharia e elast\u00f4meros\tAcionador Branco\tAcompanha veda\u00e7\u00e3o, kit para fixa\u00e7\u00e3o, mecanismo de entrada e sa\u00edda<br \/>\n340286\tPl\u00e1sticos de engenharia e elast\u00f4meros\tAcionador\u00a0Cromado\tAcompanha veda\u00e7\u00e3o, kit para fixa\u00e7\u00e3o, mecanismo de entrada e sa\u00edda<\/p>\n","protected":false},"featured_media":6198,"comment_status":"open","ping_status":"closed","template":"","meta":[],"product_cat":[1097,168],"product_tag":[2020,2361],"_links":{"self":[{"href":"https:\/\/trenaferragens.com.br\/index.php?rest_route=\/wp\/v2\/product\/6197"}],"collection":[{"href":"https:\/\/trenaferragens.com.br\/index.php?rest_route=\/wp\/v2\/product"}],"about":[{"href":"https:\/\/trenaferragens.com.br\/index.php?rest_route=\/wp\/v2\/types\/product"}],"replies":[{"embeddable":true,"href":"https:\/\/trenaferragens.com.br\/index.php?rest_route=%2Fwp%2Fv2%2Fcomments&post=6197"}],"wp:featuredmedia":[{"embeddable":true,"href":"https:\/\/trenaferragens.com.br\/index.php?rest_route=\/wp\/v2\/media\/6198"}],"wp:attachment":[{"href":"https:\/\/trenaferragens.com.br\/index.php?rest_route=%2Fwp%2Fv2%2Fmedia&parent=6197"}],"wp:term":[{"taxonomy":"product_cat","embeddable":true,"href":"https:\/\/trenaferragens.com.br\/index.php?rest_route=%2Fwp%2Fv2%2Fproduct_cat&post=6197"},{"taxonomy":"product_tag","embeddable":true,"href":"https:\/\/trenaferragens.com.br\/index.php?rest_route=%2Fwp%2Fv2%2Fproduct_tag&post=6197"}],"curies":[{"name":"wp","href":"https:\/\/api.w.org\/{rel}","templated":true}]}}